{"id":154168,"date":"2021-01-15T14:23:52","date_gmt":"2021-01-15T14:23:52","guid":{"rendered":"https:\/\/codengine3.ch\/?product=import-placeholder-for-208029"},"modified":"2023-04-25T15:24:16","modified_gmt":"2023-04-25T13:24:16","slug":"arrampicare-in-valle-camonica-e-dintorni","status":"publish","type":"product","link":"https:\/\/pizbube.ch\/en\/shop\/arrampicare-in-valle-camonica-e-dintorni\/","title":{"rendered":"Arrampicare in Valle Camonica e dintorni &#8211; Climbing in and around the Camonica Valley"},"content":{"rendered":"<p>Vera e autentica perla, la Valle Camonica rappresenta per l\u2019amante della<br \/>\nmontagna una grande opportunit\u00e0 di attivit\u00e0 alpinistiche ed escursionistiche.<\/p>\n<p>Ma non molti sanno della sua potenzialit\u00e0 riguardo l\u2019arrampicata. La valle \u00e8<br \/>\ninfatti cosparsa di falesie in tutta la sua lunga estensione, tutte di<br \/>\nimpareggiabile bellezza.<\/p>\n<p>Pagine: 448<\/p>\n<p>Climbing in and around the Camonica Valley<br \/>\nPhototopo guidebook for the region north of Brescia in northern Italy.<\/p>","protected":false},"excerpt":{"rendered":"<p>Vera e autentica perla, la Valle Camonica rappresenta per l\u2019amante della montagna una grande opportunit\u00e0 di attivit\u00e0 alpinistiche ed escursionistiche. Ma non molti sanno della sua potenzialit\u00e0 riguardo l\u2019arrampicata. La valle \u00e8 infatti cosparsa di falesie in tutta la sua lunga estensione, tutte di impareggiabile bellezza. Pagine: 448 Climbing in and around the Camonica Valley [&#8230;]\n","protected":false},"featured_media":163891,"template":"","meta":[],"product_brand":[],"product_cat":[21539],"product_tag":[],"class_list":{"0":"post-154168","1":"product","2":"type-product","3":"status-publish","4":"has-post-thumbnail","6":"product_cat-fuehrerliteratur-sportklettern-bouldern","7":"pa_autor-graffiti-climbers","8":"pa_sprache-it-en","10":"first","11":"instock","12":"taxable","13":"shipping-taxable","14":"purchasable","15":"product-type-simple"},"_links":{"self":[{"href":"https:\/\/pizbube.ch\/en\/wp-json\/wp\/v2\/product\/154168","targetHints":{"allow":["GET"]}}],"collection":[{"href":"https:\/\/pizbube.ch\/en\/wp-json\/wp\/v2\/product"}],"about":[{"href":"https:\/\/pizbube.ch\/en\/wp-json\/wp\/v2\/types\/product"}],"wp:featuredmedia":[{"embeddable":true,"href":"https:\/\/pizbube.ch\/en\/wp-json\/wp\/v2\/media\/163891"}],"wp:attachment":[{"href":"https:\/\/pizbube.ch\/en\/wp-json\/wp\/v2\/media?parent=154168"}],"wp:term":[{"taxonomy":"product_brand","embeddable":true,"href":"https:\/\/pizbube.ch\/en\/wp-json\/wp\/v2\/product_brand?post=154168"},{"taxonomy":"product_cat","embeddable":true,"href":"https:\/\/pizbube.ch\/en\/wp-json\/wp\/v2\/product_cat?post=154168"},{"taxonomy":"product_tag","embeddable":true,"href":"https:\/\/pizbube.ch\/en\/wp-json\/wp\/v2\/product_tag?post=154168"}],"curies":[{"name":"wp","href":"https:\/\/api.w.org\/{rel}","templated":true}]}}