{"id":154181,"date":"2021-01-15T14:24:01","date_gmt":"2021-01-15T14:24:01","guid":{"rendered":"https:\/\/codengine3.ch\/?product=import-placeholder-for-207854"},"modified":"2024-02-20T10:53:35","modified_gmt":"2024-02-20T09:53:35","slug":"ski-de-randonnee-vallee-daoste","status":"publish","type":"product","link":"https:\/\/pizbube.ch\/en\/shop\/ski-de-randonnee-vallee-daoste\/","title":{"rendered":"Ski de randonn\u00e9e: Vall\u00e9e d\u00b4Aoste"},"content":{"rendered":"<p>109 itin\u00e9raires de ski de randonn\u00e9e et 6 raids<\/p>\n<p>Avec 109 itin\u00e9raires d\u00e9crits en d\u00e9tail, ce guide offre un grand choix de<br \/>\nrandonn\u00e9es \u00e0 ski, couvrant les principales vall\u00e9es de la r\u00e9gion dont chacune<br \/>\nposs\u00e8de sa personnalit\u00e9 et son charme original.<\/p>\n<p>Chaque course, dont l\u2019acc\u00e8s routier est pr\u00e9cis\u00e9 selon la cartographie la plus<br \/>\nr\u00e9cente du Val d\u2019Aoste, compatible avec les coordonn\u00e9es GPS, est accompagn\u00e9<br \/>\nd\u2019un croquis. Le niveau de difficult\u00e9, allant de la course d\u2019initiation \u00e0<br \/>\nl\u2019itin\u00e9raire r\u00e9serv\u00e9 au skieur-alpiniste exp\u00e9riment\u00e9, est toujours pr\u00e9cis\u00e9<br \/>\nselon la cotation en usage dans cette collection.<\/p>\n<p>L\u2019\u00e9chelle des difficult\u00e9s, les caract\u00e9ristiques m\u00e9t\u00e9orologiques et<br \/>\nnivologiques de la r\u00e9gion, ainsi que la liste des itin\u00e9raires sont pr\u00e9sent\u00e9s<br \/>\nen d\u00e9but d\u2019ouvrage, afin de permettre au randonneur de faire le bon choix.<br \/>\nPour compl\u00e9ter ce guide, six travers\u00e9es \u00e0 ski, incomparables dans ces massifs<br \/>\ng\u00e9n\u00e9ralement tr\u00e8s bien enneig\u00e9s, sont pr\u00e9sent\u00e9es ici sous forme de raids.<br \/>\nBri\u00e8vement d\u00e9crites, elles mettent en valeur les espaces de haute montagne<br \/>\ndomin\u00e9s par le Mont Rose, le Cervin, le Grand Combin ou le Grand Paradis.<\/p>\n<p>Les limites g\u00e9ographiques de cet ouvrage sont celles de la R\u00e9gion autonome de<br \/>\nla Vall\u00e9e d\u2019Aoste. Ceintur\u00e9e par trois grands massifs \u2013 le Mont Rose, le Mont<br \/>\nBlanc et le Grand Paradis, qui d\u00e9passent tous les quatre mille m\u00e8tres \u2013 cette<br \/>\nr\u00e9gion est creus\u00e9e de douze profondes vall\u00e9es ; elles constituent un domaine<br \/>\nde pr\u00e9dilection pour le randonneur hivernal.<\/p>\n<p>Quant \u00e0 celle ou celui qui recherche son nirvana dans l\u2019altitude ou la<br \/>\ndifficult\u00e9, nul doute de pouvoir l\u2019approcher sur les pentes du Lyskamm, du<br \/>\nMont V\u00e9lan, ou de la Grande Traversi\u00e8re aux confins de la Vanoise fran\u00e7aise !<br \/>\nCe nouveau guide, le seul \u00e0 ce jour r\u00e9dig\u00e9 en fran\u00e7ais sur le ski de randonn\u00e9e<br \/>\ndans la Vall\u00e9e d\u2019Aoste, compl\u00e8te une collection qui couvre d\u00e9sormais la<br \/>\npresque totalit\u00e9 des Alpes occidentales, du Haut Valais \u00e0 la M\u00e9diterran\u00e9e.<\/p>\n<p>L\u2019auteur : Philippe ERTLEN est passionn\u00e9 par le ski-alpinisme et grand<br \/>\namoureux des espaces sauvages et de haute montagne. Fin connaisseur de l\u2019Arc<br \/>\nalpin, il propose dans cet ouvrage les itin\u00e9raires de l\u00e9gende r\u00e9serv\u00e9s aux<br \/>\nplus aguerris, mais invite aussi le skieur sur des pentes plus secr\u00e8tes,<br \/>\nin\u00e9dites, ou facilement accessibles.<\/p>","protected":false},"excerpt":{"rendered":"<p>109 itin\u00e9raires de ski de randonn\u00e9e et 6 raids Avec 109 itin\u00e9raires d\u00e9crits en d\u00e9tail, ce guide offre un grand choix de randonn\u00e9es \u00e0 ski, couvrant les principales vall\u00e9es de la r\u00e9gion dont chacune poss\u00e8de sa personnalit\u00e9 et son charme original. Chaque course, dont l\u2019acc\u00e8s routier est pr\u00e9cis\u00e9 selon la cartographie la plus r\u00e9cente du [&#8230;]\n","protected":false},"featured_media":171684,"template":"","meta":[],"product_brand":[],"product_cat":[21540],"product_tag":[27138,27198,27137,27199],"class_list":{"0":"post-154181","1":"product","2":"type-product","3":"status-publish","4":"has-post-thumbnail","6":"product_cat-fuehrerliteratur-alpin-winter","7":"product_tag-aostatal","8":"product_tag-gran-paradiso","9":"product_tag-valle-daosta","10":"product_tag-vallee-daoste","11":"pa_autor-ertlen","12":"pa_erscheinungsjahr-21546","13":"pa_region-italien","14":"pa_sprache-fr","16":"first","17":"instock","18":"taxable","19":"shipping-taxable","20":"purchasable","21":"product-type-simple"},"_links":{"self":[{"href":"https:\/\/pizbube.ch\/en\/wp-json\/wp\/v2\/product\/154181","targetHints":{"allow":["GET"]}}],"collection":[{"href":"https:\/\/pizbube.ch\/en\/wp-json\/wp\/v2\/product"}],"about":[{"href":"https:\/\/pizbube.ch\/en\/wp-json\/wp\/v2\/types\/product"}],"wp:featuredmedia":[{"embeddable":true,"href":"https:\/\/pizbube.ch\/en\/wp-json\/wp\/v2\/media\/171684"}],"wp:attachment":[{"href":"https:\/\/pizbube.ch\/en\/wp-json\/wp\/v2\/media?parent=154181"}],"wp:term":[{"taxonomy":"product_brand","embeddable":true,"href":"https:\/\/pizbube.ch\/en\/wp-json\/wp\/v2\/product_brand?post=154181"},{"taxonomy":"product_cat","embeddable":true,"href":"https:\/\/pizbube.ch\/en\/wp-json\/wp\/v2\/product_cat?post=154181"},{"taxonomy":"product_tag","embeddable":true,"href":"https:\/\/pizbube.ch\/en\/wp-json\/wp\/v2\/product_tag?post=154181"}],"curies":[{"name":"wp","href":"https:\/\/api.w.org\/{rel}","templated":true}]}}