{"id":154185,"date":"2021-01-15T14:24:11","date_gmt":"2021-01-15T14:24:11","guid":{"rendered":"https:\/\/codengine3.ch\/?product=import-placeholder-for-207489"},"modified":"2021-01-15T16:03:50","modified_gmt":"2021-01-15T16:03:50","slug":"chamonix-libere","status":"publish","type":"product","link":"https:\/\/pizbube.ch\/en\/shop\/chamonix-libere\/","title":{"rendered":"CHAMONIX LIB\u00c9R\u00c9"},"content":{"rendered":"<p>L\u2019histoire de Chamonix de 1944 \u00e0 1959 \u00e0 travers le regard du journaliste-<br \/>\nphotographe<\/p>\n<p>Entre 1944 et 1959, Chamonix ouvre une nouvelle page de son histoire, dense,<br \/>\nd\u00e9terminante, et se r\u00e9invente \u00ab capitale mondiale de l\u2019alpinisme et du ski \u00bb.<br \/>\nLe 17 ao\u00fbt 1944, il y a exactement 70 ans, la Lib\u00e9ration chasse l\u2019occupant.<br \/>\nD\u00e8s 1945, les \u00e9nergies se lib\u00e8rent ! Apr\u00e8s la p\u00e9nurie, la modernit\u00e9 s\u2019empare<br \/>\nde la vie quotidienne et alpine. L\u2019agriculture d\u00e9cline tandis que se d\u00e9ploie<br \/>\nla \u00ab route blanche \u00bb du tourisme roi.<\/p>\n<p>Guides et \u00ab sans guide \u00bb rivalisent dans les faces nord du 6e degr\u00e9, explorent<br \/>\net conqui\u00e8rent l\u2019Himalaya. La litanie des drames bouleverse le secours en<br \/>\nmontagne. De nouvelles remont\u00e9es narguent le mont Blanc, le tunnel le<br \/>\ntransperce, barrages et centrales l\u2019\u00e9lectrisent, cam\u00e9ras et vedettes<br \/>\nl\u2019encensent. Petit bijou d\u2019or blanc, vache \u00e0 lait, temple de la grimpe et de<br \/>\nl\u2019aventure, Chamonix \u00e9pouse les \u00ab trente glorieuses \u00bb qui, pour le meilleur et<br \/>\npour le pire, lib\u00e8rent sa destin\u00e9e et fondent le Chamonix d\u2019aujourd\u2019hui !<\/p>","protected":false},"excerpt":{"rendered":"<ul>\n<li><a href=\"https:\/\/youtu.be\/xT1pLAqRWQY\" target=\"_blank\" rel=\"noopener\">Video: TEMPLATE PIZ Attachment > Webvideo > Youtube [KOPIE]<\/a><\/li>\n<\/ul>\n","protected":false},"featured_media":37630,"template":"","meta":[],"product_brand":[],"product_cat":[21542],"product_tag":[],"class_list":{"0":"post-154185","1":"product","2":"type-product","3":"status-publish","4":"has-post-thumbnail","6":"product_cat-sachbuecher-dokumentationen","7":"pa_autor-roy-tourrasse","8":"pa_erscheinungsjahr-21550","9":"pa_region-frankreich","10":"pa_sprache-de","12":"first","13":"instock","14":"taxable","15":"shipping-taxable","16":"purchasable","17":"product-type-simple"},"_links":{"self":[{"href":"https:\/\/pizbube.ch\/en\/wp-json\/wp\/v2\/product\/154185","targetHints":{"allow":["GET"]}}],"collection":[{"href":"https:\/\/pizbube.ch\/en\/wp-json\/wp\/v2\/product"}],"about":[{"href":"https:\/\/pizbube.ch\/en\/wp-json\/wp\/v2\/types\/product"}],"wp:featuredmedia":[{"embeddable":true,"href":"https:\/\/pizbube.ch\/en\/wp-json\/wp\/v2\/media\/37630"}],"wp:attachment":[{"href":"https:\/\/pizbube.ch\/en\/wp-json\/wp\/v2\/media?parent=154185"}],"wp:term":[{"taxonomy":"product_brand","embeddable":true,"href":"https:\/\/pizbube.ch\/en\/wp-json\/wp\/v2\/product_brand?post=154185"},{"taxonomy":"product_cat","embeddable":true,"href":"https:\/\/pizbube.ch\/en\/wp-json\/wp\/v2\/product_cat?post=154185"},{"taxonomy":"product_tag","embeddable":true,"href":"https:\/\/pizbube.ch\/en\/wp-json\/wp\/v2\/product_tag?post=154185"}],"curies":[{"name":"wp","href":"https:\/\/api.w.org\/{rel}","templated":true}]}}