{"id":154187,"date":"2021-01-15T14:24:16","date_gmt":"2021-01-15T14:24:16","guid":{"rendered":"https:\/\/codengine3.ch\/?product=import-placeholder-for-206951"},"modified":"2024-11-13T15:29:44","modified_gmt":"2024-11-13T14:29:44","slug":"das-grosse-schneeschuhtourenbuch-der-schweiz","status":"publish","type":"product","link":"https:\/\/pizbube.ch\/en\/shop\/das-grosse-schneeschuhtourenbuch-der-schweiz\/","title":{"rendered":"Das grosse Schneeschuhtourenbuch der Schweiz"},"content":{"rendered":"<p>250 Tourenvorschl\u00e4ge mit allen praktischen Informationen.<\/p>\n<p>Wo finden sich die sch\u00f6nsten Schneeschuhgebiete der Schweiz? Welche Touren<br \/>\neignen sich f\u00fcr Einsteiger und welche erfordern schon etwas mehr Erfahrung?<\/p>\n<p>Dieses Buch pr\u00e4sentiert f\u00fcnfzig der sch\u00f6nsten Schneeschuh- wandergebiete der<br \/>\nSchweiz und schl\u00e4gt in jedem der Gebiete rund ein halbes Dutzend lohnende<br \/>\nRouten und Varianten in allen Schwierigkeitsgraden vor. Stimmungsvolle Texte<br \/>\nund eindr\u00fcckliche Bilder machen Lust auf eigene Entdeckungstouren, praktische<br \/>\n\u00dcbersichtskarten, eine detaillierte Wegbeschreibung und Angaben von<br \/>\nSchwierigkeit, Distanz, H\u00f6hendifferenz, Unterkunft und Verpflegung erleichtern<br \/>\ndie Planung.<\/p>\n<p>Ob Einsteigerin oder versierter Bergg\u00e4nger, ob gem\u00fctlicher Geniesser oder<br \/>\nambitionierte Schneeschuhsportlerin &#8211; alle finden in diesem reichhaltigen<br \/>\nBildband mit seinen rund 250 Routenvorschl\u00e4gen und -varianten vielf\u00e4ltige<br \/>\nAnregungen f\u00fcr unvergessliche Wintererlebnisse.<\/p>\n<div class=\"biblioPages\"><span class=\"value\">192 Seiten<\/span><\/div>\n<div class=\"biblioDimensions\"><span class=\"key\">Masse: <\/span><span class=\"value\">Breite 210 mm, H\u00f6he 280 mm,<\/span><\/div>","protected":false},"excerpt":{"rendered":"<p>250 Tourenvorschl\u00e4ge mit allen praktischen Informationen. Wo finden sich die sch\u00f6nsten Schneeschuhgebiete der Schweiz? Welche Touren eignen sich f\u00fcr Einsteiger und welche erfordern schon etwas mehr Erfahrung? Dieses Buch pr\u00e4sentiert f\u00fcnfzig der sch\u00f6nsten Schneeschuh- wandergebiete der Schweiz und schl\u00e4gt in jedem der Gebiete rund ein halbes Dutzend lohnende Routen und Varianten in allen Schwierigkeitsgraden vor. [&#8230;]\n","protected":false},"featured_media":177176,"template":"","meta":[],"product_brand":[],"product_cat":[21540],"product_tag":[],"class_list":{"0":"post-154187","1":"product","2":"type-product","3":"status-publish","4":"has-post-thumbnail","6":"product_cat-fuehrerliteratur-alpin-winter","7":"pa_autor-coulin","8":"pa_erscheinungsjahr-21621","9":"pa_region-schweiz","10":"pa_sprache-de","12":"first","13":"outofstock","14":"taxable","15":"shipping-taxable","16":"purchasable","17":"product-type-simple"},"_links":{"self":[{"href":"https:\/\/pizbube.ch\/en\/wp-json\/wp\/v2\/product\/154187","targetHints":{"allow":["GET"]}}],"collection":[{"href":"https:\/\/pizbube.ch\/en\/wp-json\/wp\/v2\/product"}],"about":[{"href":"https:\/\/pizbube.ch\/en\/wp-json\/wp\/v2\/types\/product"}],"wp:featuredmedia":[{"embeddable":true,"href":"https:\/\/pizbube.ch\/en\/wp-json\/wp\/v2\/media\/177176"}],"wp:attachment":[{"href":"https:\/\/pizbube.ch\/en\/wp-json\/wp\/v2\/media?parent=154187"}],"wp:term":[{"taxonomy":"product_brand","embeddable":true,"href":"https:\/\/pizbube.ch\/en\/wp-json\/wp\/v2\/product_brand?post=154187"},{"taxonomy":"product_cat","embeddable":true,"href":"https:\/\/pizbube.ch\/en\/wp-json\/wp\/v2\/product_cat?post=154187"},{"taxonomy":"product_tag","embeddable":true,"href":"https:\/\/pizbube.ch\/en\/wp-json\/wp\/v2\/product_tag?post=154187"}],"curies":[{"name":"wp","href":"https:\/\/api.w.org\/{rel}","templated":true}]}}