{"id":154188,"date":"2021-01-15T14:24:17","date_gmt":"2021-01-15T14:24:17","guid":{"rendered":"https:\/\/codengine3.ch\/?product=import-placeholder-for-204301"},"modified":"2022-12-24T10:38:35","modified_gmt":"2022-12-24T09:38:35","slug":"escalade-dans-le-lot","status":"publish","type":"product","link":"https:\/\/pizbube.ch\/en\/shop\/escalade-dans-le-lot\/","title":{"rendered":"Escalade dans le Lot"},"content":{"rendered":"<p>Ce topo a pour but premier d&#8217;informer correctement les grimpeurs locaux et de<br \/>\npassage dans la r\u00e9gion sur les 17 sites d&#8217;escalade sportive entretenus et<br \/>\nint\u00e9ressants du d\u00e9partement (Nord de Toulouse, est de Bordeaux).<\/p>\n<p>Les itin\u00e9raires de blocs et de voies sont r\u00e9pertori\u00e9s, soit au total 750 voies<br \/>\net plus de 100 passages de blocs sous forme de circuit type Bleau (plus de<br \/>\n20km d&#8217;escalade mis bout \u00e0 bout allant du 4 au 8c).<\/p>\n<p>Arcambal, Vers- Cours, Saint- Gery, autour du Liauzu, Marcilhac, Saint-<br \/>\nSulpice, Roche aux Dracs, Cregols, Montcabrier, Milhac, Le Pied Noir,<br \/>\nCougnauget, Roc de Cor, Autoire.<\/p>\n<p>Les falaises du topo : Puy d&#8217;Issolud, Autoire, Milhac, Milhac II, Cougnaguet,<br \/>\nMontcabrier, Roc d&#8217;Ar\u00e8ne, Vallon de Landorre, Versn Cuzouls, Arcambal, Autour<br \/>\ndu Liauzu, Marcilhac, Saint G\u00e9ry, Roche aux Dracs, Saint-Sulpice et Cr\u00e9gols.<\/p>","protected":false},"excerpt":{"rendered":"<p>Ce topo a pour but premier d&#8217;informer correctement les grimpeurs locaux et de passage dans la r\u00e9gion sur les 17 sites d&#8217;escalade sportive entretenus et int\u00e9ressants du d\u00e9partement (Nord de Toulouse, est de Bordeaux). Les itin\u00e9raires de blocs et de voies sont r\u00e9pertori\u00e9s, soit au total 750 voies et plus de 100 passages de blocs [&#8230;]\n","protected":false},"featured_media":160446,"template":"","meta":[],"product_brand":[],"product_cat":[21539],"product_tag":[],"class_list":{"0":"post-154188","1":"product","2":"type-product","3":"status-publish","4":"has-post-thumbnail","6":"product_cat-fuehrerliteratur-sportklettern-bouldern","7":"pa_autor-ffme","8":"pa_erscheinungsjahr-21546","9":"pa_region-frankreich","10":"pa_sprache-fr","12":"first","13":"instock","14":"taxable","15":"shipping-taxable","16":"purchasable","17":"product-type-simple"},"_links":{"self":[{"href":"https:\/\/pizbube.ch\/en\/wp-json\/wp\/v2\/product\/154188","targetHints":{"allow":["GET"]}}],"collection":[{"href":"https:\/\/pizbube.ch\/en\/wp-json\/wp\/v2\/product"}],"about":[{"href":"https:\/\/pizbube.ch\/en\/wp-json\/wp\/v2\/types\/product"}],"wp:featuredmedia":[{"embeddable":true,"href":"https:\/\/pizbube.ch\/en\/wp-json\/wp\/v2\/media\/160446"}],"wp:attachment":[{"href":"https:\/\/pizbube.ch\/en\/wp-json\/wp\/v2\/media?parent=154188"}],"wp:term":[{"taxonomy":"product_brand","embeddable":true,"href":"https:\/\/pizbube.ch\/en\/wp-json\/wp\/v2\/product_brand?post=154188"},{"taxonomy":"product_cat","embeddable":true,"href":"https:\/\/pizbube.ch\/en\/wp-json\/wp\/v2\/product_cat?post=154188"},{"taxonomy":"product_tag","embeddable":true,"href":"https:\/\/pizbube.ch\/en\/wp-json\/wp\/v2\/product_tag?post=154188"}],"curies":[{"name":"wp","href":"https:\/\/api.w.org\/{rel}","templated":true}]}}