{"id":154190,"date":"2021-01-15T14:24:18","date_gmt":"2021-01-15T14:24:18","guid":{"rendered":"https:\/\/codengine3.ch\/?product=import-placeholder-for-205080"},"modified":"2021-01-15T14:38:32","modified_gmt":"2021-01-15T14:38:32","slug":"chile-argentina-guia-de-esqui-andinismo","status":"publish","type":"product","link":"https:\/\/pizbube.ch\/en\/shop\/chile-argentina-guia-de-esqui-andinismo\/","title":{"rendered":"Chile &#8211; Argentina Gu\u00eda de esqu\u00ed andinismo"},"content":{"rendered":"<p>El obraje quiere ser un gu\u00eda conciso de itinerarios de eski, un libro de foto<br \/>\ny un relato de viaje en tres idiomas: franc\u00e9s, espa\u00f1ol e ingl\u00e9s de tal manera<br \/>\nque el m\u00e1ximo de monta\u00f1istas puedan descubrir este sitio m\u00e1gico para el eski,<br \/>\nlas raquetas o el Andinismo.  <\/p>\n<p>80 itinerarios descritos 400 fotos; 9 mapas<\/p>","protected":false},"excerpt":{"rendered":"<p>El obraje quiere ser un gu\u00eda conciso de itinerarios de eski, un libro de foto y un relato de viaje en tres idiomas: franc\u00e9s, espa\u00f1ol e ingl\u00e9s de tal manera que el m\u00e1ximo de monta\u00f1istas puedan descubrir este sitio m\u00e1gico para el eski, las raquetas o el Andinismo. 80 itinerarios descritos 400 fotos; 9 mapas<\/p>","protected":false},"featured_media":33679,"template":"","meta":[],"product_brand":[],"product_cat":[21540],"product_tag":[],"class_list":{"0":"post-154190","1":"product","2":"type-product","3":"status-publish","4":"has-post-thumbnail","6":"product_cat-fuehrerliteratur-alpin-winter","7":"pa_autor-lena","8":"pa_erscheinungsjahr-21842","9":"pa_region-amerika-sued","10":"pa_sprache-spanish","12":"first","13":"outofstock","14":"taxable","15":"shipping-taxable","16":"purchasable","17":"product-type-simple"},"_links":{"self":[{"href":"https:\/\/pizbube.ch\/en\/wp-json\/wp\/v2\/product\/154190","targetHints":{"allow":["GET"]}}],"collection":[{"href":"https:\/\/pizbube.ch\/en\/wp-json\/wp\/v2\/product"}],"about":[{"href":"https:\/\/pizbube.ch\/en\/wp-json\/wp\/v2\/types\/product"}],"wp:featuredmedia":[{"embeddable":true,"href":"https:\/\/pizbube.ch\/en\/wp-json\/wp\/v2\/media\/33679"}],"wp:attachment":[{"href":"https:\/\/pizbube.ch\/en\/wp-json\/wp\/v2\/media?parent=154190"}],"wp:term":[{"taxonomy":"product_brand","embeddable":true,"href":"https:\/\/pizbube.ch\/en\/wp-json\/wp\/v2\/product_brand?post=154190"},{"taxonomy":"product_cat","embeddable":true,"href":"https:\/\/pizbube.ch\/en\/wp-json\/wp\/v2\/product_cat?post=154190"},{"taxonomy":"product_tag","embeddable":true,"href":"https:\/\/pizbube.ch\/en\/wp-json\/wp\/v2\/product_tag?post=154190"}],"curies":[{"name":"wp","href":"https:\/\/api.w.org\/{rel}","templated":true}]}}