{"id":154191,"date":"2021-01-15T14:24:19","date_gmt":"2021-01-15T14:24:19","guid":{"rendered":"https:\/\/codengine3.ch\/?product=import-placeholder-for-206428"},"modified":"2023-11-22T14:20:04","modified_gmt":"2023-11-22T13:20:04","slug":"llanquihue-1150000-150000","status":"publish","type":"product","link":"https:\/\/pizbube.ch\/en\/shop\/llanquihue-1150000-150000\/","title":{"rendered":"Llanquihue &#8211; Osorno 1:150&#8217;000 \/ 1:50&#8217;000"},"content":{"rendered":"<p>Reise- und Wanderkarte, S\u00fcdchile &#8211; Seengebiet, 1:150.000 \/ 1:50.000<br \/>\nNEU: Rei\u00df- und wasserfestes Papier!<\/p>\n<p>\u00dcbersichtskarte des Gro\u00dfraums Lago Llanquihue, Lago Rupanco und Lago Todos Los<br \/>\nSantos, mit den Naturparks Vicente P\u00e9rez Rosales und Llanquihue. Beinhaltet<br \/>\ndie Vulkane Osorno (2652), Calbuco (2003), Puntiagudo (2493) und Tronador<br \/>\n(3491 m).<\/p>\n<p>Mit Wanderrouten, Zeltpl\u00e4tzen, Unterk\u00fcnften, Restaurants etc. Teilkarten<br \/>\n1:50.000 von: Vulkan Osorno, Vulkan Calbuco und der Querung Lago Todos Los<br \/>\nSantos \u2013 Lago Rupanco. Stadtplan Puerto Varas, Liste touristischer<br \/>\nDienstleister, Fotos der sch\u00f6nsten Attraktionen und Zeichnungen der Tierwelt.<br \/>\nDreisprachige Informationen (Deutsch \u2013 Englisch \u2013 Spanisch). Reise- und<br \/>\nWanderkarte, Ma\u00dfstab 1:150.000 \/ 1.50.000, Rei\u00df- und wasserfest.<\/p>","protected":false},"excerpt":{"rendered":"<p>Reise- und Wanderkarte, S\u00fcdchile &#8211; Seengebiet, 1:150.000 \/ 1:50.000 NEU: Rei\u00df- und wasserfestes Papier! \u00dcbersichtskarte des Gro\u00dfraums Lago Llanquihue, Lago Rupanco und Lago Todos Los Santos, mit den Naturparks Vicente P\u00e9rez Rosales und Llanquihue. Beinhaltet die Vulkane Osorno (2652), Calbuco (2003), Puntiagudo (2493) und Tronador (3491 m). Mit Wanderrouten, Zeltpl\u00e4tzen, Unterk\u00fcnften, Restaurants etc. Teilkarten 1:50.000 [&#8230;]\n","protected":false},"featured_media":170521,"template":"","meta":[],"product_brand":[],"product_cat":[21543],"product_tag":[],"class_list":{"0":"post-154191","1":"product","2":"type-product","3":"status-publish","4":"has-post-thumbnail","6":"product_cat-landkarten","7":"pa_autor-trekkingchile","8":"pa_erscheinungsjahr-21610","9":"pa_region-amerika-sued","10":"pa_sprache-de-en-es","12":"first","13":"instock","14":"taxable","15":"shipping-taxable","16":"purchasable","17":"product-type-simple"},"_links":{"self":[{"href":"https:\/\/pizbube.ch\/en\/wp-json\/wp\/v2\/product\/154191","targetHints":{"allow":["GET"]}}],"collection":[{"href":"https:\/\/pizbube.ch\/en\/wp-json\/wp\/v2\/product"}],"about":[{"href":"https:\/\/pizbube.ch\/en\/wp-json\/wp\/v2\/types\/product"}],"wp:featuredmedia":[{"embeddable":true,"href":"https:\/\/pizbube.ch\/en\/wp-json\/wp\/v2\/media\/170521"}],"wp:attachment":[{"href":"https:\/\/pizbube.ch\/en\/wp-json\/wp\/v2\/media?parent=154191"}],"wp:term":[{"taxonomy":"product_brand","embeddable":true,"href":"https:\/\/pizbube.ch\/en\/wp-json\/wp\/v2\/product_brand?post=154191"},{"taxonomy":"product_cat","embeddable":true,"href":"https:\/\/pizbube.ch\/en\/wp-json\/wp\/v2\/product_cat?post=154191"},{"taxonomy":"product_tag","embeddable":true,"href":"https:\/\/pizbube.ch\/en\/wp-json\/wp\/v2\/product_tag?post=154191"}],"curies":[{"name":"wp","href":"https:\/\/api.w.org\/{rel}","templated":true}]}}