{"id":154194,"date":"2021-01-15T14:24:26","date_gmt":"2021-01-15T14:24:26","guid":{"rendered":"https:\/\/codengine3.ch\/?product=import-placeholder-for-204661"},"modified":"2021-01-15T14:35:15","modified_gmt":"2021-01-15T14:35:15","slug":"powderguide-tirol-die-besten-freeridetouren","status":"publish","type":"product","link":"https:\/\/pizbube.ch\/en\/shop\/powderguide-tirol-die-besten-freeridetouren\/","title":{"rendered":"PowderGuide Tirol &#8211; Die besten Freeridetouren"},"content":{"rendered":"<p>Die lohnendsten Freeride-Reviere in Tirol: Vorgestellt werden 50 ausgew\u00e4hlte<br \/>\nTiefschnee-Tourenziele in Tirol f\u00fcr Freerider, Snowboarder und<br \/>\nTourenskifahrer, die sich dem Trubel der Skigebiete entziehen wollen und<br \/>\nrasante Abfahrten sch\u00e4tzen. Gemeinsames Kennzeichen: kurze, liftunterst\u00fctzte<br \/>\nAufstiege, lange, au\u00dfergew\u00f6hnlich lohnende Abfahrtsvergn\u00fcgen. Von Genussh\u00e4ngen<br \/>\nbis zu anspruchsvollem Steilgel\u00e4nde ist zwischen Kitzb\u00fchel und St. Anton f\u00fcr<br \/>\njeden etwas dabei.  <\/p>\n<p>Erstklassige gro\u00dfformatige Abbildungen wecken Lust aufs eigene Powder-Erleben,<br \/>\ndie genauen Routenbeschreibungen mit topografischen Karten und vielen Insider-<br \/>\nTipps machen es m\u00f6glich. In bester PowderGuide-Tradition werden zus\u00e4tzlich die<br \/>\nGrundlagen der Schnee- und Lawinenkunde sowie g\u00e4ngige Risiko-Check-Methoden<br \/>\nkompetent und leicht verst\u00e4ndlich vorgestellt.<\/p>\n<p>190 Seiten; m. zahlr. farb. Fotos u. Ktn.-Skizzen sowie 1 farb. \u00dcbers.-Kte.;<br \/>\n210 mm x 145 mm<br \/>\naktualisierte u. erweiterte 2. Auflage<\/p>","protected":false},"excerpt":{"rendered":"<p>Die lohnendsten Freeride-Reviere in Tirol: Vorgestellt werden 50 ausgew\u00e4hlte Tiefschnee-Tourenziele in Tirol f\u00fcr Freerider, Snowboarder und Tourenskifahrer, die sich dem Trubel der Skigebiete entziehen wollen und rasante Abfahrten sch\u00e4tzen. Gemeinsames Kennzeichen: kurze, liftunterst\u00fctzte Aufstiege, lange, au\u00dfergew\u00f6hnlich lohnende Abfahrtsvergn\u00fcgen. Von Genussh\u00e4ngen bis zu anspruchsvollem Steilgel\u00e4nde ist zwischen Kitzb\u00fchel und St. Anton f\u00fcr jeden etwas dabei. Erstklassige [&#8230;]\n","protected":false},"featured_media":32939,"template":"","meta":[],"product_brand":[],"product_cat":[21540],"product_tag":[],"class_list":{"0":"post-154194","1":"product","2":"type-product","3":"status-publish","4":"has-post-thumbnail","6":"product_cat-fuehrerliteratur-alpin-winter","7":"pa_autor-rieg-schwager-hartl","8":"pa_erscheinungsjahr-21550","9":"pa_region-oesterreich","10":"pa_sprache-de","12":"first","13":"instock","14":"taxable","15":"shipping-taxable","16":"purchasable","17":"product-type-simple"},"_links":{"self":[{"href":"https:\/\/pizbube.ch\/en\/wp-json\/wp\/v2\/product\/154194","targetHints":{"allow":["GET"]}}],"collection":[{"href":"https:\/\/pizbube.ch\/en\/wp-json\/wp\/v2\/product"}],"about":[{"href":"https:\/\/pizbube.ch\/en\/wp-json\/wp\/v2\/types\/product"}],"wp:featuredmedia":[{"embeddable":true,"href":"https:\/\/pizbube.ch\/en\/wp-json\/wp\/v2\/media\/32939"}],"wp:attachment":[{"href":"https:\/\/pizbube.ch\/en\/wp-json\/wp\/v2\/media?parent=154194"}],"wp:term":[{"taxonomy":"product_brand","embeddable":true,"href":"https:\/\/pizbube.ch\/en\/wp-json\/wp\/v2\/product_brand?post=154194"},{"taxonomy":"product_cat","embeddable":true,"href":"https:\/\/pizbube.ch\/en\/wp-json\/wp\/v2\/product_cat?post=154194"},{"taxonomy":"product_tag","embeddable":true,"href":"https:\/\/pizbube.ch\/en\/wp-json\/wp\/v2\/product_tag?post=154194"}],"curies":[{"name":"wp","href":"https:\/\/api.w.org\/{rel}","templated":true}]}}