{"id":154195,"date":"2021-01-15T14:24:26","date_gmt":"2021-01-15T14:24:26","guid":{"rendered":"https:\/\/codengine3.ch\/?product=import-placeholder-for-204554"},"modified":"2025-03-24T15:51:53","modified_gmt":"2025-03-24T14:51:53","slug":"grand-paradis-toponeige-val-daoste","status":"publish","type":"product","link":"https:\/\/pizbube.ch\/en\/shop\/grand-paradis-toponeige-val-daoste\/","title":{"rendered":"Grand Paradis &#8211; Toponeige Val d&#8217;Aoste"},"content":{"rendered":"<p>Toponeige Val d&#8217;Aoste<\/p>\n<p>Le Grand Paradis est le massif du Grand Paradis situ\u00e9 sur la rive droite du<br \/>\nVal d\u2019Aoste. Entre la Thuile et Pont-Saint-Martin il comprend les groupes de<br \/>\nmontagne du Ruitor, Grande Sassi\u00e8re, Galise, Grand-Paradis, Grivola, Tersiva,<br \/>\nEmilius et Mont Glacier.<\/p>\n<p>&#8211; Le guide propose aussi des circuits vers la Haute-Tarentaise (Toponeige<br \/>\nVANOISE) et vers la r\u00e9gion pi\u00e9montaise du Canavese.<br \/>\n&#8211; Les fiches techniques d\u00e9crivent en d\u00e9tail 184 itin\u00e9raires de base (et 320<br \/>\nvariantes), trac\u00e9s sur 330 photos.<\/p>\n<p>&#8211; Format : 110&#215;170 mm. Reliure rigide, signet. 320 pages en couleurs.<\/p>","protected":false},"excerpt":{"rendered":"<p>Toponeige Val d&#8217;Aoste Le Grand Paradis est le massif du Grand Paradis situ\u00e9 sur la rive droite du Val d\u2019Aoste. Entre la Thuile et Pont-Saint-Martin il comprend les groupes de montagne du Ruitor, Grande Sassi\u00e8re, Galise, Grand-Paradis, Grivola, Tersiva, Emilius et Mont Glacier. &#8211; Le guide propose aussi des circuits vers la Haute-Tarentaise (Toponeige VANOISE) [&#8230;]\n","protected":false},"featured_media":164874,"template":"","meta":[],"product_brand":[],"product_cat":[21540],"product_tag":[27138,27198,27137],"class_list":{"0":"post-154195","1":"product","2":"type-product","3":"status-publish","4":"has-post-thumbnail","6":"product_cat-fuehrerliteratur-alpin-winter","7":"product_tag-aostatal","8":"product_tag-gran-paradiso","9":"product_tag-valle-daosta","10":"pa_autor-mang","11":"pa_erscheinungsjahr-21546","12":"pa_region-italien","13":"pa_sprache-fr","15":"first","16":"instock","17":"taxable","18":"shipping-taxable","19":"purchasable","20":"product-type-simple"},"_links":{"self":[{"href":"https:\/\/pizbube.ch\/en\/wp-json\/wp\/v2\/product\/154195","targetHints":{"allow":["GET"]}}],"collection":[{"href":"https:\/\/pizbube.ch\/en\/wp-json\/wp\/v2\/product"}],"about":[{"href":"https:\/\/pizbube.ch\/en\/wp-json\/wp\/v2\/types\/product"}],"wp:featuredmedia":[{"embeddable":true,"href":"https:\/\/pizbube.ch\/en\/wp-json\/wp\/v2\/media\/164874"}],"wp:attachment":[{"href":"https:\/\/pizbube.ch\/en\/wp-json\/wp\/v2\/media?parent=154195"}],"wp:term":[{"taxonomy":"product_brand","embeddable":true,"href":"https:\/\/pizbube.ch\/en\/wp-json\/wp\/v2\/product_brand?post=154195"},{"taxonomy":"product_cat","embeddable":true,"href":"https:\/\/pizbube.ch\/en\/wp-json\/wp\/v2\/product_cat?post=154195"},{"taxonomy":"product_tag","embeddable":true,"href":"https:\/\/pizbube.ch\/en\/wp-json\/wp\/v2\/product_tag?post=154195"}],"curies":[{"name":"wp","href":"https:\/\/api.w.org\/{rel}","templated":true}]}}