{"id":154197,"date":"2021-01-15T14:24:26","date_gmt":"2021-01-15T14:24:26","guid":{"rendered":"https:\/\/codengine3.ch\/?product=import-placeholder-for-206219"},"modified":"2021-01-15T14:47:20","modified_gmt":"2021-01-15T14:47:20","slug":"jenseits-des-berges","status":"publish","type":"product","link":"https:\/\/pizbube.ch\/en\/shop\/jenseits-des-berges\/","title":{"rendered":"Jenseits des Berges"},"content":{"rendered":"<p>Exepditionen eines Suchenden  <\/p>\n<p>Alaskas Gipfel, der K7 oder die gef\u00fcrchtete Rupalwand \u2013 Steve House sucht<br \/>\nimmer neue Routen, mit immer weniger Mitteln und in immer k\u00fcrzerer Zeit: der<br \/>\npackende Bericht des sympathischen Puristen, dessen Credo der Verzicht auf<br \/>\nalles \u00dcberfl\u00fcssige ist.  <\/p>\n<p>&#8218;Als ich 29 war, waren alle meine Kletterkameraden entweder tot oder nicht<br \/>\nmehr aktiv.&#8216; \u2013 Steve House ist vom Berg besessen. Ein Perfektionist, seit<br \/>\nseiner Jugend von der Idee getrieben, der weltbeste Bergsteiger zu werden. Als<br \/>\nNeun-zehnj\u00e4hriger wird er zum ersten Mal zum Nanga Parbat mitgenommen;<br \/>\nf\u00fcnfzehn Jahre sp\u00e4ter sorgt seine sechst\u00e4gige Durchsteigung der h\u00f6chsten<br \/>\nSteilwand der Erde im Alpinstil f\u00fcr Furore. Er erlebt Scheitern und den Tod<br \/>\nenger Freunde, verschiebt immer wieder die Ma\u00dfst\u00e4be des H\u00f6henbergsteigens \u2013<br \/>\nund verweigert sich konsequent der multimedialen Vermarktung. Mit jener<br \/>\nschn\u00f6rkellosen Pr\u00e4zision, mit der er seine Ziele erreicht, schildert Steve<br \/>\nHouse in seinem ersten Buch die lebenslange Faszination des Extremen. 2009 IN<br \/>\nBANFF mit dem &#8218;Jon Whyte Award for Mountain Literature&#8216; ausgezeichnet.  <\/p>","protected":false},"excerpt":{"rendered":"<p>Exepditionen eines Suchenden Alaskas Gipfel, der K7 oder die gef\u00fcrchtete Rupalwand \u2013 Steve House sucht immer neue Routen, mit immer weniger Mitteln und in immer k\u00fcrzerer Zeit: der packende Bericht des sympathischen Puristen, dessen Credo der Verzicht auf alles \u00dcberfl\u00fcssige ist. &#8218;Als ich 29 war, waren alle meine Kletterkameraden entweder tot oder nicht mehr aktiv.&#8216; [&#8230;]\n","protected":false},"featured_media":35182,"template":"","meta":[],"product_brand":[],"product_cat":[21542],"product_tag":[],"class_list":{"0":"post-154197","1":"product","2":"type-product","3":"status-publish","4":"has-post-thumbnail","6":"product_cat-sachbuecher-dokumentationen","7":"pa_autor-house","8":"pa_erscheinungsjahr-21830","9":"pa_region-amerika-nord","10":"pa_sprache-de","12":"first","13":"outofstock","14":"taxable","15":"shipping-taxable","16":"purchasable","17":"product-type-simple"},"_links":{"self":[{"href":"https:\/\/pizbube.ch\/en\/wp-json\/wp\/v2\/product\/154197","targetHints":{"allow":["GET"]}}],"collection":[{"href":"https:\/\/pizbube.ch\/en\/wp-json\/wp\/v2\/product"}],"about":[{"href":"https:\/\/pizbube.ch\/en\/wp-json\/wp\/v2\/types\/product"}],"wp:featuredmedia":[{"embeddable":true,"href":"https:\/\/pizbube.ch\/en\/wp-json\/wp\/v2\/media\/35182"}],"wp:attachment":[{"href":"https:\/\/pizbube.ch\/en\/wp-json\/wp\/v2\/media?parent=154197"}],"wp:term":[{"taxonomy":"product_brand","embeddable":true,"href":"https:\/\/pizbube.ch\/en\/wp-json\/wp\/v2\/product_brand?post=154197"},{"taxonomy":"product_cat","embeddable":true,"href":"https:\/\/pizbube.ch\/en\/wp-json\/wp\/v2\/product_cat?post=154197"},{"taxonomy":"product_tag","embeddable":true,"href":"https:\/\/pizbube.ch\/en\/wp-json\/wp\/v2\/product_tag?post=154197"}],"curies":[{"name":"wp","href":"https:\/\/api.w.org\/{rel}","templated":true}]}}