{"id":154198,"date":"2021-01-15T14:24:26","date_gmt":"2021-01-15T14:24:26","guid":{"rendered":"https:\/\/codengine3.ch\/?product=import-placeholder-for-207000"},"modified":"2021-08-18T08:39:14","modified_gmt":"2021-08-18T06:39:14","slug":"solo-mit-familie-abseits-vom-normalweg","status":"publish","type":"product","link":"https:\/\/pizbube.ch\/en\/shop\/solo-mit-familie-abseits-vom-normalweg\/","title":{"rendered":"Solo mit Familie &#8211; Abseits vom Normalweg"},"content":{"rendered":"<p>Ein Leben als Familienmensch und Extrembergsteiger<\/p>\n<p>Solo mit Familie \u2013 einen besseren Titel h\u00e4tte man der Biographie von<br \/>\nExtrembergsteiger Stephan Keck kaum geben k\u00f6nnen. Der Extrembergsteiger<br \/>\nerz\u00e4hlt zusammen mit Sportjournalist Derk Hoberg fesselnd von seinem Leben,<br \/>\ndas einerseits zwischen Familie und Abenteuer pendelt, anderseits aber auch<br \/>\nbeides vereint.<\/p>\n<p>Warum? Warum setzt man immer wieder sein Leben aufs Spiel? Warum zieht man<br \/>\nimmer wieder in Abenteuer? Und warum nimmt man seine kleinen Kinder mit auf<br \/>\nReisen in gef\u00e4hrliche Gegenden? Ist es legitim, seine Familie f\u00fcr Wochen zu<br \/>\nverlassen, um einen Gipfel zu erst\u00fcrmen und damit den Unterhalt zu verdienen?<\/p>\n<p>Und wie gehen die Familie, Frau, Kinder, Eltern mit diesen auch f\u00fcr sie<br \/>\nextremen Situationen um? All diese Fragen besch\u00e4ftigen Stephan Keck \u2013 zun\u00e4chst<br \/>\nweniger, seit er Frau und Kinder hat, aber immer mehr.<br \/>\nNun hat er, gemeinsam mit dem Sportjournalisten Derk Hoberg, seine Erfahrungen<br \/>\nund Erlebnisse in seiner Biographie &#8218;Solo mit Familie \u2013 Abseits vom Normalweg.<br \/>\nEin Leben als Familienmensch und Extrembergsteiger&#8216; niedergeschrieben und<br \/>\nversucht diese Fragen zu beantworten.<\/p>","protected":false},"excerpt":{"rendered":"<p>Ein Leben als Familienmensch und Extrembergsteiger Solo mit Familie \u2013 einen besseren Titel h\u00e4tte man der Biographie von Extrembergsteiger Stephan Keck kaum geben k\u00f6nnen. Der Extrembergsteiger erz\u00e4hlt zusammen mit Sportjournalist Derk Hoberg fesselnd von seinem Leben, das einerseits zwischen Familie und Abenteuer pendelt, anderseits aber auch beides vereint. Warum? Warum setzt man immer wieder sein [&#8230;]\n","protected":false},"featured_media":36574,"template":"","meta":[],"product_brand":[],"product_cat":[21542],"product_tag":[],"class_list":{"0":"post-154198","1":"product","2":"type-product","3":"status-publish","4":"has-post-thumbnail","6":"product_cat-sachbuecher-dokumentationen","7":"pa_autor-keck-hoberg","8":"pa_erscheinungsjahr-21621","9":"pa_region-deutschland","10":"pa_sprache-de","12":"first","13":"outofstock","14":"taxable","15":"shipping-taxable","16":"purchasable","17":"product-type-simple"},"_links":{"self":[{"href":"https:\/\/pizbube.ch\/en\/wp-json\/wp\/v2\/product\/154198","targetHints":{"allow":["GET"]}}],"collection":[{"href":"https:\/\/pizbube.ch\/en\/wp-json\/wp\/v2\/product"}],"about":[{"href":"https:\/\/pizbube.ch\/en\/wp-json\/wp\/v2\/types\/product"}],"wp:featuredmedia":[{"embeddable":true,"href":"https:\/\/pizbube.ch\/en\/wp-json\/wp\/v2\/media\/36574"}],"wp:attachment":[{"href":"https:\/\/pizbube.ch\/en\/wp-json\/wp\/v2\/media?parent=154198"}],"wp:term":[{"taxonomy":"product_brand","embeddable":true,"href":"https:\/\/pizbube.ch\/en\/wp-json\/wp\/v2\/product_brand?post=154198"},{"taxonomy":"product_cat","embeddable":true,"href":"https:\/\/pizbube.ch\/en\/wp-json\/wp\/v2\/product_cat?post=154198"},{"taxonomy":"product_tag","embeddable":true,"href":"https:\/\/pizbube.ch\/en\/wp-json\/wp\/v2\/product_tag?post=154198"}],"curies":[{"name":"wp","href":"https:\/\/api.w.org\/{rel}","templated":true}]}}