{"id":154199,"date":"2021-01-15T14:24:26","date_gmt":"2021-01-15T14:24:26","guid":{"rendered":"https:\/\/codengine3.ch\/?product=import-placeholder-for-207177"},"modified":"2021-01-15T14:55:53","modified_gmt":"2021-01-15T14:55:53","slug":"jenseits-des-berges-tb","status":"publish","type":"product","link":"https:\/\/pizbube.ch\/en\/shop\/jenseits-des-berges-tb\/","title":{"rendered":"Jenseits des Berges (TB)"},"content":{"rendered":"<p>\nExpeditionen eines Suchenden  <\/p>\n<p>Als ich 29 war, waren alle meine Kletterkameraden entweder tot oder nicht mehr<br \/>\naktiv. Steve House ist vom Berg besessen. Ein Perfektionist, der f\u00fcr seine<br \/>\nalpinen Grenzg\u00e4nge lebt. Als Neunzehnj\u00e4hriger wird er zum Nanga Parbat<br \/>\nmitgenommen; 15 Jahre sp\u00e4ter sorgt seine sechst\u00e4gige Durchsteigung der<br \/>\nh\u00f6chsten Steilwand der Welt f\u00fcr Aufsehen. Steve House erlebt Triumphe und<br \/>\nH\u00f6chstleistungen, aber auch den Tod enger Freunde, Scheitern und Leid e wie<br \/>\nseinen Unfall in den kanadischen Rocky Mountains 2010, den er nur knapp<br \/>\n\u00fcberlebt. Mit schn\u00f6rkelloser Pr\u00e4zision schildert er in seinem packenden Buch<br \/>\ndie Faszination des Extremen.  <\/p>\n<p>Der Amerikaner Steve House, 1970 geboren, gilt derzeit als der beste<br \/>\nExtrembergsteiger der Welt. Seine Begehung des Zentralpfeilers der Rupalwand<br \/>\nam Nanga Parbat mit Vince Anderson im Alpinstil wurde mit dem Piolet ddOr<br \/>\nausgezeichnet, dem Oscar des Bergsports.  <\/p>\n<p>Taschenbuchausgabe  <\/p>","protected":false},"excerpt":{"rendered":"<ul>\n<li><b>INFO:  Vergriffen, keine Neuauflage\/Nachdruck<b><\/li>\n<\/ul>","protected":false},"featured_media":36807,"template":"","meta":[],"product_brand":[],"product_cat":[21542],"product_tag":[],"class_list":{"0":"post-154199","1":"product","2":"type-product","3":"status-publish","4":"has-post-thumbnail","6":"product_cat-sachbuecher-dokumentationen","7":"pa_autor-house","8":"pa_erscheinungsjahr-21621","9":"pa_region-amerika-nord","10":"pa_sprache-de","12":"first","13":"outofstock","14":"taxable","15":"shipping-taxable","16":"purchasable","17":"product-type-simple"},"_links":{"self":[{"href":"https:\/\/pizbube.ch\/en\/wp-json\/wp\/v2\/product\/154199","targetHints":{"allow":["GET"]}}],"collection":[{"href":"https:\/\/pizbube.ch\/en\/wp-json\/wp\/v2\/product"}],"about":[{"href":"https:\/\/pizbube.ch\/en\/wp-json\/wp\/v2\/types\/product"}],"wp:featuredmedia":[{"embeddable":true,"href":"https:\/\/pizbube.ch\/en\/wp-json\/wp\/v2\/media\/36807"}],"wp:attachment":[{"href":"https:\/\/pizbube.ch\/en\/wp-json\/wp\/v2\/media?parent=154199"}],"wp:term":[{"taxonomy":"product_brand","embeddable":true,"href":"https:\/\/pizbube.ch\/en\/wp-json\/wp\/v2\/product_brand?post=154199"},{"taxonomy":"product_cat","embeddable":true,"href":"https:\/\/pizbube.ch\/en\/wp-json\/wp\/v2\/product_cat?post=154199"},{"taxonomy":"product_tag","embeddable":true,"href":"https:\/\/pizbube.ch\/en\/wp-json\/wp\/v2\/product_tag?post=154199"}],"curies":[{"name":"wp","href":"https:\/\/api.w.org\/{rel}","templated":true}]}}