{"id":154202,"date":"2021-01-15T14:24:34","date_gmt":"2021-01-15T14:24:34","guid":{"rendered":"https:\/\/codengine3.ch\/?product=import-placeholder-for-208234"},"modified":"2021-01-15T17:51:45","modified_gmt":"2021-01-15T17:51:45","slug":"m4mountains-die-vierte-dimension","status":"publish","type":"product","link":"https:\/\/pizbube.ch\/en\/shop\/m4mountains-die-vierte-dimension\/","title":{"rendered":"m4Mountains &#8211; Die vierte Dimension"},"content":{"rendered":"<p>Berge, wie Sie sie noch nie gesehen haben<\/p>\n<p>Berge, an denen Geschichte geschrieben wurde: Dieser exklusive Band<br \/>\npr\u00e4sentiert sie auf v\u00f6llig neue Weise. Am Deutschen Zentrum f\u00fcr Luft- und<br \/>\nRaumfahrt entstanden auf Basis von Satellitenaufnahmen aus mehreren Hundert<br \/>\nKilometer H\u00f6he hochgenaue digitale Abbilder der Gebirgslandschaften. Aus den<br \/>\nerstellten Gel\u00e4ndemodellen schufen Wissenschaftler am Computer<br \/>\nfotorealistische Abbilder.<\/p>\n<p>So wurden \u00bbvirtuelle\u00ab Darstellungen aus zuvor undenkbaren Perspektiven, in<br \/>\nbislang unerreichter Pr\u00e4zision m\u00f6glich: Ansichten, die ein genaues Bild der<br \/>\ndreidimensionalen Gestalt entstehen lassen. Zusammen mit topografischen<br \/>\nKarten, Infografiken und Steckbriefen werden die individuellen Charakterz\u00fcge<br \/>\njedes Berges greifbar. Pers\u00f6nliche Erlebnisberichte und authentische<br \/>\nFotografien von den besten Alpinisten der Welt runden diesen ungew\u00f6hnlichen<br \/>\nBand ab.<\/p>\n<p>Sie k\u00fcnden von epochalen Besteigungen und neuen Routen, vom Scheitern und von<br \/>\nnoch zu bew\u00e4ltigenden Aufgaben und Visionen. So f\u00fcgen sich Originalzeugnisse<br \/>\nunterschiedlicher Epochen mit neuester, satellitengest\u00fctzter<br \/>\nVisualisierungstechnik, Besteigungshistorie und geografisches<br \/>\nHintergrundwissen zu einem Gesamtbild, das von der Erschlie\u00dfung neuer<br \/>\nHorizonte erz\u00e4hlt.<\/p>","protected":false},"excerpt":{"rendered":"<p>Berge, wie Sie sie noch nie gesehen haben Berge, an denen Geschichte geschrieben wurde: Dieser exklusive Band pr\u00e4sentiert sie auf v\u00f6llig neue Weise. Am Deutschen Zentrum f\u00fcr Luft- und Raumfahrt entstanden auf Basis von Satellitenaufnahmen aus mehreren Hundert Kilometer H\u00f6he hochgenaue digitale Abbilder der Gebirgslandschaften. Aus den erstellten Gel\u00e4ndemodellen schufen Wissenschaftler am Computer fotorealistische Abbilder. [&#8230;]\n","protected":false},"featured_media":39713,"template":"","meta":[],"product_brand":[],"product_cat":[21542],"product_tag":[],"class_list":{"0":"post-154202","1":"product","2":"type-product","3":"status-publish","4":"has-post-thumbnail","6":"product_cat-sachbuecher-dokumentationen","7":"pa_autor-dech-messner-sparwasser","8":"pa_erscheinungsjahr-21571","9":"pa_region-deutschland","10":"pa_sprache-de","12":"first","13":"instock","14":"taxable","15":"shipping-taxable","16":"purchasable","17":"product-type-simple"},"_links":{"self":[{"href":"https:\/\/pizbube.ch\/en\/wp-json\/wp\/v2\/product\/154202","targetHints":{"allow":["GET"]}}],"collection":[{"href":"https:\/\/pizbube.ch\/en\/wp-json\/wp\/v2\/product"}],"about":[{"href":"https:\/\/pizbube.ch\/en\/wp-json\/wp\/v2\/types\/product"}],"wp:featuredmedia":[{"embeddable":true,"href":"https:\/\/pizbube.ch\/en\/wp-json\/wp\/v2\/media\/39713"}],"wp:attachment":[{"href":"https:\/\/pizbube.ch\/en\/wp-json\/wp\/v2\/media?parent=154202"}],"wp:term":[{"taxonomy":"product_brand","embeddable":true,"href":"https:\/\/pizbube.ch\/en\/wp-json\/wp\/v2\/product_brand?post=154202"},{"taxonomy":"product_cat","embeddable":true,"href":"https:\/\/pizbube.ch\/en\/wp-json\/wp\/v2\/product_cat?post=154202"},{"taxonomy":"product_tag","embeddable":true,"href":"https:\/\/pizbube.ch\/en\/wp-json\/wp\/v2\/product_tag?post=154202"}],"curies":[{"name":"wp","href":"https:\/\/api.w.org\/{rel}","templated":true}]}}