{"id":154207,"date":"2021-01-15T14:24:42","date_gmt":"2021-01-15T14:24:42","guid":{"rendered":"https:\/\/codengine3.ch\/?product=import-placeholder-for-207351"},"modified":"2021-01-15T16:02:20","modified_gmt":"2021-01-15T16:02:20","slug":"vtt-hautes-alpes","status":"publish","type":"product","link":"https:\/\/pizbube.ch\/en\/shop\/vtt-hautes-alpes\/","title":{"rendered":"VTT HAUTES-ALPES"},"content":{"rendered":"<p>En parcourant ce VTOPO, vous d\u00e9couvrirez 96 circuits VTT pour tous, de la<br \/>\nbalade familiale au trac\u00e9 plus technique pour d\u00e9couvrir le potentiel du<br \/>\nd\u00e9partement des Hautes-Alpes. Inclus la travers\u00e9e du Queyras \u00e0 VTT. Avec des<br \/>\ndonn\u00e9es claires et d\u00e9taill\u00e9es, des cartes pr\u00e9cises, des infos utiles et des<br \/>\nphotos de qualit\u00e9, le VTOPO devient la r\u00e9f\u00e9rence indispensable pour profiter \u00e0<br \/>\n100% de ces massifs.<\/p>\n<p>Enfin tous les circuits sont \u00e9valu\u00e9s gr\u00e2ce \u00e0 un syst\u00e8me de cotation pertinent<br \/>\nallant de V1 \u00e0 V6. BUECH \/ GAPEN\u00c7AIS \/ DEVOLUY \/ CHAMPSAUR \/ EMBRUNNAIS \/<br \/>\nGUILLESTROIS \/ QUEYRAS \/ ECRINS \/ GRAND BRIAN\u00c7ONNAIS<\/p>","protected":false},"excerpt":{"rendered":"<p>En parcourant ce VTOPO, vous d\u00e9couvrirez 96 circuits VTT pour tous, de la balade familiale au trac\u00e9 plus technique pour d\u00e9couvrir le potentiel du d\u00e9partement des Hautes-Alpes. Inclus la travers\u00e9e du Queyras \u00e0 VTT. Avec des donn\u00e9es claires et d\u00e9taill\u00e9es, des cartes pr\u00e9cises, des infos utiles et des photos de qualit\u00e9, le VTOPO devient la [&#8230;]\n","protected":false},"featured_media":37195,"template":"","meta":[],"product_brand":[],"product_cat":[21606],"product_tag":[],"class_list":{"0":"post-154207","1":"product","2":"type-product","3":"status-publish","4":"has-post-thumbnail","6":"product_cat-mountainbikefuehrer","7":"pa_autor-fourcade-farrudja-pradon","8":"pa_erscheinungsjahr-21597","9":"pa_region-frankreich","10":"pa_sprache-fr","12":"first","13":"outofstock","14":"taxable","15":"shipping-taxable","16":"purchasable","17":"product-type-simple"},"_links":{"self":[{"href":"https:\/\/pizbube.ch\/en\/wp-json\/wp\/v2\/product\/154207","targetHints":{"allow":["GET"]}}],"collection":[{"href":"https:\/\/pizbube.ch\/en\/wp-json\/wp\/v2\/product"}],"about":[{"href":"https:\/\/pizbube.ch\/en\/wp-json\/wp\/v2\/types\/product"}],"wp:featuredmedia":[{"embeddable":true,"href":"https:\/\/pizbube.ch\/en\/wp-json\/wp\/v2\/media\/37195"}],"wp:attachment":[{"href":"https:\/\/pizbube.ch\/en\/wp-json\/wp\/v2\/media?parent=154207"}],"wp:term":[{"taxonomy":"product_brand","embeddable":true,"href":"https:\/\/pizbube.ch\/en\/wp-json\/wp\/v2\/product_brand?post=154207"},{"taxonomy":"product_cat","embeddable":true,"href":"https:\/\/pizbube.ch\/en\/wp-json\/wp\/v2\/product_cat?post=154207"},{"taxonomy":"product_tag","embeddable":true,"href":"https:\/\/pizbube.ch\/en\/wp-json\/wp\/v2\/product_tag?post=154207"}],"curies":[{"name":"wp","href":"https:\/\/api.w.org\/{rel}","templated":true}]}}