{"id":154208,"date":"2021-01-15T14:24:42","date_gmt":"2021-01-15T14:24:42","guid":{"rendered":"https:\/\/codengine3.ch\/?product=import-placeholder-for-206113"},"modified":"2021-01-15T14:46:29","modified_gmt":"2021-01-15T14:46:29","slug":"vtopo-provence-sud-experts","status":"publish","type":"product","link":"https:\/\/pizbube.ch\/en\/shop\/vtopo-provence-sud-experts\/","title":{"rendered":"VTOPO Provence Sud Experts"},"content":{"rendered":"<p>VTOPO Provence Sud Experts  <\/p>\n<p>Avec 45 circuits extr\u00eames, ce VTOPO vous emm\u00e8ne jusqu\u2019aux limites de la<br \/>\ngravit\u00e9 : enduro, freeride, DH&#8230;<br \/>\nZone : Bouches du Rh\u00f4ne Sud (C\u00f4te Bleue, Etoile, Garlaban, R\u00e9gagnas, Sainte-<br \/>\nBaume, FontBlanche Cassis, Marseille Carpiagne)<br \/>\n&#8211; 45 circuits d\u00e9taill\u00e9s<br \/>\n&#8211; Cartes pr\u00e9cises<br \/>\n&#8211; Nouveau Syst\u00e8me de cotation<br \/>\n&#8211; Enduro, freeride, descente<br \/>\n&#8211; Une section sp\u00e9ciale Freeride contenant 11 trac\u00e9s<\/p>","protected":false},"excerpt":{"rendered":"<p>VTOPO Provence Sud Experts Avec 45 circuits extr\u00eames, ce VTOPO vous emm\u00e8ne jusqu\u2019aux limites de la gravit\u00e9 : enduro, freeride, DH&#8230; Zone : Bouches du Rh\u00f4ne Sud (C\u00f4te Bleue, Etoile, Garlaban, R\u00e9gagnas, Sainte- Baume, FontBlanche Cassis, Marseille Carpiagne) &#8211; 45 circuits d\u00e9taill\u00e9s &#8211; Cartes pr\u00e9cises &#8211; Nouveau Syst\u00e8me de cotation &#8211; Enduro, freeride, descente &#8211; [&#8230;]\n","protected":false},"featured_media":35031,"template":"","meta":[],"product_brand":[],"product_cat":[21606],"product_tag":[],"class_list":{"0":"post-154208","1":"product","2":"type-product","3":"status-publish","4":"has-post-thumbnail","6":"product_cat-mountainbikefuehrer","7":"pa_autor-tassan","8":"pa_erscheinungsjahr-21776","9":"pa_region-frankreich","10":"pa_sprache-fr","12":"first","13":"outofstock","14":"taxable","15":"shipping-taxable","16":"purchasable","17":"product-type-simple"},"_links":{"self":[{"href":"https:\/\/pizbube.ch\/en\/wp-json\/wp\/v2\/product\/154208","targetHints":{"allow":["GET"]}}],"collection":[{"href":"https:\/\/pizbube.ch\/en\/wp-json\/wp\/v2\/product"}],"about":[{"href":"https:\/\/pizbube.ch\/en\/wp-json\/wp\/v2\/types\/product"}],"wp:featuredmedia":[{"embeddable":true,"href":"https:\/\/pizbube.ch\/en\/wp-json\/wp\/v2\/media\/35031"}],"wp:attachment":[{"href":"https:\/\/pizbube.ch\/en\/wp-json\/wp\/v2\/media?parent=154208"}],"wp:term":[{"taxonomy":"product_brand","embeddable":true,"href":"https:\/\/pizbube.ch\/en\/wp-json\/wp\/v2\/product_brand?post=154208"},{"taxonomy":"product_cat","embeddable":true,"href":"https:\/\/pizbube.ch\/en\/wp-json\/wp\/v2\/product_cat?post=154208"},{"taxonomy":"product_tag","embeddable":true,"href":"https:\/\/pizbube.ch\/en\/wp-json\/wp\/v2\/product_tag?post=154208"}],"curies":[{"name":"wp","href":"https:\/\/api.w.org\/{rel}","templated":true}]}}