{"id":154209,"date":"2021-01-15T14:24:42","date_gmt":"2021-01-15T14:24:42","guid":{"rendered":"https:\/\/codengine3.ch\/?product=import-placeholder-for-206114"},"modified":"2021-01-15T14:46:29","modified_gmt":"2021-01-15T14:46:29","slug":"vtopo-provence-sud-inities","status":"publish","type":"product","link":"https:\/\/pizbube.ch\/en\/shop\/vtopo-provence-sud-inities\/","title":{"rendered":"VTOPO Provence Sud Initi\u00e9s"},"content":{"rendered":"<p>Provence Sud Initi\u00e9s  <\/p>\n<p>Avec 45 circuits sportifs, ce VTOPO s\u2019adresse aux pratiquants r\u00e9guliers ou<br \/>\noccasionnels : rando, X Country, enduro l\u00e9ger.<br \/>\nZone : Bouches du Rh\u00f4ne Sud (C\u00f4te Bleue, Etoile, Garlaban, R\u00e9gagnas, Sainte-<br \/>\nBaume, FontBlanche Cassis, Marseille Carpiagne)<br \/>\n&#8211; 45 circuits d\u00e9taill\u00e9s<br \/>\n&#8211; Cartes pr\u00e9cises<br \/>\n&#8211; Nouveau Syst\u00e8me de cotation<br \/>\n&#8211; Rando, X Country, Enduro<br \/>\n&#8211; Des circuits urbains in\u00e9dits au coeur de Marseille  <\/p>","protected":false},"excerpt":{"rendered":"<p>Provence Sud Initi\u00e9s Avec 45 circuits sportifs, ce VTOPO s\u2019adresse aux pratiquants r\u00e9guliers ou occasionnels : rando, X Country, enduro l\u00e9ger. Zone : Bouches du Rh\u00f4ne Sud (C\u00f4te Bleue, Etoile, Garlaban, R\u00e9gagnas, Sainte- Baume, FontBlanche Cassis, Marseille Carpiagne) &#8211; 45 circuits d\u00e9taill\u00e9s &#8211; Cartes pr\u00e9cises &#8211; Nouveau Syst\u00e8me de cotation &#8211; Rando, X Country, Enduro [&#8230;]\n","protected":false},"featured_media":35032,"template":"","meta":[],"product_brand":[],"product_cat":[21606],"product_tag":[],"class_list":{"0":"post-154209","1":"product","2":"type-product","3":"status-publish","4":"has-post-thumbnail","6":"product_cat-mountainbikefuehrer","7":"pa_autor-tassan","8":"pa_erscheinungsjahr-21776","9":"pa_region-frankreich","10":"pa_sprache-fr","12":"first","13":"outofstock","14":"taxable","15":"shipping-taxable","16":"purchasable","17":"product-type-simple"},"_links":{"self":[{"href":"https:\/\/pizbube.ch\/en\/wp-json\/wp\/v2\/product\/154209","targetHints":{"allow":["GET"]}}],"collection":[{"href":"https:\/\/pizbube.ch\/en\/wp-json\/wp\/v2\/product"}],"about":[{"href":"https:\/\/pizbube.ch\/en\/wp-json\/wp\/v2\/types\/product"}],"wp:featuredmedia":[{"embeddable":true,"href":"https:\/\/pizbube.ch\/en\/wp-json\/wp\/v2\/media\/35032"}],"wp:attachment":[{"href":"https:\/\/pizbube.ch\/en\/wp-json\/wp\/v2\/media?parent=154209"}],"wp:term":[{"taxonomy":"product_brand","embeddable":true,"href":"https:\/\/pizbube.ch\/en\/wp-json\/wp\/v2\/product_brand?post=154209"},{"taxonomy":"product_cat","embeddable":true,"href":"https:\/\/pizbube.ch\/en\/wp-json\/wp\/v2\/product_cat?post=154209"},{"taxonomy":"product_tag","embeddable":true,"href":"https:\/\/pizbube.ch\/en\/wp-json\/wp\/v2\/product_tag?post=154209"}],"curies":[{"name":"wp","href":"https:\/\/api.w.org\/{rel}","templated":true}]}}