{"id":154220,"date":"2021-01-15T14:24:53","date_gmt":"2021-01-15T14:24:53","guid":{"rendered":"https:\/\/codengine3.ch\/?product=import-placeholder-for-205977"},"modified":"2021-01-15T14:45:24","modified_gmt":"2021-01-15T14:45:24","slug":"rewind-dvd","status":"publish","type":"product","link":"https:\/\/pizbube.ch\/en\/shop\/rewind-dvd\/","title":{"rendered":"REWIND DVD"},"content":{"rendered":"<p>We&#8217;re showing 20 min segments from three brand new climbing movies, including<br \/>\nMasters of Stone 6, Herakleia, and The Players. Here&#8217;s what you can expect<br \/>\nfrom my segment of The Players on the tour&#8230;<br \/>\nThis is just a taste of what you&#8217;ll find on the DVD, coming out this May. More<br \/>\nclimbs, more Players, more action! Additional &#8218;Players&#8216; you&#8217;ll see on the DVD<br \/>\ninclude Dave Graham, Lisa Rands, and Daniel Woods.  <\/p>\n<p>Mit f\u00fcnf Filmen in voller L\u00e4nge hat BS Production \u00fcber Jahre angesammelte<br \/>\nBilder von hunderten von Kletterern, wie sie das tun, was sie am Besten<br \/>\nk\u00f6nnen.<br \/>\nIn REWIND, kann man zur\u00fcckreisen um die Geschichten mit Hilfe von nie<br \/>\ngesehenem Bildmaterial zusammenzuf\u00fchren.<br \/>\nBegleite uns auf den Spuren von Dave Graham, Jason Kehl, Joe Kinder, Emily<br \/>\nHarrington, Chris Lindner und vielen, vielen mehr; ein nicht endenwollender<br \/>\nStrom von Action der \u00fcber 15 Jahre Klettergeschichte direkt vor deinen Augen<br \/>\nabspielt.  <\/p>","protected":false},"excerpt":{"rendered":"<p>We&#8217;re showing 20 min segments from three brand new climbing movies, including Masters of Stone 6, Herakleia, and The Players. Here&#8217;s what you can expect from my segment of The Players on the tour&#8230; This is just a taste of what you&#8217;ll find on the DVD, coming out this May. More climbs, more Players, more [&#8230;]\n","protected":false},"featured_media":34844,"template":"","meta":[],"product_brand":[],"product_cat":[21628],"product_tag":[],"class_list":{"0":"post-154220","1":"product","2":"type-product","3":"status-publish","4":"has-post-thumbnail","6":"product_cat-video-dvd-multimedia","7":"pa_autor-bs-prod","8":"pa_erscheinungsjahr-21693","9":"pa_region-amerika-nord","10":"pa_sprache-en","12":"first","13":"instock","14":"taxable","15":"shipping-taxable","16":"purchasable","17":"product-type-simple"},"_links":{"self":[{"href":"https:\/\/pizbube.ch\/en\/wp-json\/wp\/v2\/product\/154220","targetHints":{"allow":["GET"]}}],"collection":[{"href":"https:\/\/pizbube.ch\/en\/wp-json\/wp\/v2\/product"}],"about":[{"href":"https:\/\/pizbube.ch\/en\/wp-json\/wp\/v2\/types\/product"}],"wp:featuredmedia":[{"embeddable":true,"href":"https:\/\/pizbube.ch\/en\/wp-json\/wp\/v2\/media\/34844"}],"wp:attachment":[{"href":"https:\/\/pizbube.ch\/en\/wp-json\/wp\/v2\/media?parent=154220"}],"wp:term":[{"taxonomy":"product_brand","embeddable":true,"href":"https:\/\/pizbube.ch\/en\/wp-json\/wp\/v2\/product_brand?post=154220"},{"taxonomy":"product_cat","embeddable":true,"href":"https:\/\/pizbube.ch\/en\/wp-json\/wp\/v2\/product_cat?post=154220"},{"taxonomy":"product_tag","embeddable":true,"href":"https:\/\/pizbube.ch\/en\/wp-json\/wp\/v2\/product_tag?post=154220"}],"curies":[{"name":"wp","href":"https:\/\/api.w.org\/{rel}","templated":true}]}}