{"id":154221,"date":"2021-01-15T14:24:53","date_gmt":"2021-01-15T14:24:53","guid":{"rendered":"https:\/\/codengine3.ch\/?product=import-placeholder-for-203618"},"modified":"2021-01-15T14:24:57","modified_gmt":"2021-01-15T14:24:57","slug":"wolfgang-guellich-leben-in-der-senkrechten","status":"publish","type":"product","link":"https:\/\/pizbube.ch\/en\/shop\/wolfgang-guellich-leben-in-der-senkrechten\/","title":{"rendered":"Wolfgang G\u00fcllich Leben in der Senkrechten"},"content":{"rendered":"<p>Wie nur wenige pr\u00e4gte Wolfgang G\u00fcllich den senkrechten Sport. Er z\u00e4hlte zu den<br \/>\nprofiliertesten und besten Sportkletterern der Welt. G\u00fcllich, Jahrgang 1960,<br \/>\nsetzte in den 80er und zu Beginn der 90er Jahre des 20. Jahrhunderts neue<br \/>\nMa\u00dfst\u00e4be und hob das internationale Kletterniveau bis auf den extremen<br \/>\nSchwierigkeitsgrad XI an. Wolfgang G\u00fcllich war eine Ausnahmeerscheinung. Er<br \/>\nvereinigte die Gr\u00f6\u00dfe des Sportlers mit der Gr\u00f6\u00dfe der Pers\u00f6nlichkeit. Sportive<br \/>\nTalente gibt es viele. Was daraus wird ist eine Frage des Geistes. G\u00fcllich<br \/>\nbesa\u00df beides. Am 31. August 1992 erlag Wolfgang G\u00fcllich den Verletzungen eines<br \/>\nAutounfalls.<br \/>\nDie Biografie \u00fcber ihn, die ein gutes Jahr sp\u00e4ter erschien, war f\u00fcr viele<br \/>\nMenschen, Kletterer aber auch Nichtkletterer, eine faszinierende Gelegenheit<br \/>\nauf den Lebensspuren Wolfgang G\u00fcllichs zu wandeln. Noch bis heute sind<br \/>\nNachfragen nach dem Buch, das seit l\u00e4ngerem vergriffen ist, zu vernehmen. Dies<br \/>\nhat den Verlag veranlasst, die Biografie in einer kleinen St\u00fcckzahl erneut<br \/>\naufzulegen.<br \/>\nNeudruck der Originalauflage, 144 Seiten, 92 Farbbilder, s\/w-Abbildungen,<br \/>\ngebunden.<\/p>","protected":false},"excerpt":{"rendered":"<p>Wie nur wenige pr\u00e4gte Wolfgang G\u00fcllich den senkrechten Sport. Er z\u00e4hlte zu den profiliertesten und besten Sportkletterern der Welt. G\u00fcllich, Jahrgang 1960, setzte in den 80er und zu Beginn der 90er Jahre des 20. Jahrhunderts neue Ma\u00dfst\u00e4be und hob das internationale Kletterniveau bis auf den extremen Schwierigkeitsgrad XI an. Wolfgang G\u00fcllich war eine Ausnahmeerscheinung. Er [&#8230;]\n","protected":false},"featured_media":31266,"template":"","meta":[],"product_brand":[],"product_cat":[21542],"product_tag":[],"class_list":{"0":"post-154221","1":"product","2":"type-product","3":"status-publish","4":"has-post-thumbnail","6":"product_cat-sachbuecher-dokumentationen","7":"pa_autor-hepp","8":"pa_erscheinungsjahr-21776","9":"pa_region-deutschland","10":"pa_sprache-de","12":"first","13":"outofstock","14":"taxable","15":"shipping-taxable","16":"purchasable","17":"product-type-simple"},"_links":{"self":[{"href":"https:\/\/pizbube.ch\/en\/wp-json\/wp\/v2\/product\/154221","targetHints":{"allow":["GET"]}}],"collection":[{"href":"https:\/\/pizbube.ch\/en\/wp-json\/wp\/v2\/product"}],"about":[{"href":"https:\/\/pizbube.ch\/en\/wp-json\/wp\/v2\/types\/product"}],"wp:featuredmedia":[{"embeddable":true,"href":"https:\/\/pizbube.ch\/en\/wp-json\/wp\/v2\/media\/31266"}],"wp:attachment":[{"href":"https:\/\/pizbube.ch\/en\/wp-json\/wp\/v2\/media?parent=154221"}],"wp:term":[{"taxonomy":"product_brand","embeddable":true,"href":"https:\/\/pizbube.ch\/en\/wp-json\/wp\/v2\/product_brand?post=154221"},{"taxonomy":"product_cat","embeddable":true,"href":"https:\/\/pizbube.ch\/en\/wp-json\/wp\/v2\/product_cat?post=154221"},{"taxonomy":"product_tag","embeddable":true,"href":"https:\/\/pizbube.ch\/en\/wp-json\/wp\/v2\/product_tag?post=154221"}],"curies":[{"name":"wp","href":"https:\/\/api.w.org\/{rel}","templated":true}]}}