{"id":154222,"date":"2021-01-15T14:24:58","date_gmt":"2021-01-15T14:24:58","guid":{"rendered":"https:\/\/codengine3.ch\/?product=import-placeholder-for-203619"},"modified":"2021-01-15T14:25:01","modified_gmt":"2021-01-15T14:25:01","slug":"los","status":"publish","type":"product","link":"https:\/\/pizbube.ch\/en\/shop\/los\/","title":{"rendered":"LOS"},"content":{"rendered":"<p>LOS. Das ist das Leben, das ist das allt\u00e4gliche Abschiednehmen und: das ist<br \/>\ndas Verschwinden in den Tod. Eine ergreifende Geschichte \u00fcber die Ann\u00e4herung<br \/>\nan einen verstorbenen Freund, der sich eines Tages aufgemacht hatte, um nicht<br \/>\nmehr zur\u00fcckzukommen.<br \/>\nEin Charakterbild und Menschenschicksal in knappen, bildstarken S\u00e4tzen, die<br \/>\nlakonische Geschichte eines stillen Verschwindens im Sprachuniversum des Klaus<br \/>\nMerz. Eine Erz\u00e4hlung. 3 Zeichnungen.<\/p>","protected":false},"excerpt":{"rendered":"<p>LOS. Das ist das Leben, das ist das allt\u00e4gliche Abschiednehmen und: das ist das Verschwinden in den Tod. Eine ergreifende Geschichte \u00fcber die Ann\u00e4herung an einen verstorbenen Freund, der sich eines Tages aufgemacht hatte, um nicht mehr zur\u00fcckzukommen. Ein Charakterbild und Menschenschicksal in knappen, bildstarken S\u00e4tzen, die lakonische Geschichte eines stillen Verschwindens im Sprachuniversum des [&#8230;]\n","protected":false},"featured_media":31267,"template":"","meta":[],"product_brand":[],"product_cat":[21629],"product_tag":[],"class_list":{"0":"post-154222","1":"product","2":"type-product","3":"status-publish","4":"has-post-thumbnail","6":"product_cat-belletristik","7":"pa_autor-merz","8":"pa_erscheinungsjahr-21776","9":"pa_region-schweiz","10":"pa_sprache-de","12":"first","13":"instock","14":"taxable","15":"shipping-taxable","16":"purchasable","17":"product-type-simple"},"_links":{"self":[{"href":"https:\/\/pizbube.ch\/en\/wp-json\/wp\/v2\/product\/154222","targetHints":{"allow":["GET"]}}],"collection":[{"href":"https:\/\/pizbube.ch\/en\/wp-json\/wp\/v2\/product"}],"about":[{"href":"https:\/\/pizbube.ch\/en\/wp-json\/wp\/v2\/types\/product"}],"wp:featuredmedia":[{"embeddable":true,"href":"https:\/\/pizbube.ch\/en\/wp-json\/wp\/v2\/media\/31267"}],"wp:attachment":[{"href":"https:\/\/pizbube.ch\/en\/wp-json\/wp\/v2\/media?parent=154222"}],"wp:term":[{"taxonomy":"product_brand","embeddable":true,"href":"https:\/\/pizbube.ch\/en\/wp-json\/wp\/v2\/product_brand?post=154222"},{"taxonomy":"product_cat","embeddable":true,"href":"https:\/\/pizbube.ch\/en\/wp-json\/wp\/v2\/product_cat?post=154222"},{"taxonomy":"product_tag","embeddable":true,"href":"https:\/\/pizbube.ch\/en\/wp-json\/wp\/v2\/product_tag?post=154222"}],"curies":[{"name":"wp","href":"https:\/\/api.w.org\/{rel}","templated":true}]}}