{"id":154223,"date":"2021-01-15T14:24:58","date_gmt":"2021-01-15T14:24:58","guid":{"rendered":"https:\/\/codengine3.ch\/?product=import-placeholder-for-207433"},"modified":"2021-01-15T16:03:12","modified_gmt":"2021-01-15T16:03:12","slug":"der-oetscher-wanderungen-in-den-niederoesterreichischen-kalkalpen","status":"publish","type":"product","link":"https:\/\/pizbube.ch\/en\/shop\/der-oetscher-wanderungen-in-den-niederoesterreichischen-kalkalpen\/","title":{"rendered":"Der \u00d6tscher &#8211; Wanderungen in den nieder\u00f6sterreichischen Kalkalpen"},"content":{"rendered":"<p>Wandern in den \u00f6stlichsten Ostalpen: \u00d6tscher, Pielachtal, Du\u0308rrenstein: Auf<br \/>\nalten Wegen unterwegs in den Kalk- und Voralpen bei Wien.<\/p>\n<p>Der Gipfel des \u00d6tscher ist zwar nur 1893 Meter hoch, dennoch dominiert er von<br \/>\nallen Seiten sein Umland. Diese Region in den \u00f6stlichsten Ostalpen ist stark<br \/>\ndurch ihre fr\u00fchere Eisenerzeugung und die eng mit ihr verbundene<br \/>\nHolzgewinnung, durch ihre landwirtschaftlichen Besonderheiten, die<br \/>\nPilgerrouten nach Mariazell und den Sommerfrische-Tourismus gepr\u00e4gt. Den<br \/>\nWandernden bieten tiefe Schluchten, hohe Felsw\u00e4nde, der gr\u00f6\u00dfte Urwald<br \/>\nMitteleuropas am D\u00fcrrenstein, kleinr\u00e4umige Kulturlandschaften, klare Gew\u00e4sser<br \/>\nund \u00fcberraschende Fernsichten \u00e4u\u00dferst abwechslungsreiche Erlebnisse. Die<br \/>\nmeisten Etappenpunkte sind durch die Mariazellerbahn, einer der ersten<br \/>\nelektrifizierten Alpenbahnen, verbunden und bequem zu erreichen.  <\/p>\n<p>Dieser Wanderf\u00fchrer beschreibt in insgesamt 13 Tagesetappen einen<br \/>\nRundwanderweg um den \u00d6tscher, den Pielachtal Rundweg und die Besteigung des<br \/>\nD\u00fcrrensteins. Er erscheint anl\u00e4sslich der Er\u00f6ffnung der Nieder\u00f6sterreichischen<br \/>\nLandesausstellung in der \u00d6tscherregion, die das Ziel verfolgt, diese periphere<br \/>\nProblemregion durch St\u00e4rkung ihrer regionsspezifischen Potenziale in umwelt-<br \/>\nund sozialvertr\u00e4glichen Formen wieder gezielt aufzuwerten.  <\/p>","protected":false},"excerpt":{"rendered":"<p>Wandern in den \u00f6stlichsten Ostalpen: \u00d6tscher, Pielachtal, Du\u0308rrenstein: Auf alten Wegen unterwegs in den Kalk- und Voralpen bei Wien. Der Gipfel des \u00d6tscher ist zwar nur 1893 Meter hoch, dennoch dominiert er von allen Seiten sein Umland. Diese Region in den \u00f6stlichsten Ostalpen ist stark durch ihre fr\u00fchere Eisenerzeugung und die eng mit ihr verbundene [&#8230;]\n","protected":false},"featured_media":37426,"template":"","meta":[],"product_brand":[],"product_cat":[21605],"product_tag":[],"class_list":{"0":"post-154223","1":"product","2":"type-product","3":"status-publish","4":"has-post-thumbnail","6":"product_cat-wanderfuehrer-trekking","7":"pa_autor-baetzing-hoffert-hoesl","8":"pa_erscheinungsjahr-21597","9":"pa_region-oesterreich","10":"pa_sprache-de","12":"first","13":"instock","14":"taxable","15":"shipping-taxable","16":"purchasable","17":"product-type-simple"},"_links":{"self":[{"href":"https:\/\/pizbube.ch\/en\/wp-json\/wp\/v2\/product\/154223","targetHints":{"allow":["GET"]}}],"collection":[{"href":"https:\/\/pizbube.ch\/en\/wp-json\/wp\/v2\/product"}],"about":[{"href":"https:\/\/pizbube.ch\/en\/wp-json\/wp\/v2\/types\/product"}],"wp:featuredmedia":[{"embeddable":true,"href":"https:\/\/pizbube.ch\/en\/wp-json\/wp\/v2\/media\/37426"}],"wp:attachment":[{"href":"https:\/\/pizbube.ch\/en\/wp-json\/wp\/v2\/media?parent=154223"}],"wp:term":[{"taxonomy":"product_brand","embeddable":true,"href":"https:\/\/pizbube.ch\/en\/wp-json\/wp\/v2\/product_brand?post=154223"},{"taxonomy":"product_cat","embeddable":true,"href":"https:\/\/pizbube.ch\/en\/wp-json\/wp\/v2\/product_cat?post=154223"},{"taxonomy":"product_tag","embeddable":true,"href":"https:\/\/pizbube.ch\/en\/wp-json\/wp\/v2\/product_tag?post=154223"}],"curies":[{"name":"wp","href":"https:\/\/api.w.org\/{rel}","templated":true}]}}