{"id":154226,"date":"2021-01-15T14:25:00","date_gmt":"2021-01-15T14:25:00","guid":{"rendered":"https:\/\/codengine3.ch\/?product=import-placeholder-for-206044"},"modified":"2021-01-15T14:45:55","modified_gmt":"2021-01-15T14:45:55","slug":"der-bergkristall-die-neue-monte-rosa-huette-sac-dvd","status":"publish","type":"product","link":"https:\/\/pizbube.ch\/en\/shop\/der-bergkristall-die-neue-monte-rosa-huette-sac-dvd\/","title":{"rendered":"Der Bergkristall \u2013 Die neue Monte Rosa-H\u00fctte SAC. DVD"},"content":{"rendered":"<p>Zehn Baugeschichten, DVD, 26 min.  <\/p>\n<p>Die Neue Monte-Rosa-H\u00fctte SAC ist ein Projekt, das von der ETH Z\u00fcrich<br \/>\nanl\u00e4sslich ihres 150-j\u00e4hrigen Bestehens entwickelt und gemeinsam mit dem<br \/>\nSchweizer Alpen-Club SAC und mit Unterst\u00fctzung zahlreicher G\u00f6nner und<br \/>\nSponsoren realisiert wurde. Eine innovative Architektur und wegweisende<br \/>\nL\u00f6sungen in Bezug auf die Gewinnung und Nutzung von Energie und Wasser machen<br \/>\ndieses Projekt zu einem Meilenstein des nachhaltigen Bauens. Dank eines<br \/>\nausgekl\u00fcgelten Energiemanagementsystems kann sich das Geb\u00e4ude zu \u00fcber 90<br \/>\nProzent selbst mit Energie versorgen. Die Neue Monte-Rosa-H\u00fctte SAC wurde im<br \/>\nSeptember 2009 er\u00f6ffnet und mit verschiedenen namhaften Preisen aus der<br \/>\nTourismus- und Baubranche ausgezeichnet.<br \/>\nDer Film zeigt den Bau des &#8218;Bergkristalls&#8216;, wie die H\u00fctte wegen ihrer<br \/>\neigenwilligen Form und der silbern schimmernden Aluminiumh\u00fclle im Volksmund<br \/>\nschnell genannt wurde, und beleuchtet die Ideen und Konzepte hinter dem<br \/>\neinmaligen Projekt.  <\/p>","protected":false},"excerpt":{"rendered":"<p>Zehn Baugeschichten, DVD, 26 min. Die Neue Monte-Rosa-H\u00fctte SAC ist ein Projekt, das von der ETH Z\u00fcrich anl\u00e4sslich ihres 150-j\u00e4hrigen Bestehens entwickelt und gemeinsam mit dem Schweizer Alpen-Club SAC und mit Unterst\u00fctzung zahlreicher G\u00f6nner und Sponsoren realisiert wurde. Eine innovative Architektur und wegweisende L\u00f6sungen in Bezug auf die Gewinnung und Nutzung von Energie und Wasser [&#8230;]\n","protected":false},"featured_media":34938,"template":"","meta":[],"product_brand":[],"product_cat":[21628],"product_tag":[],"class_list":{"0":"post-154226","1":"product","2":"type-product","3":"status-publish","4":"has-post-thumbnail","6":"product_cat-video-dvd-multimedia","7":"pa_autor-gta","8":"pa_erscheinungsjahr-21693","9":"pa_region-schweiz","10":"pa_sprache-d","11":"pa_sprache-f","13":"first","14":"instock","15":"taxable","16":"shipping-taxable","17":"purchasable","18":"product-type-simple"},"_links":{"self":[{"href":"https:\/\/pizbube.ch\/en\/wp-json\/wp\/v2\/product\/154226","targetHints":{"allow":["GET"]}}],"collection":[{"href":"https:\/\/pizbube.ch\/en\/wp-json\/wp\/v2\/product"}],"about":[{"href":"https:\/\/pizbube.ch\/en\/wp-json\/wp\/v2\/types\/product"}],"wp:featuredmedia":[{"embeddable":true,"href":"https:\/\/pizbube.ch\/en\/wp-json\/wp\/v2\/media\/34938"}],"wp:attachment":[{"href":"https:\/\/pizbube.ch\/en\/wp-json\/wp\/v2\/media?parent=154226"}],"wp:term":[{"taxonomy":"product_brand","embeddable":true,"href":"https:\/\/pizbube.ch\/en\/wp-json\/wp\/v2\/product_brand?post=154226"},{"taxonomy":"product_cat","embeddable":true,"href":"https:\/\/pizbube.ch\/en\/wp-json\/wp\/v2\/product_cat?post=154226"},{"taxonomy":"product_tag","embeddable":true,"href":"https:\/\/pizbube.ch\/en\/wp-json\/wp\/v2\/product_tag?post=154226"}],"curies":[{"name":"wp","href":"https:\/\/api.w.org\/{rel}","templated":true}]}}