{"id":154232,"date":"2021-01-15T14:25:09","date_gmt":"2021-01-15T14:25:09","guid":{"rendered":"https:\/\/codengine3.ch\/?product=import-placeholder-for-206176"},"modified":"2026-01-13T13:50:48","modified_gmt":"2026-01-13T12:50:48","slug":"tauferer-ahrntal-150000-wk-82","status":"publish","type":"product","link":"https:\/\/pizbube.ch\/en\/shop\/tauferer-ahrntal-150000-wk-82\/","title":{"rendered":"Tauferer Ahrntal \/ Valle di Tures e Aurina 1:50&#8217;000 WK 82"},"content":{"rendered":"<p>Valle di Tures, Valle Aurina<br \/>\nWK 82 Taufers-Ahrntal\/Tures-Valle Aurina<br \/>\nTauferer Ahrntal &#8211; Valle di Tures e Aurina. 1:50&#8217;000<br \/>\nWandern &#8211; Rad &#8211; Skirouten<\/p>\n<p><span class=\"value\">Wanderkarte Tauferer Ahrntal, Valle di Tures e Aurina: Die Karte f\u00fcr Wandern, Fahrradfahren und viele weitere Aktivit\u00e4ten in der NaturKompass Wanderkarten sind einfach zu lesen und beinhalten trotzdem alle Informationen, die man f\u00fcr eine perfekte Wandertour, eine Fahrradrunde oder einen Ausflug ben\u00f6tigt. Sie bilden die Natur im passenden Ma\u00dfstab ab. Unz\u00e4hlige zus\u00e4tzliche Informationen werden vom Kartografie-Team laufend gepr\u00fcft und erweitert. Die pr\u00e4zise Kartografie beinhaltet alle offiziellen Wanderwege mit Namen und Wegnummer (wie Fernwege), Fahrradwege (mit Trails), Klettersteige, Gasth\u00e4user und H\u00fctten, Parkpl\u00e4tze, Bus &amp; Bahn, Skitouren und Loipen, Quellen, Badepl\u00e4tze und vieles mehr. Das macht die Karte ideal zum Entdecken neuer Ziele, zum Planen von Touren und zum Orientieren unterwegs. Ein intuitives Kartenbild der Landschaft entsteht durch die abgebildete Vegetation, H\u00f6henlinien, Felszeichnung sowie der Schummerung (Schattenwurf) der Berge.Ausstattung der Wanderkarte Tauferer Ahrntal, Valle di Tures e Aurina:- Ma\u00dfstab 1:50.000: 1cm auf der Hauptkarte entspricht 500m in der Natur- Dank des rei\u00df- und wetterfesten Papiers \u00fcberlebt die Karte jedes Wetter- Kartenausschnitt auch offline in der Kompass-Wanderkarten-App nutzbar- Aktiv Guide: Zusatzheft mit Detailkarten im Ma\u00dfstab von 1:25.000\u00dcber die Region: Das Tauferer Ahrntal in S\u00fcdtirol lockt mit einer unber\u00fchrten Naturlandschaft und imposanten Gipfeln wie dem Gro\u00dfen L\u00f6ffler und dem Zillertaler Hauptkamm. Hier findest du malerische Orte wie Sand in Taufers und St. Jakob.<\/span><\/p>","protected":false},"excerpt":{"rendered":"<p>Valle di Tures, Valle Aurina WK 82 Taufers-Ahrntal\/Tures-Valle Aurina Tauferer Ahrntal &#8211; Valle di Tures e Aurina. 1:50&#8217;000 Wandern &#8211; Rad &#8211; Skirouten Wanderkarte Tauferer Ahrntal, Valle di Tures e Aurina: Die Karte f\u00fcr Wandern, Fahrradfahren und viele weitere Aktivit\u00e4ten in der NaturKompass Wanderkarten sind einfach zu lesen und beinhalten trotzdem alle Informationen, die man [&#8230;]\n","protected":false},"featured_media":178564,"template":"","meta":[],"product_brand":[],"product_cat":[21543],"product_tag":[],"class_list":{"0":"post-154232","1":"product","2":"type-product","3":"status-publish","4":"has-post-thumbnail","6":"product_cat-landkarten","7":"pa_autor-kompass","8":"pa_erscheinungsjahr-27415","9":"pa_region-oesterreich","10":"pa_sprache-de-it","12":"first","13":"onbackorder","14":"taxable","15":"shipping-taxable","16":"purchasable","17":"product-type-simple"},"_links":{"self":[{"href":"https:\/\/pizbube.ch\/en\/wp-json\/wp\/v2\/product\/154232","targetHints":{"allow":["GET"]}}],"collection":[{"href":"https:\/\/pizbube.ch\/en\/wp-json\/wp\/v2\/product"}],"about":[{"href":"https:\/\/pizbube.ch\/en\/wp-json\/wp\/v2\/types\/product"}],"wp:featuredmedia":[{"embeddable":true,"href":"https:\/\/pizbube.ch\/en\/wp-json\/wp\/v2\/media\/178564"}],"wp:attachment":[{"href":"https:\/\/pizbube.ch\/en\/wp-json\/wp\/v2\/media?parent=154232"}],"wp:term":[{"taxonomy":"product_brand","embeddable":true,"href":"https:\/\/pizbube.ch\/en\/wp-json\/wp\/v2\/product_brand?post=154232"},{"taxonomy":"product_cat","embeddable":true,"href":"https:\/\/pizbube.ch\/en\/wp-json\/wp\/v2\/product_cat?post=154232"},{"taxonomy":"product_tag","embeddable":true,"href":"https:\/\/pizbube.ch\/en\/wp-json\/wp\/v2\/product_tag?post=154232"}],"curies":[{"name":"wp","href":"https:\/\/api.w.org\/{rel}","templated":true}]}}