{"id":154234,"date":"2021-01-15T14:25:10","date_gmt":"2021-01-15T14:25:10","guid":{"rendered":"https:\/\/codengine3.ch\/?product=import-placeholder-for-207424"},"modified":"2021-01-15T16:03:05","modified_gmt":"2021-01-15T16:03:05","slug":"mountainbiken-adamello","status":"publish","type":"product","link":"https:\/\/pizbube.ch\/en\/shop\/mountainbiken-adamello\/","title":{"rendered":"MOUNTAINBIKEN ADAMELLO"},"content":{"rendered":"<p>46 Touren zwischen Val Camonica und Val di Sole  <\/p>\n<p>Eine Auswahl an 46 Touren, die uns durch die Naturparks von Adamello und<br \/>\nStilfser Joch, die T\u00e4ler Valle Camonica und Val di Sole, bis hin zum Aprica<br \/>\nPass f\u00fchren. Dabei geht es \u00fcber den Tonale Pass und durch die Ortschaften<br \/>\nEdolo und Capo di Ponte. Ein Gebiet, reich an W\u00e4ldern, atemberaubenden<br \/>\nLandschaften, unber\u00fchrten Fleckchen und geschichtstr\u00e4chtigen Orten. Das alles<br \/>\nk\u00f6nnen wir mit unserem MTB auf tollen Pfaden erkunden, stets in Begleitung<br \/>\nimposanter Gletscher und hoher Gipfel, wie dem des Adamello mit seinen 3539 m<br \/>\nH\u00f6he.  <\/p>\n<p>Von einfachen, bequemen Ausfl\u00fcgen bis hin zu anspruchsvollen Strecken,<br \/>\nschnellen oder technischen Pfaden, langen und steilen Anstiegen ist alles<br \/>\ndabei, so dass jeder die ideale Tour f\u00fcr seinen Geschmack finden kann.<br \/>\nEin ganzheitlicher MTB-F\u00fchrer, mit dem man auf zwei R\u00e4dern ein traumhaftes<br \/>\nGebiet und Emotionen erleben kann, f\u00fcr die es sich lohnt zu schwitzen!  <\/p>","protected":false},"excerpt":{"rendered":"<p>46 Touren zwischen Val Camonica und Val di Sole Eine Auswahl an 46 Touren, die uns durch die Naturparks von Adamello und Stilfser Joch, die T\u00e4ler Valle Camonica und Val di Sole, bis hin zum Aprica Pass f\u00fchren. Dabei geht es \u00fcber den Tonale Pass und durch die Ortschaften Edolo und Capo di Ponte. Ein [&#8230;]\n","protected":false},"featured_media":37409,"template":"","meta":[],"product_brand":[],"product_cat":[21606],"product_tag":[],"class_list":{"0":"post-154234","1":"product","2":"type-product","3":"status-publish","4":"has-post-thumbnail","6":"product_cat-mountainbikefuehrer","7":"pa_autor-martinelli","8":"pa_erscheinungsjahr-21546","9":"pa_region-italien","10":"pa_sprache-de","12":"first","13":"instock","14":"taxable","15":"shipping-taxable","16":"purchasable","17":"product-type-simple"},"_links":{"self":[{"href":"https:\/\/pizbube.ch\/en\/wp-json\/wp\/v2\/product\/154234","targetHints":{"allow":["GET"]}}],"collection":[{"href":"https:\/\/pizbube.ch\/en\/wp-json\/wp\/v2\/product"}],"about":[{"href":"https:\/\/pizbube.ch\/en\/wp-json\/wp\/v2\/types\/product"}],"wp:featuredmedia":[{"embeddable":true,"href":"https:\/\/pizbube.ch\/en\/wp-json\/wp\/v2\/media\/37409"}],"wp:attachment":[{"href":"https:\/\/pizbube.ch\/en\/wp-json\/wp\/v2\/media?parent=154234"}],"wp:term":[{"taxonomy":"product_brand","embeddable":true,"href":"https:\/\/pizbube.ch\/en\/wp-json\/wp\/v2\/product_brand?post=154234"},{"taxonomy":"product_cat","embeddable":true,"href":"https:\/\/pizbube.ch\/en\/wp-json\/wp\/v2\/product_cat?post=154234"},{"taxonomy":"product_tag","embeddable":true,"href":"https:\/\/pizbube.ch\/en\/wp-json\/wp\/v2\/product_tag?post=154234"}],"curies":[{"name":"wp","href":"https:\/\/api.w.org\/{rel}","templated":true}]}}