{"id":154236,"date":"2021-01-15T14:25:17","date_gmt":"2021-01-15T14:25:17","guid":{"rendered":"https:\/\/codengine3.ch\/?product=import-placeholder-for-204145"},"modified":"2026-03-21T12:00:35","modified_gmt":"2026-03-21T11:00:35","slug":"das-grosse-schweizer-huettenspiel","status":"publish","type":"product","link":"https:\/\/pizbube.ch\/en\/shop\/das-grosse-schweizer-huettenspiel\/","title":{"rendered":"Das grosse Schweizer H\u00fcttenspiel"},"content":{"rendered":"<p><strong>Seine Ausr\u00fcstung zusammenstellen, Tour planen, Bergh\u00fctten besuchen \u2013 spannendes W\u00fcrfelspiel f\u00fcr 2 bis 6 Spielende.<br \/>\n<\/strong><\/p>\n<p>Wer schafft es am schnellsten, in jeder Region seine Bergh\u00fctten zu besuchen?<\/p>\n<p>Um diese anspruchsvolle Tour von H\u00fctte zu H\u00fctte erfolgreich zu absolvieren, m\u00fcssen zuerst passende Ausr\u00fcstungsgegenst\u00e4nde gesammelt werden. Die kluge Tourenplanung, ein SAC-Mitgliederausweis und W\u00fcrfelgl\u00fcck helfen, in den Bergen rascher vorw\u00e4rtszukommen. Bei Notf\u00e4llen muss auch mal der Rega-Helikopter eingreifen. In der H\u00fctte hilfst du beim Abwasch? Sehr gut, daf\u00fcr wirst du belohnt. Aber wehe dem, der in den Bergschuhen ins Zimmer poltert oder zu verschwenderisch mit Wasser umgeht!<\/p>\n<p>Das unterhaltsame W\u00fcrfelspiel f\u00fcr zwei bis sechs berg- und h\u00fcttenbegeisterte Spielerinnen und Spieler ist ab acht Jahren geeignet. Auf der Wanderung erf\u00e4hrt man viel Interessantes \u00fcber die SAC-H\u00fctten und die Privath\u00fctten \u2013 alle einmalig gelegen in den Schweizer Alpen.<\/p>\n<h4>Spielinhalt:<\/h4>\n<ul>\n<li>1 Spielbrett offen 75 x 55 cm<\/li>\n<li>160 H\u00fcttenkarten<\/li>\n<li>3 x 32 Ausr\u00fcstungskarten<\/li>\n<li>50 Actionkarten<\/li>\n<li>SAC-Mitgliederausweise, Rega-G\u00f6nnerausweise<\/li>\n<li>6 Spielfiguren<\/li>\n<li>2 W\u00fcrfel<\/li>\n<\/ul>\n<p>&nbsp;<\/p>\n<p><strong>Pr\u00e9parer son \u00e9quipement, planifier sa randonn\u00e9e, visiter des cabanes de montagne \u2013 un jeu de d\u00e9s passionnant pour 2 \u00e0 6 joueurs.<br \/>\n<\/strong>Qui parviendra le plus rapidement \u00e0 visiter ses cabanes de montagne dans chaque r\u00e9gion ?<\/p>\n<p>Pour r\u00e9ussir ce parcours exigeant de cabane en cabane, il faut d&#8217;abord pr\u00e9parer l&#8217;\u00e9quipement appropri\u00e9. Une planification d&#8217;itin\u00e9raire intelligente, une carte de membre du CAS et la chance au d\u00e9 aident \u00e0 progresser plus rapidement dans les montagnes. En cas d&#8217;urgence, l&#8217;h\u00e9licopt\u00e8re de la Rega doit parfois intervenir. Dans la cabane, tu aides \u00e0 faire la vaisselle ? Tr\u00e8s bien, tu seras r\u00e9compens\u00e9 pour cela. Mais gare \u00e0 celui qui entre dans la chambre avec ses chaussures de montagne ou qui gaspille trop d&#8217;eau !<\/p>\n<p>Ce jeu de d\u00e9s divertissant pour deux \u00e0 six joueurs convient \u00e0 partir de huit ans. Au cours de la randonn\u00e9e, on apprend beaucoup de choses int\u00e9ressantes sur les cabanes du CAS et sur les nombreuses cabanes priv\u00e9es, toutes situ\u00e9es dans des endroits uniques dans les Alpes suisses.<\/p>","protected":false},"excerpt":{"rendered":"<p>Seine Ausr\u00fcstung zusammenstellen, Tour planen, Bergh\u00fctten besuchen \u2013 spannendes W\u00fcrfelspiel f\u00fcr 2 bis 6 Spielende. Wer schafft es am schnellsten, in jeder Region seine Bergh\u00fctten zu besuchen? Um diese anspruchsvolle Tour von H\u00fctte zu H\u00fctte erfolgreich zu absolvieren, m\u00fcssen zuerst passende Ausr\u00fcstungsgegenst\u00e4nde gesammelt werden. Die kluge Tourenplanung, ein SAC-Mitgliederausweis und W\u00fcrfelgl\u00fcck helfen, in den Bergen [&#8230;]\n","protected":false},"featured_media":183536,"template":"","meta":[],"product_brand":[],"product_cat":[21836],"product_tag":[],"class_list":{"0":"post-154236","1":"product","2":"type-product","3":"status-publish","4":"has-post-thumbnail","6":"product_cat-geschenkideen","7":"pa_autor-sac","8":"pa_erscheinungsjahr-27654","9":"pa_region-schweiz","10":"pa_sprache-de-fr","12":"first","13":"instock","14":"taxable","15":"shipping-taxable","16":"purchasable","17":"product-type-simple"},"_links":{"self":[{"href":"https:\/\/pizbube.ch\/en\/wp-json\/wp\/v2\/product\/154236","targetHints":{"allow":["GET"]}}],"collection":[{"href":"https:\/\/pizbube.ch\/en\/wp-json\/wp\/v2\/product"}],"about":[{"href":"https:\/\/pizbube.ch\/en\/wp-json\/wp\/v2\/types\/product"}],"wp:featuredmedia":[{"embeddable":true,"href":"https:\/\/pizbube.ch\/en\/wp-json\/wp\/v2\/media\/183536"}],"wp:attachment":[{"href":"https:\/\/pizbube.ch\/en\/wp-json\/wp\/v2\/media?parent=154236"}],"wp:term":[{"taxonomy":"product_brand","embeddable":true,"href":"https:\/\/pizbube.ch\/en\/wp-json\/wp\/v2\/product_brand?post=154236"},{"taxonomy":"product_cat","embeddable":true,"href":"https:\/\/pizbube.ch\/en\/wp-json\/wp\/v2\/product_cat?post=154236"},{"taxonomy":"product_tag","embeddable":true,"href":"https:\/\/pizbube.ch\/en\/wp-json\/wp\/v2\/product_tag?post=154236"}],"curies":[{"name":"wp","href":"https:\/\/api.w.org\/{rel}","templated":true}]}}