{"id":154237,"date":"2021-01-15T14:25:17","date_gmt":"2021-01-15T14:25:17","guid":{"rendered":"https:\/\/codengine3.ch\/?product=import-placeholder-for-204204"},"modified":"2021-01-15T14:30:54","modified_gmt":"2021-01-15T14:30:54","slug":"frankreich-wanderungen-im-vercors-ueber-den-gr-9-gr-91-und-gr-93","status":"publish","type":"product","link":"https:\/\/pizbube.ch\/en\/shop\/frankreich-wanderungen-im-vercors-ueber-den-gr-9-gr-91-und-gr-93\/","title":{"rendered":"Frankreich: Wanderungen im Vercors \u00fcber den GR 9, GR 91 und GR 93"},"content":{"rendered":"<p>Begrenzt von den Fl\u00fcssen Is\u00e8re im Nordosten und Nordwesten, im S\u00fcden Dr\u00f4me und<br \/>\nim Osten Drac. Nicht umsonst war der Vercors im 2. Weltkrieg eine Hochburg der<br \/>\nfranz\u00f6sischen R\u00e9sistance. Auch heute noch l\u00e4sst sich dieses Gebirge nur \u00fcber<br \/>\nschmale und k\u00fchne Stra\u00dfen und auf einsamen Wanderpfaden erkunden. 1970<br \/>\nentstand der Parc Naturel R\u00e9gional du Vercors in diesem bizarr sch\u00f6nen Gebirge<br \/>\nzwischen Valence und Grenoble.<\/p>\n<p>Dieses gr\u00f6\u00dfte Naturschutzgebiet Frankreichs ist eine wild zerrissene<br \/>\nLandschaft mit vertr\u00e4umten kleinen Siedlungen, tiefen Schluchten, eigenartigen<br \/>\nHochebenen, wilden Felsabst\u00fcrzen und weitverzweigten H\u00f6hlensystemen. Der Grand<br \/>\nVeymont ist mit 2.341 m der h\u00f6chste Gipfel des Massivs. Der Fernwanderweg GR<br \/>\n91 \u00fcberquert den Park von Grenoble \u00fcber das Hochplateau hinunter nach Archiane<br \/>\nund Ch\u00e2tillon-en Diois. Der westliche Parkteil l\u00e4sst sich \u00fcber GR 9, GR93 und<br \/>\nGR 95 entdecken.<\/p>\n<p>Die Autoren beschreiben detailliert die Streckenf\u00fchrung und geben praktische<br \/>\nTipps \u00fcber Sehensw\u00fcrdigkeiten, \u00dcbernachtungsm\u00f6glichkeiten und Hinweise zu den<br \/>\nregionalen Spezialit\u00e4ten der franz\u00f6sischen K\u00fcche.<\/p>","protected":false},"excerpt":{"rendered":"<p>Begrenzt von den Fl\u00fcssen Is\u00e8re im Nordosten und Nordwesten, im S\u00fcden Dr\u00f4me und im Osten Drac. Nicht umsonst war der Vercors im 2. Weltkrieg eine Hochburg der franz\u00f6sischen R\u00e9sistance. Auch heute noch l\u00e4sst sich dieses Gebirge nur \u00fcber schmale und k\u00fchne Stra\u00dfen und auf einsamen Wanderpfaden erkunden. 1970 entstand der Parc Naturel R\u00e9gional du Vercors [&#8230;]\n","protected":false},"featured_media":31994,"template":"","meta":[],"product_brand":[],"product_cat":[21605],"product_tag":[],"class_list":{"0":"post-154237","1":"product","2":"type-product","3":"status-publish","4":"has-post-thumbnail","6":"product_cat-wanderfuehrer-trekking","7":"pa_autor-greiner-specht","8":"pa_erscheinungsjahr-21763","9":"pa_region-frankreich","10":"pa_sprache-de","12":"first","13":"outofstock","14":"taxable","15":"shipping-taxable","16":"purchasable","17":"product-type-simple"},"_links":{"self":[{"href":"https:\/\/pizbube.ch\/en\/wp-json\/wp\/v2\/product\/154237","targetHints":{"allow":["GET"]}}],"collection":[{"href":"https:\/\/pizbube.ch\/en\/wp-json\/wp\/v2\/product"}],"about":[{"href":"https:\/\/pizbube.ch\/en\/wp-json\/wp\/v2\/types\/product"}],"wp:featuredmedia":[{"embeddable":true,"href":"https:\/\/pizbube.ch\/en\/wp-json\/wp\/v2\/media\/31994"}],"wp:attachment":[{"href":"https:\/\/pizbube.ch\/en\/wp-json\/wp\/v2\/media?parent=154237"}],"wp:term":[{"taxonomy":"product_brand","embeddable":true,"href":"https:\/\/pizbube.ch\/en\/wp-json\/wp\/v2\/product_brand?post=154237"},{"taxonomy":"product_cat","embeddable":true,"href":"https:\/\/pizbube.ch\/en\/wp-json\/wp\/v2\/product_cat?post=154237"},{"taxonomy":"product_tag","embeddable":true,"href":"https:\/\/pizbube.ch\/en\/wp-json\/wp\/v2\/product_tag?post=154237"}],"curies":[{"name":"wp","href":"https:\/\/api.w.org\/{rel}","templated":true}]}}