{"id":154239,"date":"2021-01-15T14:25:18","date_gmt":"2021-01-15T14:25:18","guid":{"rendered":"https:\/\/codengine3.ch\/?product=import-placeholder-for-207022"},"modified":"2025-03-13T11:47:21","modified_gmt":"2025-03-13T10:47:21","slug":"schweiz-plaisir-selection","status":"publish","type":"product","link":"https:\/\/pizbube.ch\/en\/shop\/schweiz-plaisir-selection\/","title":{"rendered":"Schweiz plaisir SELECTION"},"content":{"rendered":"<p>Der neue Kletterf\u00fchrer zum 20-j\u00e4hrigen Plaisir-Jubil\u00e4um!<\/p>\n<p>Beschrieben werden die 115 sch\u00f6nsten Plaisirtouren (Mehrseill\u00e4ngen, 4b &#8211; 6c) von der Dauphin\u00e9 im S\u00fcdwesten bis in den Alpstein in Nordosten.<br \/>\nMit vielen Fotos, aktuellen Topos \u2013 jede Route wurde vom Verfasser im Jahr 2011 geklettert \u2013 und weiteren n\u00fctzlichen Infos.<\/p>\n<p>Zum 20-j\u00e4hrigen Plaisirjubil\u00e4um erscheint nun der vorliegende Kletterf\u00fchrer &#8218;Schweiz plaisir SELECTION&#8216;, eine Auswahl der sch\u00f6nsten Plaisirrouten von der Dauphin\u00e9 im S\u00fcdwesten bis ins Alpsteinmassiv im Nordosten. \u00dcber diese 20 Jahre hinweg \u2013 seit der ersten Ausgabe im Jahr 1992 \u2013 wurden in der Reihe der Plaisirf\u00fchrer unz\u00e4hlige Routen beschrieben. Einige davon wurden mit der Zeit wieder ausgemustert, weil sie den strengen Anforderungen nicht mehr Stand hielten oder neuen, sch\u00f6neren Routen Platz machen mussten!<\/p>\n<p>Jede der hier vorgestellten Routen bin ich im vergangenen Jahr mit Freunden geklettert, viele davon sind J\u00fcrgs Bohrmaschine entsprungen. Dabei habe ich fotografiert, Topos gezeichnet und die Schwierigkeiten teilweise neu bewertet. Obwohl alle Routen im Plaisirbereich liegen, k\u00f6nnen sie sehr verschieden sein. Zum einen bewegen sich die Schwierigkeiten der Routen zwischen 4b bis 6c, zum anderen weisen sie deutliche Unterschiede in Bezug auf die Absicherung und Ernsthaftigkeit auf.<\/p>\n<p>Die Gebiete sind in neun Regionen aufgeteilt. So habt ihr stets den \u00dcberblick und k\u00f6nnt euren Klettertrip optimal zusammenstellen. Auf eine Sch\u00f6nheitsbewertung der Routen oder der Gebiete habe ich absichtlich verzichtet, denn alle in diesem Kletterf\u00fchrer beschriebenen Routen sind auf ihre Art wundersch\u00f6n und k\u00f6nnen w\u00e4rmstens empfohlen werden!<\/p>\n<p>This is a very comprehensive rock climbing guidebook to the Alps covering Dauphine; Haute Savoie; Valle d&#8217;Aosta; Wallis [Valais] &#8211; Westliches BO; Ostliches BO &#8211; Zentralschweiz; Tessin; Nordostschweiz; Graubunden; Bergell. In English, French and German languages, with symbol information and drawn (mostly &#8211; some photo) topos.<\/p>\n","protected":false},"excerpt":{"rendered":"<ul>\n<li><a href=\"https:\/\/pizbube.ch\/wp-content\/uploads\/attachments\/a_002\/15A57467907B21DE24D852F382FB2915.pdf\" target=\"_blank\" rel=\"noopener\">PDF: <strong>beispielseiten_plaisir_selection<\/strong><\/a><\/li>\n<\/ul>","protected":false},"featured_media":156250,"template":"","meta":[],"product_brand":[],"product_cat":[21539],"product_tag":[],"class_list":{"0":"post-154239","1":"product","2":"type-product","3":"status-publish","4":"has-post-thumbnail","6":"product_cat-fuehrerliteratur-sportklettern-bouldern","7":"pa_autor-von-kaenel","8":"pa_erscheinungsjahr-21621","9":"pa_region-schweiz","10":"pa_sprache-d","11":"pa_sprache-e","12":"pa_sprache-f","14":"first","15":"outofstock","16":"taxable","17":"shipping-taxable","18":"purchasable","19":"product-type-simple"},"_links":{"self":[{"href":"https:\/\/pizbube.ch\/en\/wp-json\/wp\/v2\/product\/154239","targetHints":{"allow":["GET"]}}],"collection":[{"href":"https:\/\/pizbube.ch\/en\/wp-json\/wp\/v2\/product"}],"about":[{"href":"https:\/\/pizbube.ch\/en\/wp-json\/wp\/v2\/types\/product"}],"wp:featuredmedia":[{"embeddable":true,"href":"https:\/\/pizbube.ch\/en\/wp-json\/wp\/v2\/media\/156250"}],"wp:attachment":[{"href":"https:\/\/pizbube.ch\/en\/wp-json\/wp\/v2\/media?parent=154239"}],"wp:term":[{"taxonomy":"product_brand","embeddable":true,"href":"https:\/\/pizbube.ch\/en\/wp-json\/wp\/v2\/product_brand?post=154239"},{"taxonomy":"product_cat","embeddable":true,"href":"https:\/\/pizbube.ch\/en\/wp-json\/wp\/v2\/product_cat?post=154239"},{"taxonomy":"product_tag","embeddable":true,"href":"https:\/\/pizbube.ch\/en\/wp-json\/wp\/v2\/product_tag?post=154239"}],"curies":[{"name":"wp","href":"https:\/\/api.w.org\/{rel}","templated":true}]}}