{"id":154241,"date":"2021-01-15T14:25:25","date_gmt":"2021-01-15T14:25:25","guid":{"rendered":"https:\/\/codengine3.ch\/?product=import-placeholder-for-207384"},"modified":"2024-04-12T09:10:41","modified_gmt":"2024-04-12T07:10:41","slug":"die-schoensten-rundwanderungen-in-den-schweizer-alpen-2","status":"publish","type":"product","link":"https:\/\/pizbube.ch\/en\/shop\/die-schoensten-rundwanderungen-in-den-schweizer-alpen-2\/","title":{"rendered":"Die sch\u00f6nsten Rundwanderungen in den Schweizer Alpen"},"content":{"rendered":"<p>Rundwandern heisst immer wieder Neues entdecken &#8211; nicht zweimal den gleichen<br \/>\nWeg gehen m\u00fcssen und doch wieder an den Ausgangspunkt zur\u00fcckkehren. Dieses<br \/>\nBuch pr\u00e4sentiert 50 ausgew\u00e4hlte Rundwanderungen verschiedener L\u00e4nge und<br \/>\nSchwierigkeit in allen Regionen der Schweizer Alpen und im Jura.<\/p>\n<p>Wanderungen, die mit einer Vielfalt an Aus- und Einblicken nicht nur einen<br \/>\nmaximalen Erlebniswert bieten, sondern jeweils auch den Charakter einer ganzen<br \/>\nRegion erschliessen. Das ideale Buch f\u00fcr alle, die beim Wandern gerne bequem<br \/>\nan den Ausgangspunkt zur\u00fcckkehren und dennoch m\u00f6glichst vielf\u00e4ltige Eindr\u00fccke<br \/>\nsuchen.<\/p>\n<p>&#8211; Wandern und zur\u00fcck an den Ausgangspunkt.<br \/>\n&#8211; 50 ausgew\u00e4hlte Rundwanderungen verschiedener L\u00e4nge und Schwierigkeit in<br \/>\nallen Regionen der Schweizer Alpen und im Jura.<br \/>\n&#8211; Mit praktischen Informationen zum Gebiet und zur Wanderung sowie einer<br \/>\n\u00fcbersichtlichen Kartenskizze.<\/p>\n<p>Einband: Broschur mit Klappe<br \/>\nUmfang: 240 Seiten<br \/>\n3. Auflage 2021<\/p>","protected":false},"excerpt":{"rendered":"<p>Rundwandern heisst immer wieder Neues entdecken &#8211; nicht zweimal den gleichen Weg gehen m\u00fcssen und doch wieder an den Ausgangspunkt zur\u00fcckkehren. Dieses Buch pr\u00e4sentiert 50 ausgew\u00e4hlte Rundwanderungen verschiedener L\u00e4nge und Schwierigkeit in allen Regionen der Schweizer Alpen und im Jura. Wanderungen, die mit einer Vielfalt an Aus- und Einblicken nicht nur einen maximalen Erlebniswert bieten, [&#8230;]\n","protected":false},"featured_media":37300,"template":"","meta":[],"product_brand":[],"product_cat":[21605],"product_tag":[],"class_list":{"0":"post-154241","1":"product","2":"type-product","3":"status-publish","4":"has-post-thumbnail","6":"product_cat-wanderfuehrer-trekking","7":"pa_autor-coulin","8":"pa_erscheinungsjahr-25440","9":"pa_region-schweiz","10":"pa_sprache-de","12":"first","13":"instock","14":"taxable","15":"shipping-taxable","16":"purchasable","17":"product-type-simple"},"_links":{"self":[{"href":"https:\/\/pizbube.ch\/en\/wp-json\/wp\/v2\/product\/154241","targetHints":{"allow":["GET"]}}],"collection":[{"href":"https:\/\/pizbube.ch\/en\/wp-json\/wp\/v2\/product"}],"about":[{"href":"https:\/\/pizbube.ch\/en\/wp-json\/wp\/v2\/types\/product"}],"wp:featuredmedia":[{"embeddable":true,"href":"https:\/\/pizbube.ch\/en\/wp-json\/wp\/v2\/media\/37300"}],"wp:attachment":[{"href":"https:\/\/pizbube.ch\/en\/wp-json\/wp\/v2\/media?parent=154241"}],"wp:term":[{"taxonomy":"product_brand","embeddable":true,"href":"https:\/\/pizbube.ch\/en\/wp-json\/wp\/v2\/product_brand?post=154241"},{"taxonomy":"product_cat","embeddable":true,"href":"https:\/\/pizbube.ch\/en\/wp-json\/wp\/v2\/product_cat?post=154241"},{"taxonomy":"product_tag","embeddable":true,"href":"https:\/\/pizbube.ch\/en\/wp-json\/wp\/v2\/product_tag?post=154241"}],"curies":[{"name":"wp","href":"https:\/\/api.w.org\/{rel}","templated":true}]}}