{"id":154244,"date":"2021-01-15T14:25:26","date_gmt":"2021-01-15T14:25:26","guid":{"rendered":"https:\/\/codengine3.ch\/?product=import-placeholder-for-205703"},"modified":"2021-06-01T15:54:47","modified_gmt":"2021-06-01T13:54:47","slug":"die-schoensten-hoehenwege-der-schweiz","status":"publish","type":"product","link":"https:\/\/pizbube.ch\/en\/shop\/die-schoensten-hoehenwege-der-schweiz\/","title":{"rendered":"Die sch\u00f6nsten H\u00f6henwege der Schweiz"},"content":{"rendered":"<p>H\u00f6henweg-Klassiker und -Geheimtipps in den Schweizer Alpen.<br \/>\n180 Tagesetappen mit allen praktischen Informationen, Mit zwei- oder mehrt\u00e4gigen Touren.<\/p>\n<p>H\u00f6henwege geh\u00f6ren zu den beliebtesten Wanderwegen \u00fcberhaupt. Sie sind leicht zu bew\u00e4ltigen und faszinieren mit wechselnden Aus- und Tiefblicken. Auf 34 H\u00f6hentouren oder insgesamt 180 Tagesetappen &#8211; von H\u00f6henweg-Klassikern bis zu Geheimtipps, vom einfachen Tagesausflug auf der Rigi \u00fcber ein siebent\u00e4giges Trekking von Brig nach Zermatt bis zum abenteuerlichen Gratwandern am Rande des Verzascatals &#8211; lassen sich verschiedene Regionen der Schweiz aus der H\u00f6he erkunden. Durch das Schwergewicht auf zwei- oder mehrt\u00e4gigen Touren eignet sich das Buch besonders auch f\u00fcr Wochenendausfl\u00fcge oder mehrt\u00e4gige Fernwanderungen. Praktische Informationen und \u00dcbersichtskarten zu jeder Route erleichtern die Planung.<\/p>\n<p><span class=\"book_info\">1. Auflage 2021<br \/>\nEinband: Broschur mit Klappe<br \/>\nUmfang: 250 Seiten<br \/>\nFormat: 14.5 cm x 22 cm<\/span><\/p>","protected":false},"excerpt":{"rendered":"<p>H\u00f6henweg-Klassiker und -Geheimtipps in den Schweizer Alpen. 180 Tagesetappen mit allen praktischen Informationen, Mit zwei- oder mehrt\u00e4gigen Touren. H\u00f6henwege geh\u00f6ren zu den beliebtesten Wanderwegen \u00fcberhaupt. Sie sind leicht zu bew\u00e4ltigen und faszinieren mit wechselnden Aus- und Tiefblicken. Auf 34 H\u00f6hentouren oder insgesamt 180 Tagesetappen &#8211; von H\u00f6henweg-Klassikern bis zu Geheimtipps, vom einfachen Tagesausflug auf der [&#8230;]\n","protected":false},"featured_media":156765,"template":"","meta":[],"product_brand":[],"product_cat":[21605],"product_tag":[],"class_list":{"0":"post-154244","1":"product","2":"type-product","3":"status-publish","4":"has-post-thumbnail","6":"product_cat-wanderfuehrer-trekking","7":"pa_autor-hintermeister-vonwiller","8":"pa_erscheinungsjahr-25440","9":"pa_region-schweiz","10":"pa_sprache-de","12":"first","13":"instock","14":"taxable","15":"shipping-taxable","16":"purchasable","17":"product-type-simple"},"_links":{"self":[{"href":"https:\/\/pizbube.ch\/en\/wp-json\/wp\/v2\/product\/154244","targetHints":{"allow":["GET"]}}],"collection":[{"href":"https:\/\/pizbube.ch\/en\/wp-json\/wp\/v2\/product"}],"about":[{"href":"https:\/\/pizbube.ch\/en\/wp-json\/wp\/v2\/types\/product"}],"wp:featuredmedia":[{"embeddable":true,"href":"https:\/\/pizbube.ch\/en\/wp-json\/wp\/v2\/media\/156765"}],"wp:attachment":[{"href":"https:\/\/pizbube.ch\/en\/wp-json\/wp\/v2\/media?parent=154244"}],"wp:term":[{"taxonomy":"product_brand","embeddable":true,"href":"https:\/\/pizbube.ch\/en\/wp-json\/wp\/v2\/product_brand?post=154244"},{"taxonomy":"product_cat","embeddable":true,"href":"https:\/\/pizbube.ch\/en\/wp-json\/wp\/v2\/product_cat?post=154244"},{"taxonomy":"product_tag","embeddable":true,"href":"https:\/\/pizbube.ch\/en\/wp-json\/wp\/v2\/product_tag?post=154244"}],"curies":[{"name":"wp","href":"https:\/\/api.w.org\/{rel}","templated":true}]}}