{"id":154246,"date":"2021-01-15T14:25:26","date_gmt":"2021-01-15T14:25:26","guid":{"rendered":"https:\/\/codengine3.ch\/?product=import-placeholder-for-208643"},"modified":"2025-06-04T12:12:31","modified_gmt":"2025-06-04T10:12:31","slug":"gratwandern-schweiz-64-touren-zwischen-genfersee-und-bodensee","status":"publish","type":"product","link":"https:\/\/pizbube.ch\/en\/shop\/gratwandern-schweiz-64-touren-zwischen-genfersee-und-bodensee\/","title":{"rendered":"Gratwandern Schweiz &#8211; 64 Panorama-Touren der Extraklasse zwischen Genfersee und Bodensee"},"content":{"rendered":"<p>Wer gibt schon gerne die gro\u00dfartige Gipfelsicht auf, um wieder abzusteigen? Da<br \/>\nbleibt man lieber oben \u2013 und genie\u00dft auf einer Kammwanderung weiter tolle<br \/>\nAussichten und Gipfelgef\u00fchle. Dieser Auswahlf\u00fchrer beschreibt 64 Tagestouren,<br \/>\nmeist Rundtouren, von einfachen Kammwegen bis zu alpinen Gratwanderungen im<br \/>\nGebiet von den Waadtl\u00e4nder Alpen am Genfersee bis zum Alpstein nahe dem<br \/>\nBodensee.<\/p>\n<p>Die Palette reicht von einfachen Wegen f\u00fcr den Gratwander-Neuling bis hin zu<br \/>\nluftigen Graten f\u00fcr den erfahrenen Alpinwanderer. Klassifiziert werden die<br \/>\nTouren auf der T-Wanderskala des Schweizer Alpenclubs, wobei der Schwerpunkt<br \/>\nzwischen T3 (anspruchsvolles Bergwandern) und T5 (anspruchsvolles<br \/>\nAlpinwandern) liegt.<\/p>\n<p>3. Auflage 2025;<br \/>\n296 Seiten mit 100 Farbabbildungen<br \/>\n60 H\u00f6henprofile, 60 Tourenk\u00e4rtchen im Ma\u00dfstab 1:75.000, eine \u00dcbersichtskarte<br \/>\nund eine Tourenmatrix; Englische Broschur mit Umschlagklappe<\/p>","protected":false},"excerpt":{"rendered":"<ul>\n<li><a href=\"https:\/\/pizbube.ch\/wp-content\/uploads\/attachments\/a_031\/EEC2790907D64A3A298AF344F4C40804.pdf\" target=\"_blank\" rel=\"noopener\">PDF: gratwandern_schweiz_inhalt.pdf<\/a><\/li>\n<\/ul>","protected":false},"featured_media":179928,"template":"","meta":[],"product_brand":[],"product_cat":[21605],"product_tag":[],"class_list":{"0":"post-154246","1":"product","2":"type-product","3":"status-publish","4":"has-post-thumbnail","6":"product_cat-wanderfuehrer-trekking","7":"pa_autor-jung-kriz-froehlich","8":"pa_erscheinungsjahr-21571","9":"pa_region-schweiz","10":"pa_sprache-de","12":"first","13":"instock","14":"taxable","15":"shipping-taxable","16":"purchasable","17":"product-type-simple"},"_links":{"self":[{"href":"https:\/\/pizbube.ch\/en\/wp-json\/wp\/v2\/product\/154246","targetHints":{"allow":["GET"]}}],"collection":[{"href":"https:\/\/pizbube.ch\/en\/wp-json\/wp\/v2\/product"}],"about":[{"href":"https:\/\/pizbube.ch\/en\/wp-json\/wp\/v2\/types\/product"}],"wp:featuredmedia":[{"embeddable":true,"href":"https:\/\/pizbube.ch\/en\/wp-json\/wp\/v2\/media\/179928"}],"wp:attachment":[{"href":"https:\/\/pizbube.ch\/en\/wp-json\/wp\/v2\/media?parent=154246"}],"wp:term":[{"taxonomy":"product_brand","embeddable":true,"href":"https:\/\/pizbube.ch\/en\/wp-json\/wp\/v2\/product_brand?post=154246"},{"taxonomy":"product_cat","embeddable":true,"href":"https:\/\/pizbube.ch\/en\/wp-json\/wp\/v2\/product_cat?post=154246"},{"taxonomy":"product_tag","embeddable":true,"href":"https:\/\/pizbube.ch\/en\/wp-json\/wp\/v2\/product_tag?post=154246"}],"curies":[{"name":"wp","href":"https:\/\/api.w.org\/{rel}","templated":true}]}}