{"id":154247,"date":"2021-01-15T14:25:26","date_gmt":"2021-01-15T14:25:26","guid":{"rendered":"https:\/\/codengine3.ch\/?product=import-placeholder-for-203671"},"modified":"2021-01-15T14:25:31","modified_gmt":"2021-01-15T14:25:31","slug":"schrei-aus-stein-dvd","status":"publish","type":"product","link":"https:\/\/pizbube.ch\/en\/shop\/schrei-aus-stein-dvd\/","title":{"rendered":"Schrei aus Stein DVD"},"content":{"rendered":"<p>Der legend\u00e4re Himalaya-Bezwinger Roccia l\u00e4sst sich von dem j\u00fcngeren<br \/>\nFreeclimbing-Weltmeister Martin zum Zweikampf herausfordern. Es gilt, den<br \/>\nschwierigsten Berg der Erde zu besteigen die bislang unbezwungene 3.500 Meter<br \/>\nhohe, glatte Granitspitze des Cerro Torre in Patagonien. Doch die schlechte<br \/>\nWitterung verz\u00f6gert den Aufstieg. W\u00e4hrend Martin gelassen bleibt und sich die<br \/>\nWartezeit mit Schachspielen und Roccias Freundin vertreibt, reagiert sein<br \/>\nRivale zunehmend gereizter. Als Roccia das Camp verl\u00e4sst, um neuen Proviant zu<br \/>\nbesorgen, wagt Martin eigenm\u00e4chtig den Aufstieg. 101 min. DVD<\/p>","protected":false},"excerpt":{"rendered":"<p>Der legend\u00e4re Himalaya-Bezwinger Roccia l\u00e4sst sich von dem j\u00fcngeren Freeclimbing-Weltmeister Martin zum Zweikampf herausfordern. Es gilt, den schwierigsten Berg der Erde zu besteigen die bislang unbezwungene 3.500 Meter hohe, glatte Granitspitze des Cerro Torre in Patagonien. Doch die schlechte Witterung verz\u00f6gert den Aufstieg. W\u00e4hrend Martin gelassen bleibt und sich die Wartezeit mit Schachspielen und Roccias [&#8230;]\n","protected":false},"featured_media":31326,"template":"","meta":[],"product_brand":[],"product_cat":[21628],"product_tag":[],"class_list":{"0":"post-154247","1":"product","2":"type-product","3":"status-publish","4":"has-post-thumbnail","6":"product_cat-video-dvd-multimedia","7":"pa_autor-herzog","8":"pa_erscheinungsjahr-1991-2005","9":"pa_region-amerika-sued","10":"pa_sprache-de","12":"first","13":"outofstock","14":"taxable","15":"shipping-taxable","16":"purchasable","17":"product-type-simple"},"_links":{"self":[{"href":"https:\/\/pizbube.ch\/en\/wp-json\/wp\/v2\/product\/154247","targetHints":{"allow":["GET"]}}],"collection":[{"href":"https:\/\/pizbube.ch\/en\/wp-json\/wp\/v2\/product"}],"about":[{"href":"https:\/\/pizbube.ch\/en\/wp-json\/wp\/v2\/types\/product"}],"wp:featuredmedia":[{"embeddable":true,"href":"https:\/\/pizbube.ch\/en\/wp-json\/wp\/v2\/media\/31326"}],"wp:attachment":[{"href":"https:\/\/pizbube.ch\/en\/wp-json\/wp\/v2\/media?parent=154247"}],"wp:term":[{"taxonomy":"product_brand","embeddable":true,"href":"https:\/\/pizbube.ch\/en\/wp-json\/wp\/v2\/product_brand?post=154247"},{"taxonomy":"product_cat","embeddable":true,"href":"https:\/\/pizbube.ch\/en\/wp-json\/wp\/v2\/product_cat?post=154247"},{"taxonomy":"product_tag","embeddable":true,"href":"https:\/\/pizbube.ch\/en\/wp-json\/wp\/v2\/product_tag?post=154247"}],"curies":[{"name":"wp","href":"https:\/\/api.w.org\/{rel}","templated":true}]}}