{"id":154248,"date":"2021-01-15T14:25:26","date_gmt":"2021-01-15T14:25:26","guid":{"rendered":"https:\/\/codengine3.ch\/?product=import-placeholder-for-205309"},"modified":"2021-01-15T14:40:15","modified_gmt":"2021-01-15T14:40:15","slug":"bergbild-und-geistige-landesverteidigung","status":"publish","type":"product","link":"https:\/\/pizbube.ch\/en\/shop\/bergbild-und-geistige-landesverteidigung\/","title":{"rendered":"Bergbild und Geistige Landesverteidigung"},"content":{"rendered":"<p>Die visuelle Inszenierung der Alpen im massenmedialen Ensemble der modernen<br \/>\nSwitzerland  <\/p>\n<p>Die Jahre von 1900 bis 1938 waren gepr\u00e4gt von Industrialisierung und<br \/>\nUrbanisierung, von der Durchsetzung eines neuen massenmedialen Ensembles und<br \/>\ndem Aufstieg eines naturalisierten Nationalismus. In dieser Zeit hat sich ein<br \/>\nspezifisch schweizerisches Seinsverst\u00e4ndnis ausgebildet, das mit der Geistigen<br \/>\nLandesverteidigung als sch\u00fctzenswert erkl\u00e4rt wurde. Das Buch beleuchtet vor<br \/>\ndiesem Hintergrund den nationalen Bildhaushalt der modernen Schweiz: Nach 1900<br \/>\nerfolgte der erste pictorial turn des 20. Jahrhunderts, ein<br \/>\nVisualisierungsschub, der durch Medientechniken wie Autotypie, Kinematografie<br \/>\nund Rotationsdruckverfahren m\u00f6glich wurde und in eine eigentliche<br \/>\nBildkonjunktur \u00fcberging. Diese Entwicklung pr\u00e4gte den Umgang mit Bildern<br \/>\nmassgeblich. Besonders relevant waren die Umbru\u00fcche in den Sehgewohnheiten,<br \/>\ndie von der Urbanisierung sowie von der visuellen Unfassbarkeit der &#8218;leeren<br \/>\nSchlachtfelder&#8216; im Ersten Weltkrieg herr\u00fchrten. Gerade am Bergbild l\u00e4sst sich<br \/>\nzeigen, dass in dieser Zeit einerseits Bild- und Textdiskurse in ein neues<br \/>\nVerh\u00e4ltnis gebracht, andererseits althergebrachte Fotografien des b\u00fcrgerlichen<br \/>\nAlpinismus an einen fortschrittseuphorischen Patriotismus gekoppelt wurden und<br \/>\ndadurch das Selbstbild der Schweiz als Gotthardstaat mitformten. Die Ordnung<br \/>\nvisueller Diskurse mit ihren spezifischen Textbez\u00fcgen wird an zahlreichen<br \/>\nBeispielen von bisher nicht untersuchten filmischen und fotografischen Quellen<br \/>\nsowie an Presseerzeugnissen systematisch dargestellt.  <\/p>","protected":false},"excerpt":{"rendered":"<p>Die visuelle Inszenierung der Alpen im massenmedialen Ensemble der modernen Schweiz Die Jahre von 1900 bis 1938 waren gepr\u00e4gt von Industrialisierung und Urbanisierung, von der Durchsetzung eines neuen massenmedialen Ensembles und dem Aufstieg eines naturalisierten Nationalismus. In dieser Zeit hat sich ein spezifisch schweizerisches Seinsverst\u00e4ndnis ausgebildet, das mit der Geistigen Landesverteidigung als sch\u00fctzenswert erkl\u00e4rt wurde. [&#8230;]\n","protected":false},"featured_media":33978,"template":"","meta":[],"product_brand":[],"product_cat":[21542],"product_tag":[],"class_list":{"0":"post-154248","1":"product","2":"type-product","3":"status-publish","4":"has-post-thumbnail","6":"product_cat-sachbuecher-dokumentationen","7":"pa_autor-schnetzer","8":"pa_erscheinungsjahr-21693","9":"pa_region-schweiz","10":"pa_sprache-de","12":"first","13":"instock","14":"taxable","15":"shipping-taxable","16":"purchasable","17":"product-type-simple"},"_links":{"self":[{"href":"https:\/\/pizbube.ch\/en\/wp-json\/wp\/v2\/product\/154248","targetHints":{"allow":["GET"]}}],"collection":[{"href":"https:\/\/pizbube.ch\/en\/wp-json\/wp\/v2\/product"}],"about":[{"href":"https:\/\/pizbube.ch\/en\/wp-json\/wp\/v2\/types\/product"}],"wp:featuredmedia":[{"embeddable":true,"href":"https:\/\/pizbube.ch\/en\/wp-json\/wp\/v2\/media\/33978"}],"wp:attachment":[{"href":"https:\/\/pizbube.ch\/en\/wp-json\/wp\/v2\/media?parent=154248"}],"wp:term":[{"taxonomy":"product_brand","embeddable":true,"href":"https:\/\/pizbube.ch\/en\/wp-json\/wp\/v2\/product_brand?post=154248"},{"taxonomy":"product_cat","embeddable":true,"href":"https:\/\/pizbube.ch\/en\/wp-json\/wp\/v2\/product_cat?post=154248"},{"taxonomy":"product_tag","embeddable":true,"href":"https:\/\/pizbube.ch\/en\/wp-json\/wp\/v2\/product_tag?post=154248"}],"curies":[{"name":"wp","href":"https:\/\/api.w.org\/{rel}","templated":true}]}}