{"id":154259,"date":"2021-01-15T14:25:36","date_gmt":"2021-01-15T14:25:36","guid":{"rendered":"https:\/\/codengine3.ch\/?product=import-placeholder-for-207391"},"modified":"2023-06-27T11:52:47","modified_gmt":"2023-06-27T09:52:47","slug":"les-canyons-des-hautes-alpes-topographie","status":"publish","type":"product","link":"https:\/\/pizbube.ch\/en\/shop\/les-canyons-des-hautes-alpes-topographie\/","title":{"rendered":"Les canyons des Hautes Alpes &#8211; Topographie"},"content":{"rendered":"<p>C&#8217;est le premier ouvrage recensant le patrimoine en canyons des Hautes Alpes :<br \/>\n43 canyons dans le d\u00e9partement, mais aussi 18 canyons hors d\u00e9partement mais de<br \/>\nproximit\u00e9 (Haute Maurienne, Val di Susa, Val Varaita, Ubaye). Parmi ceux ci 33<br \/>\nsont des in\u00e9dits ! On y trouvera \u00e9videmment les 4 canyons mythiques (Oules de<br \/>\nFreissini\u00e8res, Chichin, Canyon de la Meije, Oules du Diable).<\/p>\n<p>Pour chaque site :<br \/>\nun profil topographique r\u00e9alis\u00e9 par l&#8217;auteur, guide et topographe, un plan<br \/>\nd&#8217;acc\u00e8s et son texte d&#8217;accompagnement, une analyse des caract\u00e9ristiques de ce<br \/>\ncanyon et de son int\u00e9r\u00eat, un tableau r\u00e9capitulatif des donn\u00e9es de ce canyon,<br \/>\nune ou plusieurs photos en couleur.<\/p>\n<p>Pour les jeunes enfants :<br \/>\nDes conseils d&#8217;\u00e9quipement, de mat\u00e9riel, de techniques adapt\u00e9es, une<br \/>\nmat\u00e9rialisation de 7 canyons parmi les 43 des Hautes Alpes.<\/p>\n<p>Pratique :<br \/>\nUn plan du d\u00e9partement avec la localisation de tous les canyons et des axes de<br \/>\ncommunication.<br \/>\nUn tableau r\u00e9capitulatif de toutes les donn\u00e9es des 61 canyons de cet ouvrage.<\/p>","protected":false},"excerpt":{"rendered":"<p>C&#8217;est le premier ouvrage recensant le patrimoine en canyons des Hautes Alpes : 43 canyons dans le d\u00e9partement, mais aussi 18 canyons hors d\u00e9partement mais de proximit\u00e9 (Haute Maurienne, Val di Susa, Val Varaita, Ubaye). Parmi ceux ci 33 sont des in\u00e9dits ! On y trouvera \u00e9videmment les 4 canyons mythiques (Oules de Freissini\u00e8res, Chichin, [&#8230;]\n","protected":false},"featured_media":37369,"template":"","meta":[],"product_brand":[],"product_cat":[21650],"product_tag":[],"class_list":{"0":"post-154259","1":"product","2":"type-product","3":"status-publish","4":"has-post-thumbnail","6":"product_cat-canyoningfuehrer","7":"pa_autor-vincens","8":"pa_erscheinungsjahr-21842","9":"pa_region-frankreich","10":"pa_sprache-fr","12":"first","13":"outofstock","14":"taxable","15":"shipping-taxable","16":"purchasable","17":"product-type-simple"},"_links":{"self":[{"href":"https:\/\/pizbube.ch\/en\/wp-json\/wp\/v2\/product\/154259","targetHints":{"allow":["GET"]}}],"collection":[{"href":"https:\/\/pizbube.ch\/en\/wp-json\/wp\/v2\/product"}],"about":[{"href":"https:\/\/pizbube.ch\/en\/wp-json\/wp\/v2\/types\/product"}],"wp:featuredmedia":[{"embeddable":true,"href":"https:\/\/pizbube.ch\/en\/wp-json\/wp\/v2\/media\/37369"}],"wp:attachment":[{"href":"https:\/\/pizbube.ch\/en\/wp-json\/wp\/v2\/media?parent=154259"}],"wp:term":[{"taxonomy":"product_brand","embeddable":true,"href":"https:\/\/pizbube.ch\/en\/wp-json\/wp\/v2\/product_brand?post=154259"},{"taxonomy":"product_cat","embeddable":true,"href":"https:\/\/pizbube.ch\/en\/wp-json\/wp\/v2\/product_cat?post=154259"},{"taxonomy":"product_tag","embeddable":true,"href":"https:\/\/pizbube.ch\/en\/wp-json\/wp\/v2\/product_tag?post=154259"}],"curies":[{"name":"wp","href":"https:\/\/api.w.org\/{rel}","templated":true}]}}