{"id":154264,"date":"2021-01-15T14:25:44","date_gmt":"2021-01-15T14:25:44","guid":{"rendered":"https:\/\/codengine3.ch\/?product=import-placeholder-for-204229"},"modified":"2021-01-15T14:31:05","modified_gmt":"2021-01-15T14:31:05","slug":"mountainbiken-in-suedtirol","status":"publish","type":"product","link":"https:\/\/pizbube.ch\/en\/shop\/mountainbiken-in-suedtirol\/","title":{"rendered":"Mountainbiken in S\u00fcdtirol"},"content":{"rendered":"<p>Das einzigartige Konzept mit Luftbildern &#8211; jeweils der ganze Tourenverlauf auf<br \/>\neinen Blick, erg\u00e4nzt durch ein H\u00f6henprofil: die 50 sch\u00f6nsten und<br \/>\ninteressantesten Mountainbike-Touren in verschiedenen Schwierigkeitsgraden.<br \/>\nMit Angaben zu Unterk\u00fcnften und Naviagtions-CD.<br \/>\nbroschiert mit Klappen, 103 Farbfotos, 30 fbg. topogr. Karten, 30<br \/>\nH\u00f6henprofile.<\/p>","protected":false},"excerpt":{"rendered":"<p>Das einzigartige Konzept mit Luftbildern &#8211; jeweils der ganze Tourenverlauf auf einen Blick, erg\u00e4nzt durch ein H\u00f6henprofil: die 50 sch\u00f6nsten und interessantesten Mountainbike-Touren in verschiedenen Schwierigkeitsgraden. Mit Angaben zu Unterk\u00fcnften und Naviagtions-CD. broschiert mit Klappen, 103 Farbfotos, 30 fbg. topogr. Karten, 30 H\u00f6henprofile.<\/p>","protected":false},"featured_media":32024,"template":"","meta":[],"product_brand":[],"product_cat":[21606],"product_tag":[],"class_list":{"0":"post-154264","1":"product","2":"type-product","3":"status-publish","4":"has-post-thumbnail","6":"product_cat-mountainbikefuehrer","7":"pa_autor-gruber-ladurner","8":"pa_erscheinungsjahr-21763","9":"pa_region-italien","10":"pa_sprache-de","12":"first","13":"outofstock","14":"taxable","15":"shipping-taxable","16":"purchasable","17":"product-type-simple"},"_links":{"self":[{"href":"https:\/\/pizbube.ch\/en\/wp-json\/wp\/v2\/product\/154264","targetHints":{"allow":["GET"]}}],"collection":[{"href":"https:\/\/pizbube.ch\/en\/wp-json\/wp\/v2\/product"}],"about":[{"href":"https:\/\/pizbube.ch\/en\/wp-json\/wp\/v2\/types\/product"}],"wp:featuredmedia":[{"embeddable":true,"href":"https:\/\/pizbube.ch\/en\/wp-json\/wp\/v2\/media\/32024"}],"wp:attachment":[{"href":"https:\/\/pizbube.ch\/en\/wp-json\/wp\/v2\/media?parent=154264"}],"wp:term":[{"taxonomy":"product_brand","embeddable":true,"href":"https:\/\/pizbube.ch\/en\/wp-json\/wp\/v2\/product_brand?post=154264"},{"taxonomy":"product_cat","embeddable":true,"href":"https:\/\/pizbube.ch\/en\/wp-json\/wp\/v2\/product_cat?post=154264"},{"taxonomy":"product_tag","embeddable":true,"href":"https:\/\/pizbube.ch\/en\/wp-json\/wp\/v2\/product_tag?post=154264"}],"curies":[{"name":"wp","href":"https:\/\/api.w.org\/{rel}","templated":true}]}}