{"id":154265,"date":"2021-01-15T14:25:44","date_gmt":"2021-01-15T14:25:44","guid":{"rendered":"https:\/\/codengine3.ch\/?product=import-placeholder-for-205039"},"modified":"2021-07-01T12:15:46","modified_gmt":"2021-07-01T10:15:46","slug":"singletrail-map-026-scuol-val-muestair-150000","status":"publish","type":"product","link":"https:\/\/pizbube.ch\/en\/shop\/singletrail-map-026-scuol-val-muestair-150000\/","title":{"rendered":"Singletrail Map 026 M\u00fcnstertal. 1:50&#8217;000"},"content":{"rendered":"<p>Das Kartenblatt Scuol\/Val M\u00fcstair umfasst das gesamte M\u00fcnstertal und Teil der<br \/>\noberen Vinschgaus. Es enth\u00e4lt Singletrail-Highlights wie den Fuorcla Sesvenna,<br \/>\nden Fuorcla da Rims, das Val Mora, den Passo Gallo, den Pass Costainas und das<br \/>\nVal d&#8217;Uina<\/p>\n<p>Das detailliert aufbereitete Routennetz f\u00fcr Mountainbiker ist eingeteilt in<br \/>\nvier Schwierigkeitsgrade (einfach; mittel; schwierig; extrem), zudem ist die<br \/>\nWegbeschaffenheit erkennbar (Singletrail, Kiesweg, Asphaltstrasse). Damit sind<br \/>\ndie Karten f\u00fcr Anf\u00e4nger wie auch f\u00fcr versierte Freerider geeignet. Alle<br \/>\nSingletrail Maps sind auf ein reiss- und wasserfestes Spezialpapier gedruckt<br \/>\nund basieren auf dem Kartenmassstab 1:50&#8217;000.<\/p>\n<p>Auf der R\u00fcckseite sind die jeweils zehn attraktivsten Routen der Region<br \/>\nausf\u00fchrlich beschrieben.<\/p>\n<p>Abdeckung:<br \/>\n<span class=\"value\">Zernez, Livigno, St. Maria, M\u00fcstair, Mals, Prad, Passo Stelvio (Stilfserjoch), ScuolInhalt:Routennetz f\u00fcr Mountainbiker, Bikeshops, Bahnh\u00f6fe, Spit\u00e4ler, HighlightsRoutenbeschriebe:Val Plavna, Val d\u00b4Uina, Pass Costainas, Val Mora, Passo Gallo, Bocchetta di Forcola, Goldsee-Trail \/ Piz Chavalatsch, Tibet-Trail, Lichtenberg-Scharte, Malettes<\/span><\/p>\n<p>Dieses Blatt ersetzt den Titel:<br \/>\nSingletrail Map 026: Scuol\/Val M\u00fcstair. 1:50&#8217;000<\/p>\n<h1 class=\"biblioTitle\"><span class=\"value\">\u00a0<\/span><\/h1>","protected":false},"excerpt":{"rendered":"<p>Das Kartenblatt Scuol\/Val M\u00fcstair umfasst das gesamte M\u00fcnstertal und Teil der oberen Vinschgaus. Es enth\u00e4lt Singletrail-Highlights wie den Fuorcla Sesvenna, den Fuorcla da Rims, das Val Mora, den Passo Gallo, den Pass Costainas und das Val d&#8217;Uina Das detailliert aufbereitete Routennetz f\u00fcr Mountainbiker ist eingeteilt in vier Schwierigkeitsgrade (einfach; mittel; schwierig; extrem), zudem ist die [&#8230;]\n","protected":false},"featured_media":157580,"template":"","meta":[],"product_brand":[],"product_cat":[21543],"product_tag":[26879],"class_list":{"0":"post-154265","1":"product","2":"type-product","3":"status-publish","4":"has-post-thumbnail","6":"product_cat-landkarten","7":"product_tag-singletrail-map-026-scuol-val-muestair-150000","8":"pa_autor-ssp","9":"pa_erscheinungsjahr-21597","10":"pa_region-schweiz","11":"pa_sprache-de-it","13":"first","14":"outofstock","15":"taxable","16":"shipping-taxable","17":"purchasable","18":"product-type-simple"},"_links":{"self":[{"href":"https:\/\/pizbube.ch\/en\/wp-json\/wp\/v2\/product\/154265","targetHints":{"allow":["GET"]}}],"collection":[{"href":"https:\/\/pizbube.ch\/en\/wp-json\/wp\/v2\/product"}],"about":[{"href":"https:\/\/pizbube.ch\/en\/wp-json\/wp\/v2\/types\/product"}],"wp:featuredmedia":[{"embeddable":true,"href":"https:\/\/pizbube.ch\/en\/wp-json\/wp\/v2\/media\/157580"}],"wp:attachment":[{"href":"https:\/\/pizbube.ch\/en\/wp-json\/wp\/v2\/media?parent=154265"}],"wp:term":[{"taxonomy":"product_brand","embeddable":true,"href":"https:\/\/pizbube.ch\/en\/wp-json\/wp\/v2\/product_brand?post=154265"},{"taxonomy":"product_cat","embeddable":true,"href":"https:\/\/pizbube.ch\/en\/wp-json\/wp\/v2\/product_cat?post=154265"},{"taxonomy":"product_tag","embeddable":true,"href":"https:\/\/pizbube.ch\/en\/wp-json\/wp\/v2\/product_tag?post=154265"}],"curies":[{"name":"wp","href":"https:\/\/api.w.org\/{rel}","templated":true}]}}