{"id":154266,"date":"2021-01-15T14:25:44","date_gmt":"2021-01-15T14:25:44","guid":{"rendered":"https:\/\/codengine3.ch\/?product=import-placeholder-for-206185"},"modified":"2023-03-24T17:40:49","modified_gmt":"2023-03-24T16:40:49","slug":"bleau-a-bloc-vol-1-version-franc","status":"publish","type":"product","link":"https:\/\/pizbube.ch\/en\/shop\/bleau-a-bloc-vol-1-version-franc\/","title":{"rendered":"BLEAU \u00c0 BLOC Vol. 1 (version fran\u00e7.)"},"content":{"rendered":"<p>Bouldering \u00e0 Fontainebleau<\/p>\n<p>Si vous ne connaissez pas encore Fontainebleau et que vous \u00eates sur le point<br \/>\nde d\u00e9couvrir ce lieu magique, d\u00e8s les premi\u00e8res pages de ce guide vous<br \/>\ncomprendrez pourquoi ses massif de gr\u00e8s sont les plus c\u00e9l\u00e8bres dans le monde<br \/>\nde l\u2019escalade. Si en revanche vous avez d\u00e9j\u00e0 fr\u00e9quent\u00e9 la for\u00eat, ce guide vous<br \/>\nfournira, gr\u00e2ce \u00e0 ses explications, ses croquis e ses photos, un moyen clair<br \/>\net efficace de choisir vos prochains objectifs en un clin d\u2019oeil.<br \/>\nChaque bloc est d\u00e9crit par ses lignes plus que par le niveau de ses passages<br \/>\nparce l\u2019escalade est avant tout un rapport \u00e9troit entre le grimpeur et la<br \/>\nroche.<\/p>\n<p>Isatis Cuvier Cuisini\u00e8re Apremont Salamandre Rocher Canon Rocher d\u2019Avon Gorges<br \/>\ndu Houx Rocher Cassepot Rocher du Calvaire Rocher de Bouligny Rocher Saint<br \/>\nGermain Rocher des Demoiselles Mont Ussy \u2013 Roche Hercule<\/p>","protected":false},"excerpt":{"rendered":"<p>Bouldering \u00e0 Fontainebleau Si vous ne connaissez pas encore Fontainebleau et que vous \u00eates sur le point de d\u00e9couvrir ce lieu magique, d\u00e8s les premi\u00e8res pages de ce guide vous comprendrez pourquoi ses massif de gr\u00e8s sont les plus c\u00e9l\u00e8bres dans le monde de l\u2019escalade. Si en revanche vous avez d\u00e9j\u00e0 fr\u00e9quent\u00e9 la for\u00eat, ce [&#8230;]\n","protected":false},"featured_media":35132,"template":"","meta":[],"product_brand":[],"product_cat":[21539],"product_tag":[],"class_list":{"0":"post-154266","1":"product","2":"type-product","3":"status-publish","4":"has-post-thumbnail","6":"product_cat-fuehrerliteratur-sportklettern-bouldern","7":"pa_autor-godoffe","8":"pa_erscheinungsjahr-21830","9":"pa_region-frankreich","10":"pa_sprache-fr","12":"first","13":"outofstock","14":"taxable","15":"shipping-taxable","16":"purchasable","17":"product-type-simple"},"_links":{"self":[{"href":"https:\/\/pizbube.ch\/en\/wp-json\/wp\/v2\/product\/154266","targetHints":{"allow":["GET"]}}],"collection":[{"href":"https:\/\/pizbube.ch\/en\/wp-json\/wp\/v2\/product"}],"about":[{"href":"https:\/\/pizbube.ch\/en\/wp-json\/wp\/v2\/types\/product"}],"wp:featuredmedia":[{"embeddable":true,"href":"https:\/\/pizbube.ch\/en\/wp-json\/wp\/v2\/media\/35132"}],"wp:attachment":[{"href":"https:\/\/pizbube.ch\/en\/wp-json\/wp\/v2\/media?parent=154266"}],"wp:term":[{"taxonomy":"product_brand","embeddable":true,"href":"https:\/\/pizbube.ch\/en\/wp-json\/wp\/v2\/product_brand?post=154266"},{"taxonomy":"product_cat","embeddable":true,"href":"https:\/\/pizbube.ch\/en\/wp-json\/wp\/v2\/product_cat?post=154266"},{"taxonomy":"product_tag","embeddable":true,"href":"https:\/\/pizbube.ch\/en\/wp-json\/wp\/v2\/product_tag?post=154266"}],"curies":[{"name":"wp","href":"https:\/\/api.w.org\/{rel}","templated":true}]}}