{"id":154269,"date":"2021-01-15T14:25:53","date_gmt":"2021-01-15T14:25:53","guid":{"rendered":"https:\/\/codengine3.ch\/?product=import-placeholder-for-206657"},"modified":"2021-04-06T09:31:02","modified_gmt":"2021-04-06T07:31:02","slug":"extremklettern-am-ende-der-welt-stefan-glowacz-expeditionen","status":"publish","type":"product","link":"https:\/\/pizbube.ch\/en\/shop\/extremklettern-am-ende-der-welt-stefan-glowacz-expeditionen\/","title":{"rendered":"Extremklettern am Ende der Welt \/ Stefan Glowacz Expeditionen"},"content":{"rendered":"<p>Einen Bildband in dieser Vielfalt hat noch kein Extremkletterer vor ihm<br \/>\nver\u00f6ffentlicht. Davon ist Stefan Glowacz \u00fcberzeugt. Auf 240 Seiten erz\u00e4hlt das<br \/>\nWerk &#8218;Stefan Glowacz \u2013 Expeditionen&#8216; seine Geschichte in Bildern. Es ist jener<br \/>\nTeil seines Lebens, der ihn gepr\u00e4gt hat und pr\u00e4gen wird: das Erforschen<br \/>\nunbekannter Gegenden und Gipfel. 180 Bilder entf\u00fchren den Betrachter zu acht<br \/>\nOrten dieser Welt, an denen Glowacz und sein Team als Pioniere<br \/>\nAu\u00dferordentliches geleistet haben. Die Aufnahmen zeigen Emotionen und<br \/>\nImpressionen, die auch den Profi-Kletterer ergreifen. Der Bildband, den er mit<br \/>\nEhefrau und Kreativdirektorin Tanja Val\u00e9rien-Glowacz zusammengestellt hat,<br \/>\nwurde am 13. September erstmals ver\u00f6ffentlicht. Gewidmet ist er einem Freund:<br \/>\nKletterlegende Kurt Albert, der im Herbst 2010 t\u00f6dlich verungl\u00fcckte.<\/p>\n<p>Der Betrachter schl\u00e4gt das Buch auf und beginnt eine Reise. Zu Orten, die er<br \/>\nnoch nie gesehen hat, auf Gipfel, von denen er getr\u00e4umt hat, zu Emotionen, die<br \/>\nwenige erleben werden. Und doch ist er Teil davon. 180 Bilder erz\u00e4hlen von<br \/>\nacht der wichtigsten Expeditionen, zu denen Stefan Glowacz zwischen 1995 und<br \/>\n2011 aufgebrochen ist. &#8218;Als Einheit erz\u00e4hlen die Bilder eine Geschichte.<br \/>\nEbenso steht jedes Bild in seiner Einzigartigkeit f\u00fcr sich.&#8216; Auch Glowacz\u2019<br \/>\nerg\u00e4nzende Worte im Buch fesseln in ihrer unverbl\u00fcmten Ehrlichkeit. Sie f\u00fchren<br \/>\nauf die Dramatik hin, die in den Bildern ihren Ausdruck findet: &#8218;Seid guter<br \/>\nDinge und rechnet mit dem Schlimmsten. \u2013 Wir sind guter Dinge und rechnen mit<br \/>\ndem Schlimmsten. Aber es kommt viel, viel schlimmer.&#8216;<\/p>","protected":false},"excerpt":{"rendered":"<p>Einen Bildband in dieser Vielfalt hat noch kein Extremkletterer vor ihm ver\u00f6ffentlicht. Davon ist Stefan Glowacz \u00fcberzeugt. Auf 240 Seiten erz\u00e4hlt das Werk &#8218;Stefan Glowacz \u2013 Expeditionen&#8216; seine Geschichte in Bildern. Es ist jener Teil seines Lebens, der ihn gepr\u00e4gt hat und pr\u00e4gen wird: das Erforschen unbekannter Gegenden und Gipfel. 180 Bilder entf\u00fchren den Betrachter [&#8230;]\n","protected":false},"featured_media":35761,"template":"","meta":[],"product_brand":[],"product_cat":[21542],"product_tag":[],"class_list":{"0":"post-154269","1":"product","2":"type-product","3":"status-publish","4":"has-post-thumbnail","6":"product_cat-sachbuecher-dokumentationen","7":"pa_autor-glowacz","8":"pa_erscheinungsjahr-21610","9":"pa_region-deutschland","10":"pa_sprache-de","12":"first","13":"outofstock","14":"taxable","15":"shipping-taxable","16":"purchasable","17":"product-type-simple"},"_links":{"self":[{"href":"https:\/\/pizbube.ch\/en\/wp-json\/wp\/v2\/product\/154269","targetHints":{"allow":["GET"]}}],"collection":[{"href":"https:\/\/pizbube.ch\/en\/wp-json\/wp\/v2\/product"}],"about":[{"href":"https:\/\/pizbube.ch\/en\/wp-json\/wp\/v2\/types\/product"}],"wp:featuredmedia":[{"embeddable":true,"href":"https:\/\/pizbube.ch\/en\/wp-json\/wp\/v2\/media\/35761"}],"wp:attachment":[{"href":"https:\/\/pizbube.ch\/en\/wp-json\/wp\/v2\/media?parent=154269"}],"wp:term":[{"taxonomy":"product_brand","embeddable":true,"href":"https:\/\/pizbube.ch\/en\/wp-json\/wp\/v2\/product_brand?post=154269"},{"taxonomy":"product_cat","embeddable":true,"href":"https:\/\/pizbube.ch\/en\/wp-json\/wp\/v2\/product_cat?post=154269"},{"taxonomy":"product_tag","embeddable":true,"href":"https:\/\/pizbube.ch\/en\/wp-json\/wp\/v2\/product_tag?post=154269"}],"curies":[{"name":"wp","href":"https:\/\/api.w.org\/{rel}","templated":true}]}}