{"id":154271,"date":"2021-01-15T14:25:59","date_gmt":"2021-01-15T14:25:59","guid":{"rendered":"https:\/\/codengine3.ch\/?product=import-placeholder-for-206683"},"modified":"2026-04-08T12:20:17","modified_gmt":"2026-04-08T10:20:17","slug":"il-top-del-trekking-in-sardegna","status":"publish","type":"product","link":"https:\/\/pizbube.ch\/en\/shop\/il-top-del-trekking-in-sardegna\/","title":{"rendered":"Il Top del trekking in Sardegna"},"content":{"rendered":"<p>Il Top del trekking in Sardegna raccoglie e descrive una super selezione dei<br \/>\npi\u00f9 selvaggi e affascinanti itinerari escursionistici dell\u2019Isola.<\/p>\n<p>Nel volume (19&#215;25 copertina rigida) sono descritti 20 itinerari (&#171;solo&#187; 20,<br \/>\nma superselezionati!) che descrivono complessivamente 32 giornate di trekking.<br \/>\nInfatti nella sezione centrale vengono descritti gli itinerari di lunga<br \/>\npercorrenza, cio\u00e8 i trek di pi\u00f9 giorni (alcuni dei quali gi\u00e0 pubblicati in<br \/>\naltre guide, altri inediti).<br \/>\nTra le novit\u00e0 inedite c&#8217;\u00e8 la parte dedicata alle vie ferrate e ai percorsi di<br \/>\ncresta (EEA).<\/p>\n<p>L\u2019autore, Corrado Conca, \u00e8 guida escursionistica e ha gi\u00e0 pubblicato numerose<br \/>\nguide di arrampicata, canyoning e trekking<\/p>","protected":false},"excerpt":{"rendered":"<p>Il Top del trekking in Sardegna raccoglie e descrive una super selezione dei pi\u00f9 selvaggi e affascinanti itinerari escursionistici dell\u2019Isola. Nel volume (19&#215;25 copertina rigida) sono descritti 20 itinerari (&#171;solo&#187; 20, ma superselezionati!) che descrivono complessivamente 32 giornate di trekking. Infatti nella sezione centrale vengono descritti gli itinerari di lunga percorrenza, cio\u00e8 i trek di [&#8230;]\n","protected":false},"featured_media":35838,"template":"","meta":[],"product_brand":[],"product_cat":[21605],"product_tag":[],"class_list":{"0":"post-154271","1":"product","2":"type-product","3":"status-publish","4":"has-post-thumbnail","6":"product_cat-wanderfuehrer-trekking","7":"pa_autor-conca","8":"pa_erscheinungsjahr-21550","9":"pa_region-italien","10":"pa_sprache-it","12":"first","13":"outofstock","14":"taxable","15":"shipping-taxable","16":"purchasable","17":"product-type-simple"},"_links":{"self":[{"href":"https:\/\/pizbube.ch\/en\/wp-json\/wp\/v2\/product\/154271","targetHints":{"allow":["GET"]}}],"collection":[{"href":"https:\/\/pizbube.ch\/en\/wp-json\/wp\/v2\/product"}],"about":[{"href":"https:\/\/pizbube.ch\/en\/wp-json\/wp\/v2\/types\/product"}],"wp:featuredmedia":[{"embeddable":true,"href":"https:\/\/pizbube.ch\/en\/wp-json\/wp\/v2\/media\/35838"}],"wp:attachment":[{"href":"https:\/\/pizbube.ch\/en\/wp-json\/wp\/v2\/media?parent=154271"}],"wp:term":[{"taxonomy":"product_brand","embeddable":true,"href":"https:\/\/pizbube.ch\/en\/wp-json\/wp\/v2\/product_brand?post=154271"},{"taxonomy":"product_cat","embeddable":true,"href":"https:\/\/pizbube.ch\/en\/wp-json\/wp\/v2\/product_cat?post=154271"},{"taxonomy":"product_tag","embeddable":true,"href":"https:\/\/pizbube.ch\/en\/wp-json\/wp\/v2\/product_tag?post=154271"}],"curies":[{"name":"wp","href":"https:\/\/api.w.org\/{rel}","templated":true}]}}