{"id":154272,"date":"2021-01-15T14:26:00","date_gmt":"2021-01-15T14:26:00","guid":{"rendered":"https:\/\/codengine3.ch\/?product=import-placeholder-for-206124"},"modified":"2021-01-15T14:46:32","modified_gmt":"2021-01-15T14:46:32","slug":"rad-und-mountainbike-fuehrer-suedtirol","status":"publish","type":"product","link":"https:\/\/pizbube.ch\/en\/shop\/rad-und-mountainbike-fuehrer-suedtirol\/","title":{"rendered":"Rad- und Mountainbike-F\u00fchrer S\u00fcdtirol"},"content":{"rendered":"<p>Radwege und Mountainbike-Touren  <\/p>\n<p>14 Touren der italienischen Mountainbike-Schule und 6 Radtouren:<br \/>\nHier sind die sch\u00f6nsten Radtouren und MTB Touren zu finden. S\u00e4mtliche im<br \/>\nGebiet bekannten Radwege und die empfehlenswerten Routen sind in den KOMPASS-<br \/>\nRadkarten verzeichnet. Alle Stra\u00dfenklassen sind ber\u00fccksichtigt, Fahrradverleih<br \/>\nund Servicestellen d\u00fcrfen nat\u00fcrlich nicht fehlen. Auch f\u00fcr Sehensw\u00fcrdigkeiten<br \/>\nund Entspannung entlang der Route bleibt Platz: Schl\u00f6sser, Kirchen, Museen,<br \/>\nB\u00e4der, Golfpl\u00e4tze, Wildparks etc.  <\/p>","protected":false},"excerpt":{"rendered":"<p>Radwege und Mountainbike-Touren 14 Touren der italienischen Mountainbike-Schule und 6 Radtouren: Hier sind die sch\u00f6nsten Radtouren und MTB Touren zu finden. S\u00e4mtliche im Gebiet bekannten Radwege und die empfehlenswerten Routen sind in den KOMPASS- Radkarten verzeichnet. Alle Stra\u00dfenklassen sind ber\u00fccksichtigt, Fahrradverleih und Servicestellen d\u00fcrfen nat\u00fcrlich nicht fehlen. Auch f\u00fcr Sehensw\u00fcrdigkeiten und Entspannung entlang der Route [&#8230;]\n","protected":false},"featured_media":35047,"template":"","meta":[],"product_brand":[],"product_cat":[21606],"product_tag":[],"class_list":{"0":"post-154272","1":"product","2":"type-product","3":"status-publish","4":"has-post-thumbnail","6":"product_cat-mountainbikefuehrer","7":"pa_autor-delama","8":"pa_erscheinungsjahr-21842","9":"pa_region-italien","10":"pa_sprache-de","12":"first","13":"instock","14":"taxable","15":"shipping-taxable","16":"purchasable","17":"product-type-simple"},"_links":{"self":[{"href":"https:\/\/pizbube.ch\/en\/wp-json\/wp\/v2\/product\/154272","targetHints":{"allow":["GET"]}}],"collection":[{"href":"https:\/\/pizbube.ch\/en\/wp-json\/wp\/v2\/product"}],"about":[{"href":"https:\/\/pizbube.ch\/en\/wp-json\/wp\/v2\/types\/product"}],"wp:featuredmedia":[{"embeddable":true,"href":"https:\/\/pizbube.ch\/en\/wp-json\/wp\/v2\/media\/35047"}],"wp:attachment":[{"href":"https:\/\/pizbube.ch\/en\/wp-json\/wp\/v2\/media?parent=154272"}],"wp:term":[{"taxonomy":"product_brand","embeddable":true,"href":"https:\/\/pizbube.ch\/en\/wp-json\/wp\/v2\/product_brand?post=154272"},{"taxonomy":"product_cat","embeddable":true,"href":"https:\/\/pizbube.ch\/en\/wp-json\/wp\/v2\/product_cat?post=154272"},{"taxonomy":"product_tag","embeddable":true,"href":"https:\/\/pizbube.ch\/en\/wp-json\/wp\/v2\/product_tag?post=154272"}],"curies":[{"name":"wp","href":"https:\/\/api.w.org\/{rel}","templated":true}]}}