{"id":154273,"date":"2021-01-15T14:26:00","date_gmt":"2021-01-15T14:26:00","guid":{"rendered":"https:\/\/codengine3.ch\/?product=import-placeholder-for-208292"},"modified":"2021-01-15T17:52:22","modified_gmt":"2021-01-15T17:52:22","slug":"bergsteiger-special-20-trentino","status":"publish","type":"product","link":"https:\/\/pizbube.ch\/en\/shop\/bergsteiger-special-20-trentino\/","title":{"rendered":"BERGSTEIGER Special 20: Trentino"},"content":{"rendered":"<p>Imposante Bergwelt \u0096 vereint mit mediterraner Leichtigkeit<br \/>\nHier vereint sich die mediterrane Leichtigkeit Italiens mit dem Reichtum<br \/>\nalpiner Natur: Das Trentino ist ein Landstrich der Vielfalt. Wanderberge und<br \/>\nKlettergipfel, liebliche T\u00e4ler und t\u00fcrkisfarbene Seen r\u00fchren am Herz des<br \/>\nNaturliebhabers. So lassen sich die Vajolet-T\u00fcrme des Rosengarten im<br \/>\nWeltnaturerbe Dolomiten kaum vergleichen mit den Weinbergen des Valle dei<br \/>\nLaghi oder den vergletscherten Gipfeln im Naturpark Adamello-Presanella. Ganz<br \/>\nim S\u00fcden schlie\u00dflich lockt der Gardasee als Biker- und Outdoor-Paradies. Mit<br \/>\nallen Infos \u00fcber die Trentiner Bergwelt und mehr als 100 Tourentipps<br \/>\n116 Seiten, ca. 500 Abbildungen, Format 21,0 x 28,0 cm, Klebebindung<\/p>","protected":false},"excerpt":{"rendered":"<p>Imposante Bergwelt \u0096 vereint mit mediterraner Leichtigkeit Hier vereint sich die mediterrane Leichtigkeit Italiens mit dem Reichtum alpiner Natur: Das Trentino ist ein Landstrich der Vielfalt. Wanderberge und Klettergipfel, liebliche T\u00e4ler und t\u00fcrkisfarbene Seen r\u00fchren am Herz des Naturliebhabers. So lassen sich die Vajolet-T\u00fcrme des Rosengarten im Weltnaturerbe Dolomiten kaum vergleichen mit den Weinbergen des [&#8230;]\n","protected":false},"featured_media":39890,"template":"","meta":[],"product_brand":[],"product_cat":[21541],"product_tag":[],"class_list":{"0":"post-154273","1":"product","2":"type-product","3":"status-publish","4":"has-post-thumbnail","6":"product_cat-zeitschriften","7":"pa_autor-bruckmann","8":"pa_erscheinungsjahr-21550","9":"pa_region-italien","10":"pa_sprache-de","12":"first","13":"instock","14":"taxable","15":"shipping-taxable","16":"purchasable","17":"product-type-simple"},"_links":{"self":[{"href":"https:\/\/pizbube.ch\/en\/wp-json\/wp\/v2\/product\/154273","targetHints":{"allow":["GET"]}}],"collection":[{"href":"https:\/\/pizbube.ch\/en\/wp-json\/wp\/v2\/product"}],"about":[{"href":"https:\/\/pizbube.ch\/en\/wp-json\/wp\/v2\/types\/product"}],"wp:featuredmedia":[{"embeddable":true,"href":"https:\/\/pizbube.ch\/en\/wp-json\/wp\/v2\/media\/39890"}],"wp:attachment":[{"href":"https:\/\/pizbube.ch\/en\/wp-json\/wp\/v2\/media?parent=154273"}],"wp:term":[{"taxonomy":"product_brand","embeddable":true,"href":"https:\/\/pizbube.ch\/en\/wp-json\/wp\/v2\/product_brand?post=154273"},{"taxonomy":"product_cat","embeddable":true,"href":"https:\/\/pizbube.ch\/en\/wp-json\/wp\/v2\/product_cat?post=154273"},{"taxonomy":"product_tag","embeddable":true,"href":"https:\/\/pizbube.ch\/en\/wp-json\/wp\/v2\/product_tag?post=154273"}],"curies":[{"name":"wp","href":"https:\/\/api.w.org\/{rel}","templated":true}]}}