{"id":154278,"date":"2021-01-15T14:26:16","date_gmt":"2021-01-15T14:26:16","guid":{"rendered":"https:\/\/codengine3.ch\/?product=import-placeholder-for-204263"},"modified":"2021-01-15T14:31:26","modified_gmt":"2021-01-15T14:31:26","slug":"henriette-dangeville","status":"publish","type":"product","link":"https:\/\/pizbube.ch\/en\/shop\/henriette-dangeville\/","title":{"rendered":"Henriette d&#8217;Angeville"},"content":{"rendered":"<p>La dame du Mont &#8211; Blanc. Apr\u00e8s Marie Paradis qui, de son propre aveu, fut<br \/>\ntra\u00een\u00e9e, tir\u00e9e, port\u00e9e par les guides, Henriette d&#8217;Angeville est la premi\u00e8re<br \/>\nfemme alpiniste.<br \/>\nUne femme au sommet du Mont-Blanc en 1838?<br \/>\nElle s&#8217;entra\u00eene, s&#8217;habille comme un clown pour grimper, pr\u00e9pare son ascension,<br \/>\net constitue sa caravane. Il fallait oser mettre ainsi en pi\u00e8ce l&#8217;image<br \/>\nromantique de la femme fragile et timor\u00e9e, et devenir une lionne, une figure<br \/>\ntr\u00e8s pris\u00e9e pour son audace et sa libert\u00e9 d&#8217;esprit, dans les salons parisiens<br \/>\n!<br \/>\nColette Cosnier, qui consacre ses recherches aux femmes du XIX \u00e8me si\u00e8cle, ne<br \/>\npouvait pas, apr\u00e8s Les quatre montagnes de George Sand, ignorer cette autre<br \/>\npionni\u00e8re. Lui laissant la parole le plus souvent possible, elle a<br \/>\nreconstitu\u00e9, \u00e0 travers son journal, la vie de ce personnage qui pr\u00e9figure la<br \/>\nfemme moderne.  <\/p>","protected":false},"excerpt":{"rendered":"<p>La dame du Mont &#8211; Blanc. Apr\u00e8s Marie Paradis qui, de son propre aveu, fut tra\u00een\u00e9e, tir\u00e9e, port\u00e9e par les guides, Henriette d&#8217;Angeville est la premi\u00e8re femme alpiniste. Une femme au sommet du Mont-Blanc en 1838? Elle s&#8217;entra\u00eene, s&#8217;habille comme un clown pour grimper, pr\u00e9pare son ascension, et constitue sa caravane. Il fallait oser mettre [&#8230;]\n","protected":false},"featured_media":32080,"template":"","meta":[],"product_brand":[],"product_cat":[21542],"product_tag":[],"class_list":{"0":"post-154278","1":"product","2":"type-product","3":"status-publish","4":"has-post-thumbnail","6":"product_cat-sachbuecher-dokumentationen","7":"pa_autor-cosnier","8":"pa_erscheinungsjahr-21763","9":"pa_region-frankreich","10":"pa_sprache-fr","12":"first","13":"instock","14":"taxable","15":"shipping-taxable","16":"purchasable","17":"product-type-simple"},"_links":{"self":[{"href":"https:\/\/pizbube.ch\/en\/wp-json\/wp\/v2\/product\/154278","targetHints":{"allow":["GET"]}}],"collection":[{"href":"https:\/\/pizbube.ch\/en\/wp-json\/wp\/v2\/product"}],"about":[{"href":"https:\/\/pizbube.ch\/en\/wp-json\/wp\/v2\/types\/product"}],"wp:featuredmedia":[{"embeddable":true,"href":"https:\/\/pizbube.ch\/en\/wp-json\/wp\/v2\/media\/32080"}],"wp:attachment":[{"href":"https:\/\/pizbube.ch\/en\/wp-json\/wp\/v2\/media?parent=154278"}],"wp:term":[{"taxonomy":"product_brand","embeddable":true,"href":"https:\/\/pizbube.ch\/en\/wp-json\/wp\/v2\/product_brand?post=154278"},{"taxonomy":"product_cat","embeddable":true,"href":"https:\/\/pizbube.ch\/en\/wp-json\/wp\/v2\/product_cat?post=154278"},{"taxonomy":"product_tag","embeddable":true,"href":"https:\/\/pizbube.ch\/en\/wp-json\/wp\/v2\/product_tag?post=154278"}],"curies":[{"name":"wp","href":"https:\/\/api.w.org\/{rel}","templated":true}]}}