{"id":154279,"date":"2021-01-15T14:26:17","date_gmt":"2021-01-15T14:26:17","guid":{"rendered":"https:\/\/codengine3.ch\/?product=import-placeholder-for-204440"},"modified":"2021-01-15T14:33:12","modified_gmt":"2021-01-15T14:33:12","slug":"jean-marc-boivin-extremement-votre-dvd","status":"publish","type":"product","link":"https:\/\/pizbube.ch\/en\/shop\/jean-marc-boivin-extremement-votre-dvd\/","title":{"rendered":"Jean-Marc BOIVIN Extremement votre DVD"},"content":{"rendered":"<p>Cet &#8218;aventurier des temps modernes&#8216; avait une devise : &#8218;pour vivre, il faut<br \/>\nrisquer&#8216;. Il s&#8217;\u00e9tait choisi les \u00e9l\u00e9ments naturels comme terrain de jeu : la<br \/>\nneige, le granite, l&#8217;air, l&#8217;eau, la for\u00eat, la mer, les glaciers \u00e9taient sa<br \/>\nplan\u00e8te.<br \/>\nDans sa qu\u00eate d&#8217;extr\u00eame et de d\u00e9couvertes, Jean-Marc Boivin est tour \u00e0 tour<br \/>\nalpiniste, skieur, deltiste, explorateur, parapentiste, marin, sp\u00e9l\u00e9ologue ou<br \/>\nbase-jumper.  <\/p>\n<p>Il aimait explorer les &#8218;terra incognita&#8216; et jouer avec les limites du<br \/>\npossible.<br \/>\nCe cr\u00e9ateur d&#8217;aventures \u00e9tait devenu un personnage de r\u00e9f\u00e9rence gr\u00e2ce \u00e0 ses<br \/>\nexploits et performances tout azimut dans les ann\u00e9es 80.<br \/>\nSa &#8218;carri\u00e8re&#8216; &#8211; le mot est si faible &#8211; , Jean-Marc, un jour, a accept\u00e9 d&#8217;en<br \/>\nraconter les moments les plus fort \u00e0 son p\u00e8re. Le magn\u00e9tophone paternel a tout<br \/>\nenregistr\u00e9, les bonheurs et les doutes, les \u00e9motions et les difficult\u00e9s.<\/p>\n<p>Ces entretiens r\u00e9alis\u00e9s dans l&#8217;intimit\u00e9 familiale quelques mois avant la<br \/>\ndisparition accidentelle de Jean-Marc au Salto del Angel au V\u00e9n\u00e9zuela en<br \/>\nf\u00e9vrier 1990, ont servi de trame narrative au documentaire &#8218;Extr\u00eamement<br \/>\nv\u00f4tre&#8216;. DVD 52 min.<\/p>","protected":false},"excerpt":{"rendered":"<p>Cet &#8218;aventurier des temps modernes&#8216; avait une devise : &#8218;pour vivre, il faut risquer&#8216;. Il s&#8217;\u00e9tait choisi les \u00e9l\u00e9ments naturels comme terrain de jeu : la neige, le granite, l&#8217;air, l&#8217;eau, la for\u00eat, la mer, les glaciers \u00e9taient sa plan\u00e8te. Dans sa qu\u00eate d&#8217;extr\u00eame et de d\u00e9couvertes, Jean-Marc Boivin est tour \u00e0 tour alpiniste, skieur, [&#8230;]\n","protected":false},"featured_media":32311,"template":"","meta":[],"product_brand":[],"product_cat":[21628],"product_tag":[],"class_list":{"0":"post-154279","1":"product","2":"type-product","3":"status-publish","4":"has-post-thumbnail","6":"product_cat-video-dvd-multimedia","7":"pa_autor-chappaz","8":"pa_erscheinungsjahr-21842","9":"pa_region-frankreich","10":"pa_sprache-fr","12":"first","13":"instock","14":"taxable","15":"shipping-taxable","16":"purchasable","17":"product-type-simple"},"_links":{"self":[{"href":"https:\/\/pizbube.ch\/en\/wp-json\/wp\/v2\/product\/154279","targetHints":{"allow":["GET"]}}],"collection":[{"href":"https:\/\/pizbube.ch\/en\/wp-json\/wp\/v2\/product"}],"about":[{"href":"https:\/\/pizbube.ch\/en\/wp-json\/wp\/v2\/types\/product"}],"wp:featuredmedia":[{"embeddable":true,"href":"https:\/\/pizbube.ch\/en\/wp-json\/wp\/v2\/media\/32311"}],"wp:attachment":[{"href":"https:\/\/pizbube.ch\/en\/wp-json\/wp\/v2\/media?parent=154279"}],"wp:term":[{"taxonomy":"product_brand","embeddable":true,"href":"https:\/\/pizbube.ch\/en\/wp-json\/wp\/v2\/product_brand?post=154279"},{"taxonomy":"product_cat","embeddable":true,"href":"https:\/\/pizbube.ch\/en\/wp-json\/wp\/v2\/product_cat?post=154279"},{"taxonomy":"product_tag","embeddable":true,"href":"https:\/\/pizbube.ch\/en\/wp-json\/wp\/v2\/product_tag?post=154279"}],"curies":[{"name":"wp","href":"https:\/\/api.w.org\/{rel}","templated":true}]}}