{"id":154280,"date":"2021-01-15T14:26:23","date_gmt":"2021-01-15T14:26:23","guid":{"rendered":"https:\/\/codengine3.ch\/?product=import-placeholder-for-207891"},"modified":"2021-01-15T16:59:45","modified_gmt":"2021-01-15T16:59:45","slug":"swiss-wilderness","status":"publish","type":"product","link":"https:\/\/pizbube.ch\/en\/shop\/swiss-wilderness\/","title":{"rendered":"Swiss Wilderness"},"content":{"rendered":"<p>Bizarre Gesteinsformationen, wild wuchernder Urwald, arktische Eisschollen &#8211;<br \/>\ndass die Schweiz nicht nur Alpenidyll und Schneeberge zu bieten hat,<br \/>\ndemonstrieren eindr\u00fccklich die Fotografien von Max Schmid. Sie zeigen die<br \/>\nwilde Seite der Schweiz, die ungez\u00e4hmte Natur in ihrer ganzen Kraft und Macht.<br \/>\nMan w\u00e4hnt sich in Australien, Gr\u00f6nland oder an einem uner forschten Flecken<br \/>\nErde, der von den Menschen vergessen wurde.<br \/>\nErhaben, \u00f6de, \u00fcppig, farbenpr\u00e4chtig, romantisch oder sogar apokalyptisch &#8211; wie<br \/>\nungeahnt facettenreich die Schweizer Landschaften sein k\u00f6nnen, davon erz\u00e4hlen<br \/>\ndie Bilder dieses Buches.<\/p>\n<p>Stunning photographs of untouched native Swiss landscapes<br \/>\nStrange stone formations, overgrown primeval forests, arctic ice floes \u2013 Max<br \/>\nSchmid\u2019s photographs bear witness to the fact that Switzerland is not just a<br \/>\nland of Alpine idylls and snowy mountains. These pictures show the wild side<br \/>\nof Switzerland, untamed nature in all its dramatic power. One might be in<br \/>\nAustralia, Greenland or some other unexplored area of the planet forgotten by<br \/>\nhumans. Sublime, bare, lush, colorful, romantic or even apocalyptic \u2013 Schmid\u2019s<br \/>\nimages prove just how incredibly diverse Swiss landscape can be.<\/p>","protected":false},"excerpt":{"rendered":"<p>Bizarre Gesteinsformationen, wild wuchernder Urwald, arktische Eisschollen &#8211; dass die Schweiz nicht nur Alpenidyll und Schneeberge zu bieten hat, demonstrieren eindr\u00fccklich die Fotografien von Max Schmid. Sie zeigen die wilde Seite der Schweiz, die ungez\u00e4hmte Natur in ihrer ganzen Kraft und Macht. Man w\u00e4hnt sich in Australien, Gr\u00f6nland oder an einem uner forschten Flecken Erde, [&#8230;]\n","protected":false},"featured_media":38749,"template":"","meta":[],"product_brand":[],"product_cat":[21580],"product_tag":[],"class_list":{"0":"post-154280","1":"product","2":"type-product","3":"status-publish","4":"has-post-thumbnail","6":"product_cat-kunst-kultur","7":"pa_autor-schmid","8":"pa_erscheinungsjahr-21621","9":"pa_region-schweiz","10":"pa_sprache-de-en","12":"first","13":"instock","14":"taxable","15":"shipping-taxable","16":"purchasable","17":"product-type-simple"},"_links":{"self":[{"href":"https:\/\/pizbube.ch\/en\/wp-json\/wp\/v2\/product\/154280","targetHints":{"allow":["GET"]}}],"collection":[{"href":"https:\/\/pizbube.ch\/en\/wp-json\/wp\/v2\/product"}],"about":[{"href":"https:\/\/pizbube.ch\/en\/wp-json\/wp\/v2\/types\/product"}],"wp:featuredmedia":[{"embeddable":true,"href":"https:\/\/pizbube.ch\/en\/wp-json\/wp\/v2\/media\/38749"}],"wp:attachment":[{"href":"https:\/\/pizbube.ch\/en\/wp-json\/wp\/v2\/media?parent=154280"}],"wp:term":[{"taxonomy":"product_brand","embeddable":true,"href":"https:\/\/pizbube.ch\/en\/wp-json\/wp\/v2\/product_brand?post=154280"},{"taxonomy":"product_cat","embeddable":true,"href":"https:\/\/pizbube.ch\/en\/wp-json\/wp\/v2\/product_cat?post=154280"},{"taxonomy":"product_tag","embeddable":true,"href":"https:\/\/pizbube.ch\/en\/wp-json\/wp\/v2\/product_tag?post=154280"}],"curies":[{"name":"wp","href":"https:\/\/api.w.org\/{rel}","templated":true}]}}