{"id":154283,"date":"2021-01-15T14:26:30","date_gmt":"2021-01-15T14:26:30","guid":{"rendered":"https:\/\/codengine3.ch\/?product=import-placeholder-for-208611"},"modified":"2026-04-10T11:33:54","modified_gmt":"2026-04-10T09:33:54","slug":"felstouren-im-ii-und-iii-grad-46-routen-zwischen-salzburg-und-oberstdorf","status":"publish","type":"product","link":"https:\/\/pizbube.ch\/en\/shop\/felstouren-im-ii-und-iii-grad-46-routen-zwischen-salzburg-und-oberstdorf\/","title":{"rendered":"Felstouren im II. und III. Grad &#8211; 46 Routen im leichten Fels \u2013 Bayerische Alpen und Nordtirol"},"content":{"rendered":"<p>Bayerische Alpen und Nordtirol, zwischen Salzburg und Oberstdorf<\/p>\n<p><span class=\"value\">Felskontakt, einfache Kletterei, ausgesetztes Gel\u00e4nde und selbst\u00e4ndige Orientierung ohne Wegmarkierungen \u2013 f\u00fcr wen diese Merkmale zu einer erlebnisreichen Bergtour dazugeh\u00f6ren, der findet in dem Rother Selection Band \u00bbFelstouren im II. und III. Grad\u00ab eine gro\u00dfe Auswahl fantastischer Touren. Diese sorgf\u00e4ltig ausgew\u00e4hlten, anspruchsvollen Klettertouren im leichten Fels liefern ein einzigartiges bergsteigerisches Erlebnis.<\/span><\/p>\n<p><span class=\"value\">Insgesamt 45 Touren stellt dieser Band vor, viele von ihnen vergessene, einsame Bergtouren. Die Auswahl reicht vom Tennengebirge bei Salzburg bis zu den Allg\u00e4uer Alpen. Ob kurze Kletterausfl\u00fcge im voralpinen Ambiente rund um den Spitzingsee und den Tegernsee oder ausgedehnte Touren im Wetterstein, Karwendel und den wilden Lechtaler Alpen \u2013 f\u00fcr jedes Kletterniveau ist etwas dabei. Es geht \u00fcber ausgesetzte Grate, steile Flanken und auf eindrucksvolle Gipfel wie Sch\u00f6nfeldspitze, Ehrwalder Sonnenspitze, Geiselstein oder Gimpel. Auch herausfordernde Klassiker wie der Jubil\u00e4umsgrat oder der Kleine Waxenstein sind enthalten, ebenso wie spannende Neu- und Wiederentdeckungen.<\/span><\/p>\n<p>Jede Tour ist mit pr\u00e4zisen Routenbeschreibung, aussagekr\u00e4ftigen H\u00f6henprofilen, Karten mit Routenverlauf und zahlreichen Fotos ausgestattet. Eine klare Schwierigkeitsbewertung hilft bei der Planung und Auswahl. Gepr\u00fcfte GPS-Tracks, die zum Download von der Webseite des Rother Verlags bereitstehen, sorgen f\u00fcr eine einfache Orientierung.<\/p>\n<p>Die alpin versierten Autoren teilen wertvolle Tipps zur Tourenplanung, zur optimalen Ausr\u00fcstung und potenziellen Gefahren. Auch die oft gestellte Frage \u201eSichern \u2013 ja oder nein?\u201c wird ausf\u00fchrlich behandelt.<\/p>\n<p>Der Band \u00bbFelstouren im II. und III. Grad\u00ab schlie\u00dft auch eine wichtige L\u00fccke in der alpinen Bibliothek. Denn zu herausfordernd f\u00fcr Wanderf\u00fchrer und zu leicht f\u00fcr Kletterf\u00fchrer, gab es f\u00fcr Klettertouren im leichten Fels bisher kaum Literatur. Dieses Buch liefert nun eine sorgf\u00e4ltig gew\u00e4hlte Auswahl an Klettertouren und sorgt f\u00fcr unvergessliche Abenteuer in den Bergen!<\/p>\n<p>208 Seiten, Tourenk\u00e4rtchen im Ma\u00dfstab 1:50.000, eine \u00dcbersichtskarte GPS-Tracks<br \/>\n5., aktualisierte Auflage 2025<\/p>","protected":false},"excerpt":{"rendered":"<p>Bayerische Alpen und Nordtirol, zwischen Salzburg und Oberstdorf Felskontakt, einfache Kletterei, ausgesetztes Gel\u00e4nde und selbst\u00e4ndige Orientierung ohne Wegmarkierungen \u2013 f\u00fcr wen diese Merkmale zu einer erlebnisreichen Bergtour dazugeh\u00f6ren, der findet in dem Rother Selection Band \u00bbFelstouren im II. und III. Grad\u00ab eine gro\u00dfe Auswahl fantastischer Touren. Diese sorgf\u00e4ltig ausgew\u00e4hlten, anspruchsvollen Klettertouren im leichten Fels liefern [&#8230;]\n","protected":false},"featured_media":183805,"template":"","meta":[],"product_brand":[],"product_cat":[21539],"product_tag":[27712],"class_list":{"0":"post-154283","1":"product","2":"type-product","3":"status-publish","4":"has-post-thumbnail","6":"product_cat-fuehrerliteratur-sportklettern-bouldern","7":"product_tag-felstouren-im-2-und-3-grad","8":"pa_autor-otto-baur","9":"pa_erscheinungsjahr-27415","10":"pa_region-oesterreich","11":"pa_sprache-de","13":"first","14":"instock","15":"taxable","16":"shipping-taxable","17":"purchasable","18":"product-type-simple"},"_links":{"self":[{"href":"https:\/\/pizbube.ch\/en\/wp-json\/wp\/v2\/product\/154283","targetHints":{"allow":["GET"]}}],"collection":[{"href":"https:\/\/pizbube.ch\/en\/wp-json\/wp\/v2\/product"}],"about":[{"href":"https:\/\/pizbube.ch\/en\/wp-json\/wp\/v2\/types\/product"}],"wp:featuredmedia":[{"embeddable":true,"href":"https:\/\/pizbube.ch\/en\/wp-json\/wp\/v2\/media\/183805"}],"wp:attachment":[{"href":"https:\/\/pizbube.ch\/en\/wp-json\/wp\/v2\/media?parent=154283"}],"wp:term":[{"taxonomy":"product_brand","embeddable":true,"href":"https:\/\/pizbube.ch\/en\/wp-json\/wp\/v2\/product_brand?post=154283"},{"taxonomy":"product_cat","embeddable":true,"href":"https:\/\/pizbube.ch\/en\/wp-json\/wp\/v2\/product_cat?post=154283"},{"taxonomy":"product_tag","embeddable":true,"href":"https:\/\/pizbube.ch\/en\/wp-json\/wp\/v2\/product_tag?post=154283"}],"curies":[{"name":"wp","href":"https:\/\/api.w.org\/{rel}","templated":true}]}}