{"id":154285,"date":"2021-01-15T14:26:31","date_gmt":"2021-01-15T14:26:31","guid":{"rendered":"https:\/\/codengine3.ch\/?product=import-placeholder-for-205423"},"modified":"2021-01-15T14:41:08","modified_gmt":"2021-01-15T14:41:08","slug":"the-ecrins-national-park","status":"publish","type":"product","link":"https:\/\/pizbube.ch\/en\/shop\/the-ecrins-national-park\/","title":{"rendered":"The Ecrins National Park"},"content":{"rendered":"<p>A Walker&#8217;s Guide  <\/p>\n<p>Guidebook to walking 70 full- and half-day walks in France&#8217;s largest national<br \/>\npark, the \u00c9crins. The Massif des \u00c9crins is one of the most spectacular regions<br \/>\nin all the Alps. Most of the area is a national park, with summits over 3000m<br \/>\nhigh. Well-marked trails and a network of alpine huts make it accessible to<br \/>\nwalkers.  <\/p>\n<p>Easily reached from Grenoble, the Massif des \u00c9crins is one of the most<br \/>\nspectacular regions in all the Alps. Most of the area is a national park,<br \/>\ncontaining bold mountains hung with glaciers, and more than 100 summits over<br \/>\n3000m high. The park offers a profusion of alpine flowers, and romantic old<br \/>\nvillages and hamlets huddle in the valleys.  <\/p>\n<p>This is mountain country par excellence, but hundreds of kilometres of well-<br \/>\nmarked trails and a network of alpine huts make it accessible to walkers. The<br \/>\nhighest peaks form a block at the very heart of the range, with a diverse<br \/>\nassortment of valleys surrounding or spreading from it &#8211; Vall\u00e9e de la<br \/>\nRomanche, Vall\u00e9e de la Guisane, Vall\u00e9e de la Vallouise, Valgaudemar,<br \/>\nValjouffrey and Vall\u00e9e du V\u00e9n\u00e9on. For this second edition of the guide, Kev<br \/>\nReynolds has chosen the best routes from each of these valley bases.  <\/p>","protected":false},"excerpt":{"rendered":"<p>A Walker&#8217;s Guide Guidebook to walking 70 full- and half-day walks in France&#8217;s largest national park, the \u00c9crins. The Massif des \u00c9crins is one of the most spectacular regions in all the Alps. Most of the area is a national park, with summits over 3000m high. Well-marked trails and a network of alpine huts make [&#8230;]\n","protected":false},"featured_media":34126,"template":"","meta":[],"product_brand":[],"product_cat":[21605],"product_tag":[],"class_list":{"0":"post-154285","1":"product","2":"type-product","3":"status-publish","4":"has-post-thumbnail","6":"product_cat-wanderfuehrer-trekking","7":"pa_autor-reynolds","8":"pa_erscheinungsjahr-21591","9":"pa_region-frankreich","10":"pa_sprache-en","12":"first","13":"outofstock","14":"taxable","15":"shipping-taxable","16":"purchasable","17":"product-type-simple"},"_links":{"self":[{"href":"https:\/\/pizbube.ch\/en\/wp-json\/wp\/v2\/product\/154285","targetHints":{"allow":["GET"]}}],"collection":[{"href":"https:\/\/pizbube.ch\/en\/wp-json\/wp\/v2\/product"}],"about":[{"href":"https:\/\/pizbube.ch\/en\/wp-json\/wp\/v2\/types\/product"}],"wp:featuredmedia":[{"embeddable":true,"href":"https:\/\/pizbube.ch\/en\/wp-json\/wp\/v2\/media\/34126"}],"wp:attachment":[{"href":"https:\/\/pizbube.ch\/en\/wp-json\/wp\/v2\/media?parent=154285"}],"wp:term":[{"taxonomy":"product_brand","embeddable":true,"href":"https:\/\/pizbube.ch\/en\/wp-json\/wp\/v2\/product_brand?post=154285"},{"taxonomy":"product_cat","embeddable":true,"href":"https:\/\/pizbube.ch\/en\/wp-json\/wp\/v2\/product_cat?post=154285"},{"taxonomy":"product_tag","embeddable":true,"href":"https:\/\/pizbube.ch\/en\/wp-json\/wp\/v2\/product_tag?post=154285"}],"curies":[{"name":"wp","href":"https:\/\/api.w.org\/{rel}","templated":true}]}}