{"id":154287,"date":"2021-01-15T14:26:32","date_gmt":"2021-01-15T14:26:32","guid":{"rendered":"https:\/\/codengine3.ch\/?product=import-placeholder-for-203793"},"modified":"2023-09-16T10:15:10","modified_gmt":"2023-09-16T08:15:10","slug":"hayde-dvd","status":"publish","type":"product","link":"https:\/\/pizbube.ch\/en\/shop\/hayde-dvd\/","title":{"rendered":"Hayde! DVD"},"content":{"rendered":"<p>Der Film erz\u00e4hlt die Geschichte von drei K\u00f6lner T\u00fcrken, die w\u00e4hrend eines<br \/>\nBouldertrips ihre Heimat neu entdecken.<br \/>\nGleichzeitig beleuchten sie auch viele Klischees \u00fcber ein Land, das bei uns<br \/>\nnur wenige wirklich kennen.<br \/>\nAbgerundet wird der Film durch mehrere Abstecher in einige der angesagtesten<br \/>\nt\u00fcrkischen Klettergebiete.<\/p>\n<p>Laufzeit: 70 Min. + 45 Min. Bonus; deutsch, t\u00fcrkisch<\/p>","protected":false},"excerpt":{"rendered":"<p>Der Film erz\u00e4hlt die Geschichte von drei K\u00f6lner T\u00fcrken, die w\u00e4hrend eines Bouldertrips ihre Heimat neu entdecken. Gleichzeitig beleuchten sie auch viele Klischees \u00fcber ein Land, das bei uns nur wenige wirklich kennen. Abgerundet wird der Film durch mehrere Abstecher in einige der angesagtesten t\u00fcrkischen Klettergebiete. Laufzeit: 70 Min. + 45 Min. Bonus; deutsch, t\u00fcrkisch<\/p>","protected":false},"featured_media":31477,"template":"","meta":[],"product_brand":[],"product_cat":[21628],"product_tag":[],"class_list":{"0":"post-154287","1":"product","2":"type-product","3":"status-publish","4":"has-post-thumbnail","6":"product_cat-video-dvd-multimedia","7":"pa_autor-blocsyndicate","8":"pa_erscheinungsjahr-21842","9":"pa_region-osteuropa","10":"pa_sprache-de","12":"first","13":"outofstock","14":"taxable","15":"shipping-taxable","16":"purchasable","17":"product-type-simple"},"_links":{"self":[{"href":"https:\/\/pizbube.ch\/en\/wp-json\/wp\/v2\/product\/154287","targetHints":{"allow":["GET"]}}],"collection":[{"href":"https:\/\/pizbube.ch\/en\/wp-json\/wp\/v2\/product"}],"about":[{"href":"https:\/\/pizbube.ch\/en\/wp-json\/wp\/v2\/types\/product"}],"wp:featuredmedia":[{"embeddable":true,"href":"https:\/\/pizbube.ch\/en\/wp-json\/wp\/v2\/media\/31477"}],"wp:attachment":[{"href":"https:\/\/pizbube.ch\/en\/wp-json\/wp\/v2\/media?parent=154287"}],"wp:term":[{"taxonomy":"product_brand","embeddable":true,"href":"https:\/\/pizbube.ch\/en\/wp-json\/wp\/v2\/product_brand?post=154287"},{"taxonomy":"product_cat","embeddable":true,"href":"https:\/\/pizbube.ch\/en\/wp-json\/wp\/v2\/product_cat?post=154287"},{"taxonomy":"product_tag","embeddable":true,"href":"https:\/\/pizbube.ch\/en\/wp-json\/wp\/v2\/product_tag?post=154287"}],"curies":[{"name":"wp","href":"https:\/\/api.w.org\/{rel}","templated":true}]}}