{"id":154288,"date":"2021-01-15T14:26:32","date_gmt":"2021-01-15T14:26:32","guid":{"rendered":"https:\/\/codengine3.ch\/?product=import-placeholder-for-204952"},"modified":"2021-01-15T14:37:30","modified_gmt":"2021-01-15T14:37:30","slug":"kletterrouten-balmflue","status":"publish","type":"product","link":"https:\/\/pizbube.ch\/en\/shop\/kletterrouten-balmflue\/","title":{"rendered":"Kletterrouten Balmflue"},"content":{"rendered":"<p>Kletterf\u00fchrer \u00fcber das Gebiet Balmfluh bei Solothurn mit \u00fcber 50 Neutouren!<br \/>\n(4. \u00fcberarbeitete Auflg. 2010)  <\/p>\n<p>Dieser kleine, \u00fcbersichtliche Kletterf\u00fchrer der Balmflue beschreibt die \u00fcber<br \/>\n30 Routen im Hauptsektor, sowie die neuen Mehrseill\u00e4ngenrouten am ber\u00fchmten<br \/>\nTurm. Fotos mit eingezeichneten Zugangswegen und ein \u00dcbersichtsplan erleichten<br \/>\ndas Finden der Kletterfelsen. Alle n\u00f6tigen Infos und Topos zu den Routen und<br \/>\nein paar spektakul\u00e4re Fotos vervollst\u00e4ndigen das gelungene B\u00fcchlein. Alle<br \/>\nSektore liegen oberhalb 800m, und somit im Herbst h\u00e4ufig oberhalb der<br \/>\nNebelgrenze. 34 Seiten  <\/p>","protected":false},"excerpt":{"rendered":"<p>Kletterf\u00fchrer \u00fcber das Gebiet Balmfluh bei Solothurn mit \u00fcber 50 Neutouren! (4. \u00fcberarbeitete Auflg. 2010) Dieser kleine, \u00fcbersichtliche Kletterf\u00fchrer der Balmflue beschreibt die \u00fcber 30 Routen im Hauptsektor, sowie die neuen Mehrseill\u00e4ngenrouten am ber\u00fchmten Turm. Fotos mit eingezeichneten Zugangswegen und ein \u00dcbersichtsplan erleichten das Finden der Kletterfelsen. Alle n\u00f6tigen Infos und Topos zu den Routen [&#8230;]\n","protected":false},"featured_media":33512,"template":"","meta":[],"product_brand":[],"product_cat":[21539],"product_tag":[],"class_list":{"0":"post-154288","1":"product","2":"type-product","3":"status-publish","4":"has-post-thumbnail","6":"product_cat-fuehrerliteratur-sportklettern-bouldern","7":"pa_autor-kissling","8":"pa_erscheinungsjahr-21830","9":"pa_region-schweiz","10":"pa_sprache-de","12":"first","13":"outofstock","14":"taxable","15":"shipping-taxable","16":"purchasable","17":"product-type-simple"},"_links":{"self":[{"href":"https:\/\/pizbube.ch\/en\/wp-json\/wp\/v2\/product\/154288","targetHints":{"allow":["GET"]}}],"collection":[{"href":"https:\/\/pizbube.ch\/en\/wp-json\/wp\/v2\/product"}],"about":[{"href":"https:\/\/pizbube.ch\/en\/wp-json\/wp\/v2\/types\/product"}],"wp:featuredmedia":[{"embeddable":true,"href":"https:\/\/pizbube.ch\/en\/wp-json\/wp\/v2\/media\/33512"}],"wp:attachment":[{"href":"https:\/\/pizbube.ch\/en\/wp-json\/wp\/v2\/media?parent=154288"}],"wp:term":[{"taxonomy":"product_brand","embeddable":true,"href":"https:\/\/pizbube.ch\/en\/wp-json\/wp\/v2\/product_brand?post=154288"},{"taxonomy":"product_cat","embeddable":true,"href":"https:\/\/pizbube.ch\/en\/wp-json\/wp\/v2\/product_cat?post=154288"},{"taxonomy":"product_tag","embeddable":true,"href":"https:\/\/pizbube.ch\/en\/wp-json\/wp\/v2\/product_tag?post=154288"}],"curies":[{"name":"wp","href":"https:\/\/api.w.org\/{rel}","templated":true}]}}