{"id":154289,"date":"2021-01-15T14:26:32","date_gmt":"2021-01-15T14:26:32","guid":{"rendered":"https:\/\/codengine3.ch\/?product=import-placeholder-for-207896"},"modified":"2021-01-15T16:59:49","modified_gmt":"2021-01-15T16:59:49","slug":"un-desert-vertical-dvd","status":"publish","type":"product","link":"https:\/\/pizbube.ch\/en\/shop\/un-desert-vertical-dvd\/","title":{"rendered":"Un d\u00e9sert vertical (DVD)"},"content":{"rendered":"<p>Daniel Du Lac, grimpeur maintes fois r\u00e9compens\u00e9 pour ses performances en<br \/>\nescalade et en cascade de glace, nous embarque au Mali dans la premi\u00e8re<br \/>\nr\u00e9ussite d&#8217;Harmattan Rod\u00e9o, une voie de 450 m\u00e8tres\u2026<br \/>\nDaniel Du lac quitte le feu des projecteurs pour les parois rocheuses du Mali.<br \/>\nCe voyage est l&#8217;occasion de vivre sa passion avec une autre intensit\u00e9, celle<br \/>\ndu d\u00e9paysement, des impr\u00e9vus et de la rencontre d&#8217;un peuple chaleureux et<br \/>\naccueillant, mais aussi celle de la cord\u00e9e quand on repousse ses limites \u00e0<br \/>\nl&#8217;extr\u00eame.<\/p>\n<p>UN D\u00c9SERT VERTICAL : la d\u00e9couverte au travers de la grimpe de la vie malienne<br \/>\ndans le massif montagneux du haut Gourma. Ambiance mystique de falaises et<br \/>\npaysage exceptionnels dans un contexte saharien. Soleil, chaleur harassante,<br \/>\nsable plein les yeux, l\u2019eau s\u2019\u00e9chappe in\u00e9vitablement du corps\u2026 le Mali \u00e0 de<br \/>\nquoi repousser les meilleurs volont\u00e9s. Cependant, les falaises sont l\u00e0.<br \/>\nD\u00e9mentes et regorgeant de voies \u00e0 ouvrir. Le haut gourma constitue un bassin<br \/>\nd\u2019escalade moderne ou l\u2019on ne peut que saliver malgr\u00e9 cette s\u00e8cheresse.<\/p>\n<p>L\u2019ambiance est aux rencontres et aux d\u00e9couvertes, le tout sur fond d\u2019aventure<br \/>\net de grimpe. Notamment la premi\u00e8re r\u00e9ussite d\u2019 \u00ab Harmattan Rod\u00e9o \u00bb : une voie<br \/>\n\u00e9quip\u00e9e du haut en 97 par une \u00e9quipe d\u2019am\u00e9ricain, 400m de paroi, 13 longueurs<br \/>\nentre 7a et 8a.<\/p>\n<p>Dur\u00e9e du film : 48 mn<br \/>\nFormat : 16\/9 PAL<br \/>\nLangues : Fran\u00e7ais\/Anglais\/Italien\/Espagnol\/Allemand\/Portugais<\/p>","protected":false},"excerpt":{"rendered":"<ul>\n<li><a href=\"https:\/\/youtu.be\/NGlV3RvGA28\" target=\"_blank\" rel=\"noopener\">Video: Trailer A Vertical Desert <\/a><\/li>\n<\/ul>","protected":false},"featured_media":38789,"template":"","meta":[],"product_brand":[],"product_cat":[21628],"product_tag":[],"class_list":{"0":"post-154289","1":"product","2":"type-product","3":"status-publish","4":"has-post-thumbnail","6":"product_cat-video-dvd-multimedia","7":"pa_autor-dulac","8":"pa_erscheinungsjahr-21597","9":"pa_region-afrika","10":"pa_sprache-fr-en-it-es-de","12":"first","13":"instock","14":"taxable","15":"shipping-taxable","16":"purchasable","17":"product-type-simple"},"_links":{"self":[{"href":"https:\/\/pizbube.ch\/en\/wp-json\/wp\/v2\/product\/154289","targetHints":{"allow":["GET"]}}],"collection":[{"href":"https:\/\/pizbube.ch\/en\/wp-json\/wp\/v2\/product"}],"about":[{"href":"https:\/\/pizbube.ch\/en\/wp-json\/wp\/v2\/types\/product"}],"wp:featuredmedia":[{"embeddable":true,"href":"https:\/\/pizbube.ch\/en\/wp-json\/wp\/v2\/media\/38789"}],"wp:attachment":[{"href":"https:\/\/pizbube.ch\/en\/wp-json\/wp\/v2\/media?parent=154289"}],"wp:term":[{"taxonomy":"product_brand","embeddable":true,"href":"https:\/\/pizbube.ch\/en\/wp-json\/wp\/v2\/product_brand?post=154289"},{"taxonomy":"product_cat","embeddable":true,"href":"https:\/\/pizbube.ch\/en\/wp-json\/wp\/v2\/product_cat?post=154289"},{"taxonomy":"product_tag","embeddable":true,"href":"https:\/\/pizbube.ch\/en\/wp-json\/wp\/v2\/product_tag?post=154289"}],"curies":[{"name":"wp","href":"https:\/\/api.w.org\/{rel}","templated":true}]}}