{"id":154293,"date":"2021-01-15T14:26:43","date_gmt":"2021-01-15T14:26:43","guid":{"rendered":"https:\/\/codengine3.ch\/?product=import-placeholder-for-204436"},"modified":"2021-01-15T14:33:11","modified_gmt":"2021-01-15T14:33:11","slug":"topptur-kebnekaise-ahkka-hemavan-mo-i-rana","status":"publish","type":"product","link":"https:\/\/pizbube.ch\/en\/shop\/topptur-kebnekaise-ahkka-hemavan-mo-i-rana\/","title":{"rendered":"TOPPTUR Kebnekaise, \u00c1hkk\u00e1, Hemavan, Mo i Rana"},"content":{"rendered":"<p>Skitouring guidebook of Norway \/Sweden \/ Lappland; with maps and photos\/<br \/>\ninfos. in Svensk language only!  <\/p>\n<p>Lapplands fj\u00e4lltrakter \u00e4r Sveriges mest storslagna naturomr\u00e5de. Ett av de<br \/>\nb\u00e4sta s\u00e4tten att uppt\u00e4cka och utforska det \u00e4r att g\u00e5 toppturer p\u00e5 skidor.<br \/>\nKommer du upp p\u00e5 topparna f\u00e5r du n\u00e4mligen en \u00f6verblick och utsikt som sl\u00e5r<br \/>\nallt annat. Dessutom kan du f\u00e5 en fantastisk skid\u00e5kningsupplevelse n\u00e4r du \u00e5ker<br \/>\nner. I den h\u00e4r boken f\u00e5r du v\u00e4gledning till de b\u00e4sta toppturerna i n\u00e5gra av<br \/>\nLapplands mest l\u00e4ttillg\u00e4ngliga fj\u00e4llomr\u00e5den. Du f\u00e5r ocks\u00e5 veta var det \u00e4r b\u00e4st<br \/>\natt g\u00e5 topptur i en av Norges b\u00e4st bevarade hemligheter, Helgeland. S\u00e5 vill du<br \/>\nveta hur du bestiger Kebnekaise p\u00e5 vintern? Var Sveriges l\u00e4ngsta skid\u00e5k finns?<br \/>\nVilka toppar du kan n\u00e5 fr\u00e5n Hemavans skidliftar? Eller var du kan \u00e5ka skidor<br \/>\n\u00e4nda ner till Atlanten? Svaren hittar du i denna bok, som \u00e4r den andra i<br \/>\nserien Topptur.<\/p>","protected":false},"excerpt":{"rendered":"<p>Skitouring guidebook of Norway \/Sweden \/ Lappland; with maps and photos\/ infos. in Svensk language only! Lapplands fj\u00e4lltrakter \u00e4r Sveriges mest storslagna naturomr\u00e5de. Ett av de b\u00e4sta s\u00e4tten att uppt\u00e4cka och utforska det \u00e4r att g\u00e5 toppturer p\u00e5 skidor. Kommer du upp p\u00e5 topparna f\u00e5r du n\u00e4mligen en \u00f6verblick och utsikt som sl\u00e5r allt annat. [&#8230;]\n","protected":false},"featured_media":32306,"template":"","meta":[],"product_brand":[],"product_cat":[21540],"product_tag":[],"class_list":{"0":"post-154293","1":"product","2":"type-product","3":"status-publish","4":"has-post-thumbnail","6":"product_cat-fuehrerliteratur-alpin-winter","7":"pa_autor-ekenstam-thulin","8":"pa_erscheinungsjahr-21763","9":"pa_region-skandinavien-norwegen-schweden-finnland","10":"pa_sprache-nor","12":"first","13":"outofstock","14":"taxable","15":"shipping-taxable","16":"purchasable","17":"product-type-simple"},"_links":{"self":[{"href":"https:\/\/pizbube.ch\/en\/wp-json\/wp\/v2\/product\/154293","targetHints":{"allow":["GET"]}}],"collection":[{"href":"https:\/\/pizbube.ch\/en\/wp-json\/wp\/v2\/product"}],"about":[{"href":"https:\/\/pizbube.ch\/en\/wp-json\/wp\/v2\/types\/product"}],"wp:featuredmedia":[{"embeddable":true,"href":"https:\/\/pizbube.ch\/en\/wp-json\/wp\/v2\/media\/32306"}],"wp:attachment":[{"href":"https:\/\/pizbube.ch\/en\/wp-json\/wp\/v2\/media?parent=154293"}],"wp:term":[{"taxonomy":"product_brand","embeddable":true,"href":"https:\/\/pizbube.ch\/en\/wp-json\/wp\/v2\/product_brand?post=154293"},{"taxonomy":"product_cat","embeddable":true,"href":"https:\/\/pizbube.ch\/en\/wp-json\/wp\/v2\/product_cat?post=154293"},{"taxonomy":"product_tag","embeddable":true,"href":"https:\/\/pizbube.ch\/en\/wp-json\/wp\/v2\/product_tag?post=154293"}],"curies":[{"name":"wp","href":"https:\/\/api.w.org\/{rel}","templated":true}]}}