{"id":154294,"date":"2021-01-15T14:26:43","date_gmt":"2021-01-15T14:26:43","guid":{"rendered":"https:\/\/codengine3.ch\/?product=import-placeholder-for-204437"},"modified":"2021-01-15T14:33:11","modified_gmt":"2021-01-15T14:33:11","slug":"topptur-narvik-riksgraensen-bjoerkliden-abisko","status":"publish","type":"product","link":"https:\/\/pizbube.ch\/en\/shop\/topptur-narvik-riksgraensen-bjoerkliden-abisko\/","title":{"rendered":"TOPPTUR Narvik, Riksgr\u00e4nsen, Bj\u00f6rkliden, Abisko"},"content":{"rendered":"<p>Skitouring guidebook of Nord Norway \/ Sweden;<br \/>\nwith maps and photos\/ infos.<br \/>\nin Svensk language only!  <\/p>\n<p>Topptur Narvik-Riksgr\u00e4nsen-Bj\u00f6rkliden-Abisko er ei guidebok til de fineste<br \/>\ntoppturerne, p\u00e5 ski, i fjellen kring Narvik. Med eksperttips, utstyrsr\u00e5d,<br \/>\nvebeskrivelse, kartutsnitt og koordinater er det lett \u00e5 planlegge toppturer i<br \/>\nomr\u00e5det med denne boken. B\u00e5de teksten til Mikael af Ekenstam og bildene til<br \/>\nLars Thulin overg\u00e5r det meste vi har sett i andre guideb\u00f8ker.<br \/>\nBoken inneholder beskrivelser av ruter til fjelltopper, breer og andre turm\u00e5l<br \/>\nfor skiturister. For hver tur gis informasjon om anbefalt utrustning, beste<br \/>\nsesong og adkomstvei mm. Har register og kart.<\/p>","protected":false},"excerpt":{"rendered":"<p>Skitouring guidebook of Nord Norway \/ Sweden; with maps and photos\/ infos. in Svensk language only! Topptur Narvik-Riksgr\u00e4nsen-Bj\u00f6rkliden-Abisko er ei guidebok til de fineste toppturerne, p\u00e5 ski, i fjellen kring Narvik. Med eksperttips, utstyrsr\u00e5d, vebeskrivelse, kartutsnitt og koordinater er det lett \u00e5 planlegge toppturer i omr\u00e5det med denne boken. B\u00e5de teksten til Mikael af Ekenstam [&#8230;]\n","protected":false},"featured_media":32307,"template":"","meta":[],"product_brand":[],"product_cat":[21540],"product_tag":[],"class_list":{"0":"post-154294","1":"product","2":"type-product","3":"status-publish","4":"has-post-thumbnail","6":"product_cat-fuehrerliteratur-alpin-winter","7":"pa_autor-ekenstam-thulin","8":"pa_erscheinungsjahr-21920","9":"pa_region-skandinavien-norwegen-schweden-finnland","10":"pa_sprache-svensk","12":"first","13":"outofstock","14":"taxable","15":"shipping-taxable","16":"purchasable","17":"product-type-simple"},"_links":{"self":[{"href":"https:\/\/pizbube.ch\/en\/wp-json\/wp\/v2\/product\/154294","targetHints":{"allow":["GET"]}}],"collection":[{"href":"https:\/\/pizbube.ch\/en\/wp-json\/wp\/v2\/product"}],"about":[{"href":"https:\/\/pizbube.ch\/en\/wp-json\/wp\/v2\/types\/product"}],"wp:featuredmedia":[{"embeddable":true,"href":"https:\/\/pizbube.ch\/en\/wp-json\/wp\/v2\/media\/32307"}],"wp:attachment":[{"href":"https:\/\/pizbube.ch\/en\/wp-json\/wp\/v2\/media?parent=154294"}],"wp:term":[{"taxonomy":"product_brand","embeddable":true,"href":"https:\/\/pizbube.ch\/en\/wp-json\/wp\/v2\/product_brand?post=154294"},{"taxonomy":"product_cat","embeddable":true,"href":"https:\/\/pizbube.ch\/en\/wp-json\/wp\/v2\/product_cat?post=154294"},{"taxonomy":"product_tag","embeddable":true,"href":"https:\/\/pizbube.ch\/en\/wp-json\/wp\/v2\/product_tag?post=154294"}],"curies":[{"name":"wp","href":"https:\/\/api.w.org\/{rel}","templated":true}]}}