{"id":154295,"date":"2021-01-15T14:26:44","date_gmt":"2021-01-15T14:26:44","guid":{"rendered":"https:\/\/codengine3.ch\/?product=import-placeholder-for-205981"},"modified":"2021-01-15T14:45:26","modified_gmt":"2021-01-15T14:45:26","slug":"snow-trail-map-06-toggenburg-1-50-000","status":"publish","type":"product","link":"https:\/\/pizbube.ch\/en\/shop\/snow-trail-map-06-toggenburg-1-50-000\/","title":{"rendered":"Snow Trail Map 06: Toggenburg 1: 50 000"},"content":{"rendered":"<p>Toggenburg; 1:50&#8217;000<br \/>\nReiss- und wasserfeste Schneeschuhkarte. Die Karte enth\u00e4lt die besten<br \/>\nSchneeschuh-Routen, abgestuft in einfache und alpine Strecken. Als Kartenbasis<br \/>\ndienen die Originalkarten von Siwsstopo im Massstab 1:50&#8217;000. Neben den Routen<br \/>\nsind alle Wildruhezonen (Betretungsverbot, ausser auf Korridoren) und<br \/>\nWildschutzzonen (Betretung sollte vermieden werden) eingezeichnet.<br \/>\nHangneigungen \u00fcber 30 Grad sind rot eingef\u00e4rbt.  <\/p>\n<p>R\u00fcckseite:<br \/>\nF\u00fcnf ausf\u00fchrlich beschriebene Touren, visualisert mit einem H\u00f6henprofil und<br \/>\nAngaben zu L\u00e4nge und Wanderzeit.<br \/>\nAusf\u00fchrliche Lawinen-Informationen<br \/>\nWichtige Adressen der Region (\u00dcbernachtungsm\u00f6glichkeiten, Schneeschuh-<br \/>\nVermietungen, Touren-Anbieter und Tourismusb\u00fcros)  <\/p>\n<p>Gebiet:<br \/>\nDie Karte umfasst: Buchs, Wildhaus, Lichtensteig, Appenzell.  <\/p>","protected":false},"excerpt":{"rendered":"<p>Toggenburg; 1:50&#8217;000 Reiss- und wasserfeste Schneeschuhkarte. Die Karte enth\u00e4lt die besten Schneeschuh-Routen, abgestuft in einfache und alpine Strecken. Als Kartenbasis dienen die Originalkarten von Siwsstopo im Massstab 1:50&#8217;000. Neben den Routen sind alle Wildruhezonen (Betretungsverbot, ausser auf Korridoren) und Wildschutzzonen (Betretung sollte vermieden werden) eingezeichnet. Hangneigungen \u00fcber 30 Grad sind rot eingef\u00e4rbt. R\u00fcckseite: F\u00fcnf ausf\u00fchrlich [&#8230;]\n","protected":false},"featured_media":34853,"template":"","meta":[],"product_brand":[],"product_cat":[21543],"product_tag":[],"class_list":{"0":"post-154295","1":"product","2":"type-product","3":"status-publish","4":"has-post-thumbnail","6":"product_cat-landkarten","7":"pa_autor-ssp","8":"pa_erscheinungsjahr-21693","9":"pa_region-schweiz","10":"pa_sprache-de","12":"first","13":"instock","14":"taxable","15":"shipping-taxable","16":"purchasable","17":"product-type-simple"},"_links":{"self":[{"href":"https:\/\/pizbube.ch\/en\/wp-json\/wp\/v2\/product\/154295","targetHints":{"allow":["GET"]}}],"collection":[{"href":"https:\/\/pizbube.ch\/en\/wp-json\/wp\/v2\/product"}],"about":[{"href":"https:\/\/pizbube.ch\/en\/wp-json\/wp\/v2\/types\/product"}],"wp:featuredmedia":[{"embeddable":true,"href":"https:\/\/pizbube.ch\/en\/wp-json\/wp\/v2\/media\/34853"}],"wp:attachment":[{"href":"https:\/\/pizbube.ch\/en\/wp-json\/wp\/v2\/media?parent=154295"}],"wp:term":[{"taxonomy":"product_brand","embeddable":true,"href":"https:\/\/pizbube.ch\/en\/wp-json\/wp\/v2\/product_brand?post=154295"},{"taxonomy":"product_cat","embeddable":true,"href":"https:\/\/pizbube.ch\/en\/wp-json\/wp\/v2\/product_cat?post=154295"},{"taxonomy":"product_tag","embeddable":true,"href":"https:\/\/pizbube.ch\/en\/wp-json\/wp\/v2\/product_tag?post=154295"}],"curies":[{"name":"wp","href":"https:\/\/api.w.org\/{rel}","templated":true}]}}